{"id":1260,"date":"2026-02-26T20:57:24","date_gmt":"2026-02-26T18:57:24","guid":{"rendered":"https:\/\/servcrmpro.online\/startseite\/"},"modified":"2026-02-26T20:57:24","modified_gmt":"2026-02-26T18:57:24","slug":"startseite","status":"publish","type":"page","link":"https:\/\/servcrmpro.online\/de\/","title":{"rendered":"Startseite"},"content":{"rendered":"<div class=\"ag-content-wrapper\">\n<div class=\"ag-hero\">\n<h1>Startseite<\/h1>\n<\/div>\n<div class=\"ag-body\">\n<p><!-- Hero Section --><\/p>\n<div class=\"elementor-section elementor-top-section elementor-section-boxed\" style=\"background-color: #f0f0f0; padding: 100px 20px; text-align: center;\">\n<h1 style=\"color: #333; font-size: 48px;\">Willkommen bei Orgonise Africa<\/h1>\n<h3 style=\"color: #666;\">Seit 2002 bringen wir die Umwelt wieder ins Gleichgewicht<\/h3>\n<p style=\"margin: 20px 0;\"><a class=\"button\" style=\"background-color: #0073aa; color: white; padding: 10px 20px; text-decoration: none; border-radius: 5px;\" href=\"https:\/\/servcrmpro.online\/de\/shop\/\">Orgonit kaufen<\/a><\/p>\n<\/div>\n<p><!-- Featured Products --><\/p>\n<div class=\"elementor-section elementor-top-section elementor-section-boxed\" style=\"padding: 50px 20px;\">\n<h2 style=\"text-align: center;\">Ausgew\u00e4hlte Kollektionen<\/h2>\n<div class=\"woocommerce columns-4 \"><ul class=\"products columns-4\">\n<li class=\"sales-flash-overlay woocommerce-text-align-center woocommerce-image-align-center do-quantity-buttons product type-product post-4527 status-publish first instock product_cat-orgonite-cloudbuster has-post-thumbnail sale taxable shipping-taxable purchasable product-type-simple\">\n\t<a href=\"https:\/\/servcrmpro.online\/de\/produkt\/cb28-booster-de\/\" class=\"woocommerce-LoopProduct-link woocommerce-loop-product__link\">\n\t<span class=\"onsale\">Angebot!<\/span>\n\t<img loading=\"lazy\" decoding=\"async\" width=\"300\" height=\"300\" src=\"https:\/\/servcrmpro.online\/wp-content\/uploads\/2026\/02\/cb28mm_with_booster_hhg_2-1-300x300.jpg\" class=\"attachment-woocommerce_thumbnail size-woocommerce_thumbnail\" alt=\"Cloud Buster 28mm + Booster HHG\" srcset=\"https:\/\/servcrmpro.online\/wp-content\/uploads\/2026\/02\/cb28mm_with_booster_hhg_2-1-300x300.jpg 300w, https:\/\/servcrmpro.online\/wp-content\/uploads\/2026\/02\/cb28mm_with_booster_hhg_2-1-100x100.jpg 100w, https:\/\/servcrmpro.online\/wp-content\/uploads\/2026\/02\/cb28mm_with_booster_hhg_2-1-150x150.jpg 150w\" sizes=\"auto, (max-width: 300px) 100vw, 300px\" \/><h2 class=\"woocommerce-loop-product__title\">Cloud Buster 28mm + Booster HHG<\/h2><div class=\"star-rating\" title=\"Noch nicht bewertet\"><span style=\"width:0%\"><strong class=\"rating\">0<\/strong> von 5<\/span><\/div>\n\t<span class=\"price\"><del aria-hidden=\"true\"><span class=\"woocommerce-Price-amount amount\"><bdi><span class=\"woocommerce-Price-currencySymbol\">&#36;<\/span>28,811,560.24<\/bdi><\/span><\/del> <span class=\"screen-reader-text\">Urspr\u00fcnglicher Preis war: &#036;28,811,560.24<\/span><ins aria-hidden=\"true\"><span class=\"woocommerce-Price-amount amount\"><bdi><span class=\"woocommerce-Price-currencySymbol\">&#36;<\/span>24,489,826.20<\/bdi><\/span><\/ins><span class=\"screen-reader-text\">Aktueller Preis ist: &#036;24,489,826.20.<\/span><\/span>\n<\/a><a href=\"\/de\/wp-json\/wp\/v2\/pages\/1260?add-to-cart=4527\" aria-describedby=\"woocommerce_loop_add_to_cart_link_describedby_4527\" data-quantity=\"1\" class=\"button product_type_simple add_to_cart_button ajax_add_to_cart\" data-product_id=\"4527\" data-product_sku=\"CB28B\" aria-label=\"In den Warenkorb legen: \u201eCloud Buster 28mm + Booster HHG\u201c\" rel=\"nofollow\" data-success_message=\"\u201eCloud Buster 28mm + Booster HHG\u201c wurde deinem Warenkorb hinzugef\u00fcgt\" role=\"button\">In den Warenkorb<\/a>\t<span id=\"woocommerce_loop_add_to_cart_link_describedby_4527\" class=\"screen-reader-text\">\n\t\t\t<\/span>\n<\/li>\n<li class=\"sales-flash-overlay woocommerce-text-align-center woocommerce-image-align-center do-quantity-buttons product type-product post-4524 status-publish instock product_cat-orgonite-cloudbuster has-post-thumbnail sale taxable shipping-taxable purchasable product-type-simple\">\n\t<a href=\"https:\/\/servcrmpro.online\/de\/produkt\/cb-28mm-de\/\" class=\"woocommerce-LoopProduct-link woocommerce-loop-product__link\">\n\t<span class=\"onsale\">Angebot!<\/span>\n\t<img loading=\"lazy\" decoding=\"async\" width=\"300\" height=\"300\" src=\"https:\/\/servcrmpro.online\/wp-content\/uploads\/2026\/02\/cloud-buster-28mm_4-1-300x300.jpg\" class=\"attachment-woocommerce_thumbnail size-woocommerce_thumbnail\" alt=\"Cloud Buster 28mm\" srcset=\"https:\/\/servcrmpro.online\/wp-content\/uploads\/2026\/02\/cloud-buster-28mm_4-1-300x300.jpg 300w, https:\/\/servcrmpro.online\/wp-content\/uploads\/2026\/02\/cloud-buster-28mm_4-1-100x100.jpg 100w, https:\/\/servcrmpro.online\/wp-content\/uploads\/2026\/02\/cloud-buster-28mm_4-1-600x600.jpg 600w, https:\/\/servcrmpro.online\/wp-content\/uploads\/2026\/02\/cloud-buster-28mm_4-1-150x150.jpg 150w, https:\/\/servcrmpro.online\/wp-content\/uploads\/2026\/02\/cloud-buster-28mm_4-1-768x768.jpg 768w, https:\/\/servcrmpro.online\/wp-content\/uploads\/2026\/02\/cloud-buster-28mm_4-1.jpg 999w\" sizes=\"auto, (max-width: 300px) 100vw, 300px\" \/><h2 class=\"woocommerce-loop-product__title\">Cloud Buster 28mm<\/h2><div class=\"star-rating\" title=\"Noch nicht bewertet\"><span style=\"width:0%\"><strong class=\"rating\">0<\/strong> von 5<\/span><\/div>\n\t<span class=\"price\"><del aria-hidden=\"true\"><span class=\"woocommerce-Price-amount amount\"><bdi><span class=\"woocommerce-Price-currencySymbol\">&#36;<\/span>27,082,866.63<\/bdi><\/span><\/del> <span class=\"screen-reader-text\">Urspr\u00fcnglicher Preis war: &#036;27,082,866.63<\/span><ins aria-hidden=\"true\"><span class=\"woocommerce-Price-amount amount\"><bdi><span class=\"woocommerce-Price-currencySymbol\">&#36;<\/span>23,020,436.63<\/bdi><\/span><\/ins><span class=\"screen-reader-text\">Aktueller Preis ist: &#036;23,020,436.63.<\/span><\/span>\n<\/a><a href=\"\/de\/wp-json\/wp\/v2\/pages\/1260?add-to-cart=4524\" aria-describedby=\"woocommerce_loop_add_to_cart_link_describedby_4524\" data-quantity=\"1\" class=\"button product_type_simple add_to_cart_button ajax_add_to_cart\" data-product_id=\"4524\" data-product_sku=\"CB28\" aria-label=\"In den Warenkorb legen: \u201eCloud Buster 28mm\u201c\" rel=\"nofollow\" data-success_message=\"\u201eCloud Buster 28mm\u201c wurde deinem Warenkorb hinzugef\u00fcgt\" role=\"button\">In den Warenkorb<\/a>\t<span id=\"woocommerce_loop_add_to_cart_link_describedby_4524\" class=\"screen-reader-text\">\n\t\t\t<\/span>\n<\/li>\n<li class=\"sales-flash-overlay woocommerce-text-align-center woocommerce-image-align-center do-quantity-buttons product type-product post-4521 status-publish instock product_cat-orgonite-cloudbuster has-post-thumbnail taxable shipping-taxable purchasable product-type-simple\">\n\t<a href=\"https:\/\/servcrmpro.online\/de\/produkt\/cloud-buster-pipes-de\/\" class=\"woocommerce-LoopProduct-link woocommerce-loop-product__link\"><img loading=\"lazy\" decoding=\"async\" width=\"300\" height=\"300\" src=\"https:\/\/servcrmpro.online\/wp-content\/uploads\/2026\/02\/cloud-buster-28mm_4-2-300x300.jpg\" class=\"attachment-woocommerce_thumbnail size-woocommerce_thumbnail\" alt=\"Cloud Buster Pipes\" srcset=\"https:\/\/servcrmpro.online\/wp-content\/uploads\/2026\/02\/cloud-buster-28mm_4-2-300x300.jpg 300w, https:\/\/servcrmpro.online\/wp-content\/uploads\/2026\/02\/cloud-buster-28mm_4-2-150x150.jpg 150w, https:\/\/servcrmpro.online\/wp-content\/uploads\/2026\/02\/cloud-buster-28mm_4-2-768x768.jpg 768w, https:\/\/servcrmpro.online\/wp-content\/uploads\/2026\/02\/cloud-buster-28mm_4-2-600x600.jpg 600w, https:\/\/servcrmpro.online\/wp-content\/uploads\/2026\/02\/cloud-buster-28mm_4-2-100x100.jpg 100w, https:\/\/servcrmpro.online\/wp-content\/uploads\/2026\/02\/cloud-buster-28mm_4-2.jpg 999w\" sizes=\"auto, (max-width: 300px) 100vw, 300px\" \/><h2 class=\"woocommerce-loop-product__title\">Cloud Buster Pipes<\/h2><div class=\"star-rating\" title=\"Noch nicht bewertet\"><span style=\"width:0%\"><strong class=\"rating\">0<\/strong> von 5<\/span><\/div>\n\t<span class=\"price\"><span class=\"woocommerce-Price-amount amount\"><bdi><span class=\"woocommerce-Price-currencySymbol\">&#36;<\/span>17,286,936.14<\/bdi><\/span><\/span>\n<\/a><a href=\"\/de\/wp-json\/wp\/v2\/pages\/1260?add-to-cart=4521\" aria-describedby=\"woocommerce_loop_add_to_cart_link_describedby_4521\" data-quantity=\"1\" class=\"button product_type_simple add_to_cart_button ajax_add_to_cart\" data-product_id=\"4521\" data-product_sku=\"CBP-28\" aria-label=\"In den Warenkorb legen: \u201eCloud Buster Pipes\u201c\" rel=\"nofollow\" data-success_message=\"\u201eCloud Buster Pipes\u201c wurde deinem Warenkorb hinzugef\u00fcgt\" role=\"button\">In den Warenkorb<\/a>\t<span id=\"woocommerce_loop_add_to_cart_link_describedby_4521\" class=\"screen-reader-text\">\n\t\t\t<\/span>\n<\/li>\n<li class=\"sales-flash-overlay woocommerce-text-align-center woocommerce-image-align-center do-quantity-buttons product type-product post-4518 status-publish last instock product_cat-bundles-kits has-post-thumbnail taxable shipping-taxable purchasable product-type-simple\">\n\t<a href=\"https:\/\/servcrmpro.online\/de\/produkt\/miniwand-35mm-complete-bundle-de\/\" class=\"woocommerce-LoopProduct-link woocommerce-loop-product__link\"><img loading=\"lazy\" decoding=\"async\" width=\"300\" height=\"300\" src=\"https:\/\/servcrmpro.online\/wp-content\/uploads\/2026\/02\/35mm_Miniwand_white_w_EU_plug-1-300x300.jpg\" class=\"attachment-woocommerce_thumbnail size-woocommerce_thumbnail\" alt=\"Miniwand 35mm \u2013 Komplettpaket\" srcset=\"https:\/\/servcrmpro.online\/wp-content\/uploads\/2026\/02\/35mm_Miniwand_white_w_EU_plug-1-300x300.jpg 300w, https:\/\/servcrmpro.online\/wp-content\/uploads\/2026\/02\/35mm_Miniwand_white_w_EU_plug-1-100x100.jpg 100w, https:\/\/servcrmpro.online\/wp-content\/uploads\/2026\/02\/35mm_Miniwand_white_w_EU_plug-1-600x600.jpg 600w, https:\/\/servcrmpro.online\/wp-content\/uploads\/2026\/02\/35mm_Miniwand_white_w_EU_plug-1-150x150.jpg 150w, https:\/\/servcrmpro.online\/wp-content\/uploads\/2026\/02\/35mm_Miniwand_white_w_EU_plug-1-768x768.jpg 768w, https:\/\/servcrmpro.online\/wp-content\/uploads\/2026\/02\/35mm_Miniwand_white_w_EU_plug-1.jpg 800w\" sizes=\"auto, (max-width: 300px) 100vw, 300px\" \/><h2 class=\"woocommerce-loop-product__title\">Miniwand 35mm \u2013 Komplettpaket<\/h2><div class=\"star-rating\" title=\"Noch nicht bewertet\"><span style=\"width:0%\"><strong class=\"rating\">0<\/strong> von 5<\/span><\/div>\n\t<span class=\"price\"><span class=\"woocommerce-Price-amount amount\"><bdi><span class=\"woocommerce-Price-currencySymbol\">&#36;<\/span>3,388,239.49<\/bdi><\/span><\/span>\n<\/a><a href=\"\/de\/wp-json\/wp\/v2\/pages\/1260?add-to-cart=4518\" aria-describedby=\"woocommerce_loop_add_to_cart_link_describedby_4518\" data-quantity=\"1\" class=\"button product_type_simple add_to_cart_button ajax_add_to_cart\" data-product_id=\"4518\" data-product_sku=\"\" aria-label=\"In den Warenkorb legen: \u201eMiniwand 35mm \u2013 Komplettpaket\u201c\" rel=\"nofollow\" data-success_message=\"\u201eMiniwand 35mm \u2013 Komplettpaket\u201c wurde deinem Warenkorb hinzugef\u00fcgt\" role=\"button\">In den Warenkorb<\/a>\t<span id=\"woocommerce_loop_add_to_cart_link_describedby_4518\" class=\"screen-reader-text\">\n\t\t\t<\/span>\n<\/li>\n<\/ul>\n<\/div>\n<\/div>\n<p><!-- About Snippet --><\/p>\n<div class=\"elementor-section elementor-top-section elementor-section-boxed\" style=\"padding: 50px 20px; background-color: #fff;\">\n<h2 style=\"text-align: center;\">Unsere Mission<\/h2>\n<p style=\"text-align: center; max-width: 800px; margin: 0 auto;\">Wir setzen uns daf\u00fcr ein, Orgonit-Ger\u00e4te zu vertreiben und Expeditionen zu dokumentieren, um den afrikanischen Kontinent zu heilen.<br \/>\n<a href=\"https:\/\/servcrmpro.online\/?page_id=255\">Lies unsere Geschichte<\/a>.<\/p>\n<\/div>\n<\/div>\n<\/div>\n","protected":false},"excerpt":{"rendered":"<p>Startseite Willkommen bei Orgonise Africa Seit 2002 bringen wir die Umwelt wieder ins Gleichgewicht Orgonit kaufen Ausgew\u00e4hlte Kollektionen Unsere Mission Wir setzen uns daf\u00fcr ein, Orgonit-Ger\u00e4te zu vertreiben und Expeditionen zu dokumentieren, um den afrikanischen Kontinent zu heilen. Lies unsere Geschichte.<\/p>\n","protected":false},"author":2,"featured_media":0,"parent":0,"menu_order":0,"comment_status":"closed","ping_status":"closed","template":"","meta":{"_acf_changed":false,"footnotes":""},"class_list":["post-1260","page","type-page","status-publish"],"acf":[],"_links":{"self":[{"href":"https:\/\/servcrmpro.online\/de\/wp-json\/wp\/v2\/pages\/1260","targetHints":{"allow":["GET"]}}],"collection":[{"href":"https:\/\/servcrmpro.online\/de\/wp-json\/wp\/v2\/pages"}],"about":[{"href":"https:\/\/servcrmpro.online\/de\/wp-json\/wp\/v2\/types\/page"}],"author":[{"embeddable":true,"href":"https:\/\/servcrmpro.online\/de\/wp-json\/wp\/v2\/users\/2"}],"replies":[{"embeddable":true,"href":"https:\/\/servcrmpro.online\/de\/wp-json\/wp\/v2\/comments?post=1260"}],"version-history":[{"count":0,"href":"https:\/\/servcrmpro.online\/de\/wp-json\/wp\/v2\/pages\/1260\/revisions"}],"wp:attachment":[{"href":"https:\/\/servcrmpro.online\/de\/wp-json\/wp\/v2\/media?parent=1260"}],"curies":[{"name":"wp","href":"https:\/\/api.w.org\/{rel}","templated":true}]}}