{"id":6752,"date":"2026-04-21T08:56:26","date_gmt":"2026-04-21T06:56:26","guid":{"rendered":"https:\/\/servcrmpro.online\/offres-speciales\/"},"modified":"2026-04-21T08:56:26","modified_gmt":"2026-04-21T06:56:26","slug":"offres-speciales","status":"publish","type":"page","link":"https:\/\/servcrmpro.online\/de\/offres-speciales\/","title":{"rendered":"Offres Sp\u00e9ciales"},"content":{"rendered":"\n<p>D\u00e9couvrez nos offres sp\u00e9ciales et articles \u00e0 prix r\u00e9duit. Tous les prix de vente sont des offres \u00e0 dur\u00e9e limit\u00e9e \u2014 faites le plein pendant que vous le pouvez !<\/p>\n\n\n<div class=\"woocommerce columns-4 \"><ul class=\"products columns-4\">\n<li class=\"sales-flash-overlay woocommerce-text-align-center woocommerce-image-align-center do-quantity-buttons product type-product post-4452 status-publish first instock product_cat-tactical-orgonite has-post-thumbnail sale taxable shipping-taxable purchasable product-type-simple\">\n\t<a href=\"https:\/\/servcrmpro.online\/de\/produkt\/standard-orgonite-hhg-de\/\" class=\"woocommerce-LoopProduct-link woocommerce-loop-product__link\">\n\t<span class=\"onsale\">Angebot!<\/span>\n\t<img loading=\"lazy\" decoding=\"async\" width=\"300\" height=\"300\" src=\"https:\/\/servcrmpro.online\/wp-content\/uploads\/2026\/02\/orgone_hhg-300x300.jpg\" class=\"attachment-woocommerce_thumbnail size-woocommerce_thumbnail\" alt=\"Orgonit HHG\" srcset=\"https:\/\/servcrmpro.online\/wp-content\/uploads\/2026\/02\/orgone_hhg-300x300.jpg 300w, https:\/\/servcrmpro.online\/wp-content\/uploads\/2026\/02\/orgone_hhg-100x100.jpg 100w, https:\/\/servcrmpro.online\/wp-content\/uploads\/2026\/02\/orgone_hhg-600x600.jpg 600w, https:\/\/servcrmpro.online\/wp-content\/uploads\/2026\/02\/orgone_hhg-150x150.jpg 150w, https:\/\/servcrmpro.online\/wp-content\/uploads\/2026\/02\/orgone_hhg-768x768.jpg 768w, https:\/\/servcrmpro.online\/wp-content\/uploads\/2026\/02\/orgone_hhg.jpg 1000w\" sizes=\"auto, (max-width: 300px) 100vw, 300px\" \/><h2 class=\"woocommerce-loop-product__title\">Orgonit HHG<\/h2><div class=\"star-rating\" title=\"Bewertet mit 4.62 von 5\"><span style=\"width:92.4%\"><strong class=\"rating\">4.62<\/strong> von 5<\/span><\/div>\n\t<span class=\"price\"><del aria-hidden=\"true\"><span class=\"woocommerce-Price-amount amount\"><bdi><span class=\"woocommerce-Price-currencySymbol\">&#82;<\/span>&nbsp;879.75<\/bdi><\/span><\/del> <span class=\"screen-reader-text\">Urspr\u00fcnglicher Preis war: &#082;&nbsp;879.75<\/span><ins aria-hidden=\"true\"><span class=\"woocommerce-Price-amount amount\"><bdi><span class=\"woocommerce-Price-currencySymbol\">&#82;<\/span>&nbsp;747.79<\/bdi><\/span><\/ins><span class=\"screen-reader-text\">Aktueller Preis ist: &#082;&nbsp;747.79.<\/span><\/span>\n<\/a><a href=\"\/de\/wp-json\/wp\/v2\/pages\/6752?add-to-cart=4452\" aria-describedby=\"woocommerce_loop_add_to_cart_link_describedby_4452\" data-quantity=\"1\" class=\"button product_type_simple add_to_cart_button ajax_add_to_cart\" data-product_id=\"4452\" data-product_sku=\"HHG-R\" aria-label=\"In den Warenkorb legen: \u201eOrgonit HHG\u201c\" rel=\"nofollow\" data-success_message=\"\u201eOrgonit HHG\u201c wurde deinem Warenkorb hinzugef\u00fcgt\" role=\"button\">In den Warenkorb<\/a>\t<span id=\"woocommerce_loop_add_to_cart_link_describedby_4452\" class=\"screen-reader-text\">\n\t\t\t<\/span>\n<\/li>\n<li class=\"sales-flash-overlay woocommerce-text-align-center woocommerce-image-align-center do-quantity-buttons product type-product post-4371 status-publish instock product_cat-emf-protection has-post-thumbnail sale taxable shipping-taxable purchasable product-type-simple\">\n\t<a href=\"https:\/\/servcrmpro.online\/de\/produkt\/5g-equalizer-de\/\" class=\"woocommerce-LoopProduct-link woocommerce-loop-product__link\">\n\t<span class=\"onsale\">Angebot!<\/span>\n\t<img loading=\"lazy\" decoding=\"async\" width=\"300\" height=\"300\" src=\"https:\/\/servcrmpro.online\/wp-content\/uploads\/2026\/02\/3g_equalizer_orgonite_800-300x300.jpg\" class=\"attachment-woocommerce_thumbnail size-woocommerce_thumbnail\" alt=\"Orgonite against 5g radiation dangers\" srcset=\"https:\/\/servcrmpro.online\/wp-content\/uploads\/2026\/02\/3g_equalizer_orgonite_800-300x300.jpg 300w, https:\/\/servcrmpro.online\/wp-content\/uploads\/2026\/02\/3g_equalizer_orgonite_800-100x100.jpg 100w, https:\/\/servcrmpro.online\/wp-content\/uploads\/2026\/02\/3g_equalizer_orgonite_800-600x600.jpg 600w, https:\/\/servcrmpro.online\/wp-content\/uploads\/2026\/02\/3g_equalizer_orgonite_800-150x150.jpg 150w, https:\/\/servcrmpro.online\/wp-content\/uploads\/2026\/02\/3g_equalizer_orgonite_800-768x768.jpg 768w, https:\/\/servcrmpro.online\/wp-content\/uploads\/2026\/02\/3g_equalizer_orgonite_800.jpg 800w\" sizes=\"auto, (max-width: 300px) 100vw, 300px\" \/><h2 class=\"woocommerce-loop-product__title\">5g Equalizer<\/h2><div class=\"star-rating\" title=\"Bewertet mit 4.83 von 5\"><span style=\"width:96.6%\"><strong class=\"rating\">4.83<\/strong> von 5<\/span><\/div>\n\t<span class=\"price\"><del aria-hidden=\"true\"><span class=\"woocommerce-Price-amount amount\"><bdi><span class=\"woocommerce-Price-currencySymbol\">&#82;<\/span>&nbsp;391.00<\/bdi><\/span><\/del> <span class=\"screen-reader-text\">Urspr\u00fcnglicher Preis war: &#082;&nbsp;391.00<\/span><ins aria-hidden=\"true\"><span class=\"woocommerce-Price-amount amount\"><bdi><span class=\"woocommerce-Price-currencySymbol\">&#82;<\/span>&nbsp;332.35<\/bdi><\/span><\/ins><span class=\"screen-reader-text\">Aktueller Preis ist: &#082;&nbsp;332.35.<\/span><\/span>\n<\/a><a href=\"\/de\/wp-json\/wp\/v2\/pages\/6752?add-to-cart=4371\" aria-describedby=\"woocommerce_loop_add_to_cart_link_describedby_4371\" data-quantity=\"1\" class=\"button product_type_simple add_to_cart_button ajax_add_to_cart\" data-product_id=\"4371\" data-product_sku=\"5GE\" aria-label=\"In den Warenkorb legen: \u201e5g Equalizer\u201c\" rel=\"nofollow\" data-success_message=\"\u201e5g Equalizer\u201c wurde deinem Warenkorb hinzugef\u00fcgt\" role=\"button\">In den Warenkorb<\/a>\t<span id=\"woocommerce_loop_add_to_cart_link_describedby_4371\" class=\"screen-reader-text\">\n\t\t\t<\/span>\n<\/li>\n<li class=\"sales-flash-overlay woocommerce-text-align-center woocommerce-image-align-center do-quantity-buttons product type-product post-4215 status-publish instock product_cat-orgone-energy-pendants has-post-thumbnail sale taxable shipping-taxable purchasable product-type-simple\">\n\t<a href=\"https:\/\/servcrmpro.online\/de\/produkt\/black-daisy-orgonite-pendant-de\/\" class=\"woocommerce-LoopProduct-link woocommerce-loop-product__link\">\n\t<span class=\"onsale\">Angebot!<\/span>\n\t<img loading=\"lazy\" decoding=\"async\" width=\"300\" height=\"300\" src=\"https:\/\/servcrmpro.online\/wp-content\/uploads\/2026\/02\/black_daisy_orgonite_pendant-300x300.jpg\" class=\"attachment-woocommerce_thumbnail size-woocommerce_thumbnail\" alt=\"Black Daisy medium sized easy wearing orgonite pendant\" srcset=\"https:\/\/servcrmpro.online\/wp-content\/uploads\/2026\/02\/black_daisy_orgonite_pendant-300x300.jpg 300w, https:\/\/servcrmpro.online\/wp-content\/uploads\/2026\/02\/black_daisy_orgonite_pendant-100x100.jpg 100w, https:\/\/servcrmpro.online\/wp-content\/uploads\/2026\/02\/black_daisy_orgonite_pendant-416x416.jpg 416w, https:\/\/servcrmpro.online\/wp-content\/uploads\/2026\/02\/black_daisy_orgonite_pendant-150x150.jpg 150w, https:\/\/servcrmpro.online\/wp-content\/uploads\/2026\/02\/black_daisy_orgonite_pendant.jpg 600w\" sizes=\"auto, (max-width: 300px) 100vw, 300px\" \/><h2 class=\"woocommerce-loop-product__title\">Schwarzes G\u00e4nsebl\u00fcmchen-Orgonit<\/h2><div class=\"star-rating\" title=\"Bewertet mit 4.67 von 5\"><span style=\"width:93.4%\"><strong class=\"rating\">4.67<\/strong> von 5<\/span><\/div>\n\t<span class=\"price\"><del aria-hidden=\"true\"><span class=\"woocommerce-Price-amount amount\"><bdi><span class=\"woocommerce-Price-currencySymbol\">&#82;<\/span>&nbsp;547.40<\/bdi><\/span><\/del> <span class=\"screen-reader-text\">Urspr\u00fcnglicher Preis war: &#082;&nbsp;547.40<\/span><ins aria-hidden=\"true\"><span class=\"woocommerce-Price-amount amount\"><bdi><span class=\"woocommerce-Price-currencySymbol\">&#82;<\/span>&nbsp;488.75<\/bdi><\/span><\/ins><span class=\"screen-reader-text\">Aktueller Preis ist: &#082;&nbsp;488.75.<\/span><\/span>\n<\/a><a href=\"\/de\/wp-json\/wp\/v2\/pages\/6752?add-to-cart=4215\" aria-describedby=\"woocommerce_loop_add_to_cart_link_describedby_4215\" data-quantity=\"1\" class=\"button product_type_simple add_to_cart_button ajax_add_to_cart\" data-product_id=\"4215\" data-product_sku=\"BLKDSY\" aria-label=\"In den Warenkorb legen: \u201eSchwarzes G\u00e4nsebl\u00fcmchen-Orgonit\u201c\" rel=\"nofollow\" data-success_message=\"\u201eSchwarzes G\u00e4nsebl\u00fcmchen-Orgonit\u201c wurde deinem Warenkorb hinzugef\u00fcgt\" role=\"button\">In den Warenkorb<\/a>\t<span id=\"woocommerce_loop_add_to_cart_link_describedby_4215\" class=\"screen-reader-text\">\n\t\t\t<\/span>\n<\/li>\n<\/ul>\n<\/div>\n","protected":false},"excerpt":{"rendered":"<p>D\u00e9couvrez nos offres sp\u00e9ciales et articles \u00e0 prix r\u00e9duit. Tous les prix de vente sont des offres \u00e0 dur\u00e9e limit\u00e9e \u2014 faites le plein pendant que vous le pouvez !<\/p>\n","protected":false},"author":0,"featured_media":0,"parent":0,"menu_order":0,"comment_status":"closed","ping_status":"closed","template":"","meta":{"_acf_changed":false,"footnotes":""},"class_list":["post-6752","page","type-page","status-publish"],"acf":[],"_links":{"self":[{"href":"https:\/\/servcrmpro.online\/de\/wp-json\/wp\/v2\/pages\/6752","targetHints":{"allow":["GET"]}}],"collection":[{"href":"https:\/\/servcrmpro.online\/de\/wp-json\/wp\/v2\/pages"}],"about":[{"href":"https:\/\/servcrmpro.online\/de\/wp-json\/wp\/v2\/types\/page"}],"replies":[{"embeddable":true,"href":"https:\/\/servcrmpro.online\/de\/wp-json\/wp\/v2\/comments?post=6752"}],"version-history":[{"count":0,"href":"https:\/\/servcrmpro.online\/de\/wp-json\/wp\/v2\/pages\/6752\/revisions"}],"wp:attachment":[{"href":"https:\/\/servcrmpro.online\/de\/wp-json\/wp\/v2\/media?parent=6752"}],"curies":[{"name":"wp","href":"https:\/\/api.w.org\/{rel}","templated":true}]}}