{"id":4185,"date":"2026-02-05T07:58:07","date_gmt":"2026-02-05T07:58:07","guid":{"rendered":""},"modified":"2026-04-11T05:39:55","modified_gmt":"2026-04-11T03:39:55","slug":"cloud-buster-base-de","status":"publish","type":"product","link":"https:\/\/servcrmpro.online\/de\/produkt\/cloud-buster-base-de\/","title":{"rendered":"Cloud Buster Base (nicht f\u00fcr USA)"},"content":{"rendered":"<h1><strong><span style=\"font-family: verdana, geneva; font-size: medium;\">Orgonit Cloudbuster Basis <\/span><\/strong><\/h1>\n<p><span style=\"font-family: verdana, geneva; font-size: medium;\">Einfach Rohre hinzuf\u00fcgen!<\/span><\/p>\n<p><span style=\"font-size: medium;\"><em><span style=\"font-family: verdana, geneva;\">Passt nur auf metrische 28-mm-Rohre.<\/span><\/em><\/span><\/p>\n<p><span style=\"font-size: medium;\"><em><span style=\"font-family: verdana, geneva;\">BITTE BEACHTEN: In den USA und Kanada ist es normalerweise nicht m\u00f6glich, metrische Rohre zu kaufen, die zu unseren 28-mm- und 35-mm-Cloudbuster-Basen passen. Bitte achten Sie darauf, einen VOLLEN Cloudbuster zu kaufen, wenn Sie sich in diesen L\u00e4ndern befinden.<\/span><\/em><\/span><\/p>\n<p><span style=\"font-family: verdana, geneva; font-size: medium;\">Sie k\u00f6nnen beim Orgonite Cloudbuster viel sparen, wenn Sie nur die Basis bestellen. Schlie\u00dflich ist es nicht schwierig, 6 Kupferrohre mit 28 mm Durchmesser in einem Sanit\u00e4rgesch\u00e4ft oder Baumarkt zu bekommen. Sie k\u00f6nnen sie auf eine L\u00e4nge von 1,6 bis 1,8 m k\u00fcrzen lassen oder 2 volle L\u00e4ngen von 5,5 m kaufen und sie in jeweils 3 gleiche L\u00e4ngen schneiden.<\/span><\/p>\n<p> <span style=\"font-family: verdana, geneva; font-size: medium;\">Sie erhalten die komplett fertige Basis und die Distanzscheibe f\u00fcr die Rohre (6 L\u00f6cher 28mm) aus wei\u00dfem Polypropylen. Sie m\u00fcssen nur noch die Rohre kaufen und einkleben.<\/span><\/p>\n<p> <span style=\"font-family: verdana, geneva; font-size: medium;\">Wenn Sie in Amerika ans\u00e4ssig sind, entspricht die Rohrgr\u00f6\u00dfe 1 1\/8&#8243; ungef\u00e4hr, aber nicht genau 28 mm. Falls Sie keinen Zugriff auf metrische Rohrgr\u00f6\u00dfen haben, empfehlen wir Ihnen, uns vor der Bestellung zu kontaktieren oder den <a href=\"https:\/\/www.orgoniseafrica.com\/orgonite-cloud-buster-35mm.html\" target=\"_blank\" rel=\"noopener\">kompletten<\/a> Cloud Buster zu bestellen, um Schwierigkeiten zu vermeiden.<\/span><\/p>\n<p> <span style=\"font-family: verdana, geneva; font-size: medium;\">Dies ist ein voll ausgestattetes Don Croft Orgonite CB mit allen Kristallen, gebrauchsfertig.<\/span><\/p>\n<p> <span style=\"font-family: verdana, geneva; font-size: medium;\">Diese Standard-Cloudbuster wurden von Tausenden von Menschen weltweit gebaut und getestet. In verschiedenen Foren ist viel Erfahrung und Feedback verf\u00fcgbar. Wir halten sie f\u00fcr DAS leistungsst\u00e4rkste und effektivste Werkzeug f\u00fcr gro\u00df angelegte Umweltheilung mit Orgonit.<\/span><\/p>\n<p> <strong><span style=\"font-family: verdana, geneva; font-size: medium;\">Typische berichtete Effekte sind:<\/span><\/strong><\/p>\n<p> <span style=\"font-family: verdana, geneva; font-size: medium;\">&#8211; vermehrte Niederschl\u00e4ge in D\u00fcrregebieten<\/span><\/p>\n<p> <span style=\"font-family: verdana, geneva; font-size: medium;\">&#8211; gesteigertes Pflanzenwachstum<\/span><\/p>\n<p> <span style=\"font-family: verdana, geneva; font-size: medium;\">&#8211; erh\u00f6hte Fruchtbarkeit und Gesundheit der Tiere<\/span><\/p>\n<p> <span style=\"font-family: verdana, geneva; font-size: medium;\">&#8211; reduzierte Umweltverschmutzung inkl. der sogenannten \u201eChemtrails\u201c<\/span><\/p>\n<p> <span style=\"font-family: verdana, geneva; font-size: medium;\">&#8211; allgemeine Verbesserung des umgebenden \u00e4therischen Energiefeldes mit einer Vielzahl von psychischen und gesundheitlichen Auswirkungen<\/span><\/p>\n<p> <span style=\"font-family: verdana, geneva; font-size: medium;\">Abh\u00e4ngig vom Grad der elektromagnetischen Verschmutzung und den allgemeinen energetischen Bedingungen sind die Auswirkungen von Standard-Cloudbustern Berichten zufolge \u00fcber Entfernungen von weit \u00fcber 50 km sp\u00fcrbar. In Kombination mit anderen Orgonite-Ger\u00e4ten k\u00f6nnen einige wenige CBs ein gesundes Orgonfeld in einer ganzen Region oder einem kleinen Land wiederherstellen.<\/span><\/p>\n<p><span style=\"font-family: verdana, geneva; font-size: medium;\">Wir haben sie selbst bei unseren Orgone Gifting Expeditions eingesetzt (lesen Sie hier mehr&#8230;), bei denen wir normalerweise einen Cloudbuster mit mehreren hundert Towerbustern kombinieren. Dies hat sich als die effektivste Methode erwiesen, um ganze L\u00e4nder mit Energie zu versorgen und schreckliche D\u00fcrremuster umzukehren.<\/span><\/p>\n<p><span style=\"font-family: verdana, geneva; font-size: medium;\">Unsere Theorie ist folgende: W\u00e4hrend der Cloudbuster insbesondere in den h\u00f6heren Schichten der Atmosph\u00e4re arbeitet, um einen sehr gro\u00dfen Bereich zu orgonisieren, sorgen die Towerbusters f\u00fcr die notwendige \u201eBodenabdeckung\u201c, indem sie in der N\u00e4he aller Mobiltelefone und Orte mit negativer Energie in dem Bereich platziert werden, in dem der Cloudbuster platziert wird.<\/span><\/p>\n<p><span style=\"font-family: verdana, geneva; font-size: medium;\">Wenn Sie mit dem Beschenken im gro\u00dfen Stil beginnen m\u00f6chten, werfen Sie einen Blick auf unser Massive Orgone Starter Kit, um alle wichtigen Geschenkartikel zu einem reduzierten Preis zu erhalten!<\/span><\/p>\n<p><span style=\"font-family: verdana, geneva; font-size: medium;\">Abmessungen: H\u00f6he \u2013 250 mm, Durchmesser \u2013 240 mm<br \/> (Dieses Produkt ist handgefertigt und das Endprodukt kann leicht abweichen)<\/span><\/p>\n","protected":false},"excerpt":{"rendered":"<h2><strong><span style=\"font-family: verdana, geneva;font-size: medium\">Orgonite Cloudbuster Base \u2013 einfach Pipes hinzuf\u00fcgen! <\/span><\/strong><\/h2>\n<p>&lt;span style=&quot;font-family: verdana, genf; font-size: me&#8230;<\/p>\n","protected":false},"featured_media":109,"comment_status":"open","ping_status":"closed","template":"","meta":{"_acf_changed":false},"product_brand":[],"product_cat":[100],"product_tag":[],"class_list":{"0":"post-4185","1":"product","2":"type-product","3":"status-publish","4":"has-post-thumbnail","6":"product_cat-orgonite-cloudbuster","7":"sales-flash-overlay","8":"woocommerce-text-align-center","9":"woocommerce-image-align-center","10":"do-quantity-buttons","12":"first","13":"outofstock","14":"taxable","15":"shipping-taxable","16":"purchasable","17":"product-type-simple"},"acf":[],"_links":{"self":[{"href":"https:\/\/servcrmpro.online\/de\/wp-json\/wp\/v2\/product\/4185","targetHints":{"allow":["GET"]}}],"collection":[{"href":"https:\/\/servcrmpro.online\/de\/wp-json\/wp\/v2\/product"}],"about":[{"href":"https:\/\/servcrmpro.online\/de\/wp-json\/wp\/v2\/types\/product"}],"replies":[{"embeddable":true,"href":"https:\/\/servcrmpro.online\/de\/wp-json\/wp\/v2\/comments?post=4185"}],"wp:featuredmedia":[{"embeddable":true,"href":"https:\/\/servcrmpro.online\/de\/wp-json\/wp\/v2\/media\/109"}],"wp:attachment":[{"href":"https:\/\/servcrmpro.online\/de\/wp-json\/wp\/v2\/media?parent=4185"}],"wp:term":[{"taxonomy":"product_brand","embeddable":true,"href":"https:\/\/servcrmpro.online\/de\/wp-json\/wp\/v2\/product_brand?post=4185"},{"taxonomy":"product_cat","embeddable":true,"href":"https:\/\/servcrmpro.online\/de\/wp-json\/wp\/v2\/product_cat?post=4185"},{"taxonomy":"product_tag","embeddable":true,"href":"https:\/\/servcrmpro.online\/de\/wp-json\/wp\/v2\/product_tag?post=4185"}],"curies":[{"name":"wp","href":"https:\/\/api.w.org\/{rel}","templated":true}]}}