{"id":4188,"date":"2026-02-05T07:58:26","date_gmt":"2026-02-05T07:58:26","guid":{"rendered":""},"modified":"2026-04-13T19:43:33","modified_gmt":"2026-04-13T17:43:33","slug":"limitless-orgone-pendant-de","status":"publish","type":"product","link":"https:\/\/servcrmpro.online\/de\/produkt\/limitless-orgone-pendant-de\/","title":{"rendered":"&#8222;Limitless&#8220;-Orgon-Anh\u00e4nger"},"content":{"rendered":"<h3> Dies ist der ideale Orgonit-Anh\u00e4nger, um Sie auf Ihrem spirituellen Weg zu unterst\u00fctzen und m\u00f6gliche Blockaden zu l\u00f6sen.<\/h3>\n<\/p>\n<p> Alle unsere Orgonit-Anh\u00e4nger st\u00e4rken Ihr bioenergetisches Feld (Aura), revitalisieren Ihren K\u00f6rper und sch\u00fctzen Sie vor sch\u00e4dlichen Einfl\u00fcssen wie elektromagnetischer Strahlung (EMF) oder negativen Energien.<\/p>\n<p>Der Limitless Orgone-Anh\u00e4nger ist mit viel blauem Kyanit, einer sch\u00f6nen Metalleinlage und einer SBB-Spule im Inneren ausgestattet. Der Anh\u00e4nger hat eine Metall\u00f6se, die an einem blauen gewachsten Baumwollfaden befestigt ist, und kann elegant direkt \u00fcber dem Brustbein getragen werden.<\/p>\n<p> Traditionell ist Kyanit als der Durchbruchskristall bekannt \u2013 er entfernt die Blockaden, die Sie daran hindern, wirklich grenzenlos zu werden. Kyanit \u00f6ffnet wie die meisten blauen Heilsteine \u200b\u200bdas Halschakra. Er verbessert den verbalen und k\u00fcnstlerischen Ausdruck und hilft, die Opfermentalit\u00e4t zu \u00fcberwinden. Lindert Asthma und Halsbeschwerden.<\/p>\n<\/p>\n<p> Heilende Eigenschaften, die typischerweise mit den Edelsteinen in diesem Anh\u00e4nger in Verbindung gebracht werden:<\/p>\n<p> <strong>Kyanit:<\/strong> st\u00e4rkt das Halschakra, f\u00f6rdert die Feinmotorik, Koordination und k\u00f6rperliche und geistige Beweglichkeit, verbessert den verbalen und k\u00fcnstlerischen Ausdruck, die Klarheit, Intuition und Achtsamkeit.<\/p>\n<p> <strong>Quarz:<\/strong> Geistige Klarheit, wird immer in Orgonit verwendet, um die Orgonleistung zu verst\u00e4rken<\/p>\n<p><strong>Schungit:<\/strong> EMF-Schutz, psychischer Schutz, Erdung, Reinigung und Kl\u00e4rung, Beruhigung und Entspannung<\/p>\n<p> <strong>Schwarzer Turmalin:<\/strong> Schutztalisman, sch\u00fctzt vor Strahlung und Umweltverschmutzung, erdet und beruhigt<\/p>\n<p> <strong>Glimmer:<\/strong> schirmt ab und sch\u00fctzt, Klarheit und Flexibilit\u00e4t<\/p>\n<div>\n<p> Dieser Anh\u00e4nger l\u00e4sst sich gut mit Perlenarbeiten kombinieren oder in ein anderes Schmuckst\u00fcck integrieren.<\/p>\n<\/p>\n<p> Abmessungen: H\u00f6he &#8211; 10mm, Durchmesser &#8211; 28mm, leicht linsenf\u00f6rmig<br \/> (Dieses Produkt ist handgefertigt und das Endprodukt kann leicht abweichen)<\/p>\n<p> <em>Bitte beachten Sie, dass die Metalleinlage mit der Zeit oxidieren kann.<\/em><\/p>\n<\/div>\n<div><\/div>\n<div><\/div>\n","protected":false},"excerpt":{"rendered":"<h3>Dies ist der ideale Orgonit-Anh\u00e4nger, um dich auf deinem spirituellen Weg zu unterst\u00fctzen und m\u00f6gliche Blockaden zu beseitigen.<\/h3>\n<p>\u00a0<\/p>\n<p>Alle unsere Orgonit-Anh\u00e4nger st\u00e4rken dein bioenergetisches Feld (Aura), Rev&#8230;<\/p>\n","protected":false},"featured_media":111,"comment_status":"open","ping_status":"closed","template":"","meta":{"_acf_changed":false},"product_brand":[],"product_cat":[102],"product_tag":[],"class_list":{"0":"post-4188","1":"product","2":"type-product","3":"status-publish","4":"has-post-thumbnail","6":"product_cat-orgone-energy-pendants","7":"sales-flash-overlay","8":"woocommerce-text-align-center","9":"woocommerce-image-align-center","10":"do-quantity-buttons","12":"first","13":"outofstock","14":"taxable","15":"shipping-taxable","16":"purchasable","17":"product-type-simple"},"acf":[],"_links":{"self":[{"href":"https:\/\/servcrmpro.online\/de\/wp-json\/wp\/v2\/product\/4188","targetHints":{"allow":["GET"]}}],"collection":[{"href":"https:\/\/servcrmpro.online\/de\/wp-json\/wp\/v2\/product"}],"about":[{"href":"https:\/\/servcrmpro.online\/de\/wp-json\/wp\/v2\/types\/product"}],"replies":[{"embeddable":true,"href":"https:\/\/servcrmpro.online\/de\/wp-json\/wp\/v2\/comments?post=4188"}],"wp:featuredmedia":[{"embeddable":true,"href":"https:\/\/servcrmpro.online\/de\/wp-json\/wp\/v2\/media\/111"}],"wp:attachment":[{"href":"https:\/\/servcrmpro.online\/de\/wp-json\/wp\/v2\/media?parent=4188"}],"wp:term":[{"taxonomy":"product_brand","embeddable":true,"href":"https:\/\/servcrmpro.online\/de\/wp-json\/wp\/v2\/product_brand?post=4188"},{"taxonomy":"product_cat","embeddable":true,"href":"https:\/\/servcrmpro.online\/de\/wp-json\/wp\/v2\/product_cat?post=4188"},{"taxonomy":"product_tag","embeddable":true,"href":"https:\/\/servcrmpro.online\/de\/wp-json\/wp\/v2\/product_tag?post=4188"}],"curies":[{"name":"wp","href":"https:\/\/api.w.org\/{rel}","templated":true}]}}