{"id":4194,"date":"2026-02-05T07:58:46","date_gmt":"2026-02-05T07:58:46","guid":{"rendered":""},"modified":"2026-04-06T07:31:44","modified_gmt":"2026-04-06T05:31:44","slug":"muti-orgonite-bundle-1-de","status":"publish","type":"product","link":"https:\/\/servcrmpro.online\/de\/produkt\/muti-orgonite-bundle-1-de\/","title":{"rendered":"Muti-Orgonit-Paket"},"content":{"rendered":"<h1><span style=\"font-family: verdana, geneva; font-size: medium;\">Eine kraftvolle Kombination: unser Muti Orgonit-Paket!<\/span><\/h1>\n<p><span style=\"font-family: verdana, geneva; font-size: medium;\">Dieses Paket bietet Dir all die Erdung, den Schutz und die Manifestation von Wohlstand, die Du Dir von Orgonit<\/span><span style=\"font-family: verdana, geneva; font-size: medium;\">&nbsp;w\u00fcnschen kannst. Unsere Muti-Mischung (traditionelle afrikanische Kr\u00e4utermedizin) zielt darauf ab, Deinen Wohlstand und Deine F\u00fclle auf allen Ebenen zu steigern, nicht nur auf der physischen. Sie hat au\u00dferdem eine starke Erdung und sch\u00fctzt vor allen Arten negativer St\u00f6rungen, von EMF bis hin zu schwarzer Magie und psychischen St\u00f6rungen.<\/span><\/p>\n<p><em><span style=\"font-family: verdana, geneva; font-size: medium;\">Der Preis dieses Pakets ist so berechnet, dass Du auf unser Muti-Orgonit 15 % Rabatt erhalten, verglichen mit dem Preis, den Du zahlen w\u00fcrdest, wenn Du die einzelnen Artikel einzeln kaufen w\u00fcrdest.<\/span><\/em><\/p>\n<p><strong><span style=\"font-family: verdana, geneva; font-size: medium;\">Du wirst erhalten:<\/span><\/strong><\/p>\n<p><strong><span style=\"font-family: verdana, geneva; font-size: medium;\">&#8211; Muti HHG:<\/span><\/strong> <span style=\"font-family: verdana, geneva; font-size: medium;\">Unser luxuri\u00f6sester Muti-Orgonit. Dieser wird Dein Zuhause mit Energie versorgen und sch\u00fctzen und die Vitalit\u00e4t und das Gef\u00fchl der Freude in Ihrer Umgebung steigern.<\/span><\/p>\n<p><strong><span style=\"font-family: verdana, geneva; font-size: medium;\">&#8211; Muti Brick:<\/span><\/strong> <span style=\"font-family: verdana, geneva; font-size: medium;\">Die Kupferspule des Muti Brick eignet sich perfekt zur pers\u00f6nlichen Heilung und Regeneration. Verwende ihn f\u00fcr Dich selbst oder trage ihn als Reiseschutz mit sich.<\/span><\/p>\n<p><strong><span style=\"font-family: verdana, geneva; font-size: medium;\">&#8211; 2 Muti Towerbusters:<\/span><\/strong> <span style=\"font-family: verdana, geneva; font-size: medium;\">Der Muti TB verbessert die Erdung in Ihrem Raum und sch\u00fctzt Sie vor EMF und anderen negativen St\u00f6rungen.<\/span><\/p>\n<p><span style=\"font-family: verdana, geneva; font-size: medium;\"><strong>&#8211; Kleiner Muti-Anh\u00e4nger:<\/strong> Dieser Anh\u00e4nger verbessert die Erdung und geistige Klarheit und hilft Ihnen, sich mit Ihren Wurzeln zu verbinden. Au\u00dferdem sch\u00fctzt er Sie unterwegs vor EMF.<\/span><\/p>\n<p><span style=\"font-family: verdana, geneva; font-size: medium;\">&#8211; <strong>Gro\u00dfer Muti-Anh\u00e4nger:<\/strong> Dieser Anh\u00e4nger verbessert die Erdung und geistige Klarheit und hilft Dir, Dich mit Deinen Wurzeln zu verbinden. Au\u00dferdem sch\u00fctzt er Dich unterwegs vor EMF.<\/span><\/p>\n","protected":false},"excerpt":{"rendered":"<h1><spann stil=\"schriftart-familie: verdana, Genf;schriftgr\u00f6\u00dfe: mittel\">Eine kraftvolle Kombination: unser Muti Orgonite Bundle!<\/span><\/h1>\n<p><span style=\"font-family: verdana, genf;font-size: medium\">Das &#8230;<\/p>\n","protected":false},"featured_media":118,"comment_status":"open","ping_status":"closed","template":"","meta":{"_acf_changed":false},"product_brand":[],"product_cat":[48,70],"product_tag":[],"class_list":{"0":"post-4194","1":"product","2":"type-product","3":"status-publish","4":"has-post-thumbnail","6":"product_cat-bundles-kits","7":"product_cat-tactical-orgonite","8":"sales-flash-overlay","9":"woocommerce-text-align-center","10":"woocommerce-image-align-center","11":"do-quantity-buttons","13":"first","14":"outofstock","15":"taxable","16":"shipping-taxable","17":"purchasable","18":"product-type-simple"},"acf":[],"_links":{"self":[{"href":"https:\/\/servcrmpro.online\/de\/wp-json\/wp\/v2\/product\/4194","targetHints":{"allow":["GET"]}}],"collection":[{"href":"https:\/\/servcrmpro.online\/de\/wp-json\/wp\/v2\/product"}],"about":[{"href":"https:\/\/servcrmpro.online\/de\/wp-json\/wp\/v2\/types\/product"}],"replies":[{"embeddable":true,"href":"https:\/\/servcrmpro.online\/de\/wp-json\/wp\/v2\/comments?post=4194"}],"wp:featuredmedia":[{"embeddable":true,"href":"https:\/\/servcrmpro.online\/de\/wp-json\/wp\/v2\/media\/118"}],"wp:attachment":[{"href":"https:\/\/servcrmpro.online\/de\/wp-json\/wp\/v2\/media?parent=4194"}],"wp:term":[{"taxonomy":"product_brand","embeddable":true,"href":"https:\/\/servcrmpro.online\/de\/wp-json\/wp\/v2\/product_brand?post=4194"},{"taxonomy":"product_cat","embeddable":true,"href":"https:\/\/servcrmpro.online\/de\/wp-json\/wp\/v2\/product_cat?post=4194"},{"taxonomy":"product_tag","embeddable":true,"href":"https:\/\/servcrmpro.online\/de\/wp-json\/wp\/v2\/product_tag?post=4194"}],"curies":[{"name":"wp","href":"https:\/\/api.w.org\/{rel}","templated":true}]}}