{"id":4197,"date":"2026-02-05T08:36:48","date_gmt":"2026-02-05T08:36:48","guid":{"rendered":""},"modified":"2026-04-12T13:17:42","modified_gmt":"2026-04-12T11:17:42","slug":"orgone-zapper-standard-de","status":"publish","type":"product","link":"https:\/\/servcrmpro.online\/de\/produkt\/orgone-zapper-standard-de\/","title":{"rendered":"Orgon Zapper Standard"},"content":{"rendered":"<h2>Orgon-Zapper mit Kupferelektroden<\/h2>\n<p>Orgonitzapper im Terminator-Stil mit einem ausgekl\u00fcgelten System <strong>orgonenergieverst\u00e4rkender<\/strong> Komponenten, daher der Name <strong>Orgon-Zapper.<\/strong><\/p>\n<p><strong>Dieser Orgon-Zapper ist seit 2002 bew\u00e4hrt!<\/strong><\/p>\n<p>Ein Orgonitblock, ein Neodymmagnet, eine M\u00f6biusspule, ein Amethystkristall und ein Granat werden verwendet, um das bioenergetische Feld des Tr\u00e4gers zu verst\u00e4rken und dadurch Heilungsprozesse anzuregen und das allgemeine Wohlbefinden zu steigern. <strong>Kupferelektroden sind in Orgon-Zappern und allen anderen Arten von Zappern gut etabliert und wirksam<\/strong> und funktionieren in dieser Konfiguration sehr gut.<\/p>\n<p><img loading=\"lazy\" decoding=\"async\" title=\"Orgonitkomponenten im Orgon-Zapper\" src=\"http:\/\/www.orgoniseafrica.com\/images\/050722%20zapper%20from%20within300.jpg\" alt=\"Orgonite, gemstones, coils and magnets helping to achieve superior orgone healing power\" width=\"300\" height=\"363\"><\/p>\n<p><strong><strong>Spezifikationen:<\/strong><\/p>\n<p><\/strong> Frequenz: 15 Hz gepulster Gleichstrom<br \/> Batterie: 9V PP3 <em>Aufgrund von Flugbeschr\u00e4nkungen k\u00f6nnen wir die 9-V-Batterie nicht mit dem Zapper versenden<\/em><br \/> Elektroden: Kupfer<\/p>\n<p>Abnehmbarer Klettverschluss<br \/> 2,5 mm Micro-Buchse f\u00fcr externe Ger\u00e4te<br \/> Neodym-Magnet 10,3 x 3 mm<br \/> Mobius-Spule, gesch\u00fctzt durch Begrenzungskabel<br \/> Orgonitblock<br \/> Amethystkristall zu einem \u201eSchwanz\u201c-Anschlussdraht aufgewickelt<br \/> Granatkristall zu einem &#8222;Kopf&#8220;-Anschlussdraht aufgewickelt<br \/> LED zur Anzeige des Ein-\/Aus-Status<\/p>\n<p>Abmessungen: L\u00e4nge \u2013 84 mm, Breite \u2013 50 mm, H\u00f6he \u2013 20 mm<br \/> (Dieses Produkt ist handgefertigt und das Endprodukt kann leicht abweichen)<\/p>\n","protected":false},"excerpt":{"rendered":"<p>Terminator-\u00e4hnlicher Orgonit Clark Zapper mit einem ausgefeilten System von Orgone-Energie-verst\u00e4rkenden Komponenten, daher der Name Orgone Zapper.<\/p>\n","protected":false},"featured_media":131,"comment_status":"open","ping_status":"closed","template":"","meta":{"_acf_changed":false},"product_brand":[],"product_cat":[26],"product_tag":[],"class_list":{"0":"post-4197","1":"product","2":"type-product","3":"status-publish","4":"has-post-thumbnail","6":"product_cat-orgone-zappers","7":"sales-flash-overlay","8":"woocommerce-text-align-center","9":"woocommerce-image-align-center","10":"do-quantity-buttons","12":"first","13":"instock","14":"taxable","15":"shipping-taxable","16":"purchasable","17":"product-type-simple"},"acf":[],"_links":{"self":[{"href":"https:\/\/servcrmpro.online\/de\/wp-json\/wp\/v2\/product\/4197","targetHints":{"allow":["GET"]}}],"collection":[{"href":"https:\/\/servcrmpro.online\/de\/wp-json\/wp\/v2\/product"}],"about":[{"href":"https:\/\/servcrmpro.online\/de\/wp-json\/wp\/v2\/types\/product"}],"replies":[{"embeddable":true,"href":"https:\/\/servcrmpro.online\/de\/wp-json\/wp\/v2\/comments?post=4197"}],"wp:featuredmedia":[{"embeddable":true,"href":"https:\/\/servcrmpro.online\/de\/wp-json\/wp\/v2\/media\/131"}],"wp:attachment":[{"href":"https:\/\/servcrmpro.online\/de\/wp-json\/wp\/v2\/media?parent=4197"}],"wp:term":[{"taxonomy":"product_brand","embeddable":true,"href":"https:\/\/servcrmpro.online\/de\/wp-json\/wp\/v2\/product_brand?post=4197"},{"taxonomy":"product_cat","embeddable":true,"href":"https:\/\/servcrmpro.online\/de\/wp-json\/wp\/v2\/product_cat?post=4197"},{"taxonomy":"product_tag","embeddable":true,"href":"https:\/\/servcrmpro.online\/de\/wp-json\/wp\/v2\/product_tag?post=4197"}],"curies":[{"name":"wp","href":"https:\/\/api.w.org\/{rel}","templated":true}]}}