{"id":4203,"date":"2026-02-05T08:37:15","date_gmt":"2026-02-05T08:37:15","guid":{"rendered":""},"modified":"2026-04-06T07:31:45","modified_gmt":"2026-04-06T05:31:45","slug":"pop-art-orgonite-pendant-de","status":"publish","type":"product","link":"https:\/\/servcrmpro.online\/de\/produkt\/pop-art-orgonite-pendant-de\/","title":{"rendered":"Pop Art Orgonit"},"content":{"rendered":"<h1> Die unterhaltsame Art, Orgonit zu genie\u00dfen<\/h1>\n<p> Dieser lustige und leicht zu tragende modische Orgonit-Anh\u00e4nger wird Sie buchst\u00e4blich von den F\u00fc\u00dfen heben. Steigert Ihre Vitalit\u00e4t auf allen Ebenen durch St\u00e4rkung des Wurzel- und Herzchakras.<\/p>\n<p> F\u00f6rderung der Lebensenergie, Fruchtbarkeit und des kreativen Ausdrucks!<\/p>\n<p> Zutaten:<\/p>\n<ul>\n<li> Orgonit-Matrix<\/li>\n<li> Quartz Kristall<\/li>\n<li> Roter Jaspis<\/li>\n<li> Mangano-Calcit<\/li>\n<li> Rosa Turmalin<\/li>\n<li> Hematit<\/li>\n<\/ul>\n<p>Abmessungen: H\u00f6he \u2013 10 mm, Durchmesser \u2013 34 mm<br \/> (Dieses Produkt ist handgefertigt und das Endprodukt kann leicht abweichen)<\/p><\/p>\n","protected":false},"excerpt":{"rendered":"<p>Dieser spa\u00dfige und leicht zu tragende modische Orgonit-Anh\u00e4nger hebt dich buchst\u00e4blich von den F\u00fc\u00dfen. Steigere deine Vitalit\u00e4t auf allen Ebenen, indem du das Wurzel- und Herzchakra st\u00e4rkst.<\/p>\n","protected":false},"featured_media":137,"comment_status":"open","ping_status":"closed","template":"","meta":{"_acf_changed":false},"product_brand":[],"product_cat":[102],"product_tag":[],"class_list":{"0":"post-4203","1":"product","2":"type-product","3":"status-publish","4":"has-post-thumbnail","6":"product_cat-orgone-energy-pendants","7":"sales-flash-overlay","8":"woocommerce-text-align-center","9":"woocommerce-image-align-center","10":"do-quantity-buttons","12":"first","13":"instock","14":"taxable","15":"shipping-taxable","16":"purchasable","17":"product-type-simple"},"acf":[],"_links":{"self":[{"href":"https:\/\/servcrmpro.online\/de\/wp-json\/wp\/v2\/product\/4203","targetHints":{"allow":["GET"]}}],"collection":[{"href":"https:\/\/servcrmpro.online\/de\/wp-json\/wp\/v2\/product"}],"about":[{"href":"https:\/\/servcrmpro.online\/de\/wp-json\/wp\/v2\/types\/product"}],"replies":[{"embeddable":true,"href":"https:\/\/servcrmpro.online\/de\/wp-json\/wp\/v2\/comments?post=4203"}],"wp:featuredmedia":[{"embeddable":true,"href":"https:\/\/servcrmpro.online\/de\/wp-json\/wp\/v2\/media\/137"}],"wp:attachment":[{"href":"https:\/\/servcrmpro.online\/de\/wp-json\/wp\/v2\/media?parent=4203"}],"wp:term":[{"taxonomy":"product_brand","embeddable":true,"href":"https:\/\/servcrmpro.online\/de\/wp-json\/wp\/v2\/product_brand?post=4203"},{"taxonomy":"product_cat","embeddable":true,"href":"https:\/\/servcrmpro.online\/de\/wp-json\/wp\/v2\/product_cat?post=4203"},{"taxonomy":"product_tag","embeddable":true,"href":"https:\/\/servcrmpro.online\/de\/wp-json\/wp\/v2\/product_tag?post=4203"}],"curies":[{"name":"wp","href":"https:\/\/api.w.org\/{rel}","templated":true}]}}