{"id":4206,"date":"2026-02-05T08:37:21","date_gmt":"2026-02-05T08:37:21","guid":{"rendered":""},"modified":"2026-04-08T20:13:53","modified_gmt":"2026-04-08T18:13:53","slug":"3-beehive-boosters-de","status":"publish","type":"product","link":"https:\/\/servcrmpro.online\/de\/produkt\/3-beehive-boosters-de\/","title":{"rendered":"3 Bienenstock-Booster"},"content":{"rendered":"<p><strong><span style=\"font-family: verdana, geneva; font-size: medium;\">St\u00e4rken und sch\u00fctzen Sie Ihre Bienen und Ihren Bienenstock mit diesen wohltuenden Orgonit Bienenstock Boostern.<\/span><\/strong><\/p>\n<p>&nbsp;<\/p>\n<p><span style=\"font-family: verdana, geneva; font-size: medium;\">Bienen leben von Orgonenergie und die j\u00fcngsten Probleme mit Krankheiten und Massensterben von Bienenpopulationen sind ein sicherer Hinweis darauf, dass es da drau\u00dfen sehr viel schlechte Energie gibt. Die EMF-Strahlung, die durch meine Handymasten verursacht wird, ist einer der Hauptverursacher dieses Elektrosmog-\u201eGitters\u201c, das die empfindlichen Bienenpopulationen nicht \u00fcberleben k\u00f6nnen.<\/span><\/p>\n<p><span style=\"font-family: verdana, geneva; font-size: medium;\">Nat\u00fcrlich hilft jedes Orgonit den Bienen, diese wurden jedoch speziell \u201eaufgepeppt\u201c, um eine maximale Wirkung und eine positive Stimulation von Gl\u00fcck und Gesundheit in Ihrem Bienenstock zu erzielen.<\/span><\/p>\n<p><span style=\"font-family: verdana, geneva; font-size: medium;\">Neben der sechseckigen Form, die der Wabenstruktur eines Bienenstocks entspricht, haben wir Rosenquarz, gew\u00f6hnlichen Quarz und Lavendelbl\u00fcten hinzugef\u00fcgt.<\/span><\/p>\n<p>&nbsp;<\/p>\n<p><strong><span style=\"font-family: verdana, geneva; font-size: medium;\">Typische Vorteile der Inhaltsstoffe unserer Bee Booster:<\/span><\/strong><\/p>\n<p><strong><span style=\"font-family: verdana, geneva; font-size: medium;\">&#8211; Quarz:<\/span><\/strong> <span style=\"font-family: verdana, geneva; font-size: medium;\">verst\u00e4rkt die vom Orgonit erzeugte Energie<\/span><\/p>\n<p><strong><span style=\"font-family: verdana, geneva; font-size: medium;\">&#8211; Rosenquarz:<\/span><\/strong> <span style=\"font-family: verdana, geneva; font-size: medium;\">Beruhigend, reduziert Stress und Anspannung, f\u00f6rdert die Pflege<\/span><\/p>\n<p><strong><span style=\"font-family: verdana, geneva; font-size: medium;\">&#8211; Lavendel:<\/span><\/strong> <span style=\"font-family: verdana, geneva; font-size: medium;\">Beruhigend, lindert Unruhe, l\u00f6st Traumata<\/span><\/p>\n<p>&nbsp;<\/p>\n<p><span style=\"font-family: verdana, geneva; font-size: medium;\">Bienenv\u00f6lker, insbesondere in St\u00e4dten, aber auch auf dem Land, da Elektrosmog mittlerweile fast allgegenw\u00e4rtig ist, sind derzeit \u00fcberaktiv. Sie scheinen auf die hohe Spannung der \u00fcberall vorhandenen EMF-Strahlung negativ zu reagieren, was zu einer geringeren Honigproduktion und zum Aussterben f\u00fchrt. Ein weiterer Effekt dieser massiven Agitation ist eine \u00dcberhitzung der Bienenstockkerntemperatur selbst, was zum Aussterben ganzer Bienenv\u00f6lker f\u00fchrt.<\/span><\/p>\n<p><span style=\"font-family: verdana, geneva; font-size: medium;\">Die beruhigenden Inhaltsstoffe unseres Bienenstock Boosters sollen dieser Unruhe entgegenwirken.<\/span><\/p>\n<p><span style=\"font-family: verdana, geneva; font-size: medium;\">Platzieren Sie 3 St\u00fcck um jeden Bienenstock. (Sie kaufen mit diesem Produkt ein 3er-Set)<\/span><\/p>\n<p>Abmessungen: H\u00f6he \u2013 29 mm, Durchmesser \u2013 38 mm<br \/> (Dieses Produkt ist handgefertigt und das Endprodukt kann leicht abweichen)<\/p>\n","protected":false},"excerpt":{"rendered":"<p>St\u00e4rken und sch\u00fctzen Sie Ihre Bienen und Ihren Bienenstock mit diesen beruhigenden Orgonite Beehive Boosters.<\/p>\n","protected":false},"featured_media":139,"comment_status":"open","ping_status":"closed","template":"","meta":{"_acf_changed":false},"product_brand":[],"product_cat":[70],"product_tag":[],"class_list":{"0":"post-4206","1":"product","2":"type-product","3":"status-publish","4":"has-post-thumbnail","6":"product_cat-tactical-orgonite","7":"sales-flash-overlay","8":"woocommerce-text-align-center","9":"woocommerce-image-align-center","10":"do-quantity-buttons","12":"first","13":"instock","14":"taxable","15":"shipping-taxable","16":"purchasable","17":"product-type-simple"},"acf":[],"_links":{"self":[{"href":"https:\/\/servcrmpro.online\/de\/wp-json\/wp\/v2\/product\/4206","targetHints":{"allow":["GET"]}}],"collection":[{"href":"https:\/\/servcrmpro.online\/de\/wp-json\/wp\/v2\/product"}],"about":[{"href":"https:\/\/servcrmpro.online\/de\/wp-json\/wp\/v2\/types\/product"}],"replies":[{"embeddable":true,"href":"https:\/\/servcrmpro.online\/de\/wp-json\/wp\/v2\/comments?post=4206"}],"wp:featuredmedia":[{"embeddable":true,"href":"https:\/\/servcrmpro.online\/de\/wp-json\/wp\/v2\/media\/139"}],"wp:attachment":[{"href":"https:\/\/servcrmpro.online\/de\/wp-json\/wp\/v2\/media?parent=4206"}],"wp:term":[{"taxonomy":"product_brand","embeddable":true,"href":"https:\/\/servcrmpro.online\/de\/wp-json\/wp\/v2\/product_brand?post=4206"},{"taxonomy":"product_cat","embeddable":true,"href":"https:\/\/servcrmpro.online\/de\/wp-json\/wp\/v2\/product_cat?post=4206"},{"taxonomy":"product_tag","embeddable":true,"href":"https:\/\/servcrmpro.online\/de\/wp-json\/wp\/v2\/product_tag?post=4206"}],"curies":[{"name":"wp","href":"https:\/\/api.w.org\/{rel}","templated":true}]}}