{"id":4209,"date":"2026-02-05T08:39:44","date_gmt":"2026-02-05T08:39:44","guid":{"rendered":""},"modified":"2026-04-08T21:03:17","modified_gmt":"2026-04-08T19:03:17","slug":"smart-meter-shield-de","status":"publish","type":"product","link":"https:\/\/servcrmpro.online\/de\/produkt\/smart-meter-shield-de\/","title":{"rendered":"Smart-Meter-Schild"},"content":{"rendered":"<p><strong><span style=\"font-family: verdana, geneva; font-size: medium;\">Neutralisieren Sie die Gefahren der sch\u00e4dlichen Smart Meter-Strahlung mit diesem leistungsstarken Orgonite Smart Meter Shield!<\/span><\/strong><\/p>\n<p><span style=\"font-family: verdana, geneva; font-size: medium;\">Seit der Einf\u00fchrung intelligenter Z\u00e4hler klagen die Anwender \u00fcber eine Vielzahl von Beschwerden:<\/span><\/p>\n<div style=\"text-align: left;\"><img decoding=\"async\" alt=\"\" src=\"https:\/\/cdn.shopify.com\/s\/files\/1\/0660\/4419\/8969\/files\/Screenshot_2024-06-09_at_21.00.12_480x480.png?v=1717959651\"><\/div>\n<p><em><span style=\"font-size: medium; font-family: verdana, geneva;\">Bild mit freundlicher Genehmigung von http:\/\/emfsafetynetwork.org<\/span><\/em><\/p>\n<h1><span style=\"font-family: verdana, geneva; font-size: medium;\"><strong>Liste einiger Symptome von Gesundheitsgef\u00e4hrdungen durch Smart Meter-Strahlung:<\/strong><\/span><\/h1>\n<p style=\"padding-left: 60px;\"><span style=\"font-family: verdana, geneva; font-size: medium;\">&#8211; Schlafprobleme (Schlaflosigkeit, Einschlafschwierigkeiten, n\u00e4chtliches Aufwachen, Albtr\u00e4ume)<\/span> <br \/><span style=\"font-family: verdana, geneva; font-size: medium;\">&#8211; Stress, Unruhe, Angst, Reizbarkeit<\/span><br \/> <span style=\"font-family: verdana, geneva; font-size: medium;\">&#8211; Kopfschmerzen, stechende Schmerzen oder Druck im Kopf<\/span><br \/> <span style=\"font-family: verdana, geneva; font-size: medium;\">&#8211; Ohrensausen, Ohrenschmerzen, hohes Klingeln<\/span><br \/> <span style=\"font-family: verdana, geneva; font-size: medium;\">&#8211; Konzentrations-, Ged\u00e4chtnis- oder Lernprobleme<\/span><br \/> <span style=\"font-family: verdana, geneva; font-size: medium;\">&#8211; M\u00fcdigkeit, Muskel- oder k\u00f6rperliche Schw\u00e4che<\/span><br \/> <span style=\"font-family: verdana, geneva; font-size: medium;\">&#8211; Desorientierung, Schwindel oder Gleichgewichtsst\u00f6rungen<\/span><br \/> <span style=\"font-family: verdana, geneva; font-size: medium;\">&#8211; Augenprobleme, einschlie\u00dflich Augenschmerzen, Druck in den Augen,<\/span><br \/> <span style=\"font-family: verdana, geneva; font-size: medium;\">&#8211; Herzbeschwerden, Herzklopfen, Herzrhythmusst\u00f6rungen, Brustschmerzen<\/span> <br \/><span style=\"font-family: verdana, geneva; font-size: medium;\">&#8211; Beinkr\u00e4mpfe oder Neuropathie<\/span><br \/> <span style=\"font-family: verdana, geneva; font-size: medium;\">&#8211; Arthritis, Gliederschmerzen, scharfe, stechende Schmerzen<\/span><br \/> <span style=\"font-family: verdana, geneva; font-size: medium;\">&#8211; \u00dcbelkeit, grippe\u00e4hnliche Symptome<\/span><br \/> <span style=\"font-family: verdana, geneva; font-size: medium;\">&#8211; Nebenh\u00f6hlenentz\u00fcndungen, Nasenbluten<\/span><br \/> <span style=\"font-family: verdana, geneva; font-size: medium;\">&#8211; Atembeschwerden, Husten, Asthma<\/span><br \/> <span style=\"font-family: verdana, geneva; font-size: medium;\">&#8211; Hautausschl\u00e4ge, Gesichtsr\u00f6tung<\/span><br \/> <span style=\"font-family: verdana, geneva; font-size: medium;\">&#8211; Harnprobleme<\/span><br \/> <span style=\"font-family: verdana, geneva; font-size: medium;\">&#8211; Endokrine St\u00f6rungen, Schilddr\u00fcsenprobleme, Diabetes<\/span><br \/> <span style=\"font-family: verdana, geneva; font-size: medium;\">&#8211; Bluthochdruck<\/span><br \/> <span style=\"font-family: verdana, geneva; font-size: medium;\">&#8211; Ver\u00e4nderungen im Menstruationszyklus<\/span> <br \/><span style=\"font-family: verdana, geneva; font-size: medium;\">&#8211; Hyperaktivit\u00e4t oder Verhaltens\u00e4nderungen bei Kindern<\/span><br \/> <span style=\"font-family: verdana, geneva; font-size: medium;\">&#8211; Krampfanf\u00e4lle<\/span><br \/> <span style=\"font-family: verdana, geneva; font-size: medium;\">&#8211; Wiederauftreten von Krebs<\/span><\/p>\n<p style=\"padding-left: 60px;\"><span style=\"font-family: verdana, geneva; font-size: medium;\">Entnommen aus <a href=\"http:\/\/emfsafetynetwork.org\/wp-content\/uploads\/2011\/09\/Wireless-Utility-Meter-Safety-Impacts-Survey-Results-Final.pdf\" target=\"_blank\" rel=\"noopener\">der EMF Safety Network Survey<\/a> 2011<\/span><br \/> <span style=\"font-family: verdana, geneva; font-size: medium;\"><a href=\"http:\/\/emfsafetynetwork.org\/wp-content\/uploads\/2010\/08\/Symptoms-after-Exposure-to-Smart-Meter-Radiation.pdf\" target=\"_blank\" rel=\"noopener\">Symptome nach Belastung mit Smart Meter-Strahlung<\/a> Von Dr. Ron Powell<\/span><\/p>\n<p><span style=\"font-family: verdana, geneva; font-size: medium;\">&nbsp;<\/span><\/p>\n<p><span style=\"font-family: verdana, geneva; font-size: medium;\">Orgonit ver\u00e4ndert die Eigenschaften des durch diese elektromagnetische Strahlung erzeugten Energiefelds dramatisch, ohne die eigentliche Funktion des Messger\u00e4ts zu unterbrechen.<\/span><\/p>\n<p><span style=\"font-family: verdana, geneva; font-size: medium;\">Wir haben es bei Mobilfunkmasten, Radaranlagen und Mobiltelefonen folgenderma\u00dfen beobachtet: Die harte elektromagnetische Strahlung erzeugt einen stagnierenden Zustand des \u00c4thers oder \u201eUmgebungsenergiefluss\u201c, den Dr. Wilhelm Reich als \u201et\u00f6dliches Orgon\u201c oder DOR bezeichnete. Das Orgonit bringt dieses Energiefeld wieder in einen fl\u00fcssigen, belebten Zustand, der auch als POR oder positives Orgon bekannt ist.<\/span><\/p>\n<h1><span style=\"font-family: verdana, geneva; font-size: medium;\">Woher wissen wir, dass das funktioniert?<\/span><\/h1>\n<p><span style=\"font-family: verdana, geneva; font-size: medium;\">Obwohl es erfolgreiche Versuche gab, experimentelle \u201eLebensenergiemessger\u00e4te\u201c zu konstruieren, ist die Messung der Orgonenergie mit herk\u00f6mmlichen Instrumenten schwierig.<\/span><\/p>\n<p><span style=\"font-family: verdana, geneva; font-size: medium;\">Verschiedene Biofeedback-Methoden und Anwenderberichte geben jedoch deutliche Hinweise auf enorme Verbesserungen. Und abgesehen von den subjektiven Eindr\u00fccken sensibler Personen (Energiesensible oder Hellseher) liefern Pflanzenwachstumsexperimente einen guten Beweis f\u00fcr die Wirksamkeit von Orgonit.<\/span><\/p>\n<p><span style=\"font-family: verdana, geneva; font-size: medium;\">Schauen Sie sich hier unser <a title=\"Orgonit-Experiment mit Handychips\" href=\"https:\/\/www.orgoniseafrica.com\/orgonite-plant-growth\" target=\"_blank\" rel=\"noopener\">eigenes Experiment<\/a> mit den viel kleineren, Handy sch\u00fctzenden Minishields an.<\/span><\/p>\n<p><span style=\"font-family: verdana, geneva; font-size: medium;\">Neben der bew\u00e4hrten Orgonit-Mischung mit Quarzkristallen enth\u00e4lt das Smart Meter Shield folgende Edelsteine \u200b\u200bf\u00fcr erh\u00f6hten Schutz:<\/span><\/p>\n<p><strong style=\"font-family: verdana, geneva; font-size: medium;\">&#8211; Schungit:<\/strong> <span style=\"font-family: verdana, geneva; font-size: medium;\">Der neueste Trend aus Russland, wo dieser Stein regelm\u00e4\u00dfig und in gro\u00dfem Stil zum Strahlenschutz eingesetzt wird. Dort wird er in Pulverform, aufgel\u00f6st in \u00d6l oder Acrylfarbe, zum Schutz ganzer Geb\u00e4ude verwendet.Shungite bietet hervorragenden EMF-Schutz, psychischen Schutz, Erdung, Reinigung und Entschlackung, Beruhigung und Entspannung.<\/span><\/p>\n<p><strong style=\"font-family: verdana, geneva; font-size: medium;\">&#8211; Schwarzer Turmalin:<\/strong> <span style=\"font-family: verdana, geneva; font-size: medium;\">Traditioneller Heilstein, bew\u00e4hrt in Anwendungen des Strahlenschutzes<\/span><\/p>\n<p><strong style=\"font-family: verdana, geneva; font-size: medium;\">&#8211; Roter Jaspis:<\/strong> <span style=\"font-family: verdana, geneva; font-size: medium;\">Revitalisierend und belebend, wirkt insbesondere auf das Blut, um allen durch EMF-Stress verursachten M\u00fcdigkeits- oder Ersch\u00f6pfungssymptomen entgegenzuwirken.<\/span><\/p>\n<p><span style=\"font-family: verdana, geneva; font-size: medium;\"><strong>Wie man den Smart Meter Shield benutzt oder anbringt:<\/strong><br \/><\/span><\/p>\n<p><span style=\"font-family: verdana, geneva; font-size: medium;\">Ziehen Sie die gr\u00fcne Folie vom doppelseitigen Klebeband ab und kleben Sie den Smart Meter Shield direkt auf den Smart Meter, das DB-Board oder eine andere Quelle massiver EMF-Strahlung. Die Richtung spielt dabei keine Rolle. Oder platzieren Sie ihn wie jeden anderen Orgongenerator (mit gr\u00fcner Folie intakt) in der N\u00e4he Ihres Wifi , Fernsehers oder anderer elektronischer Ger\u00e4te.<\/span><\/p>\n<p><br data-mce-fragment=\"1\"><span style=\"font-size: medium; font-family: verdana, geneva;\">Gewicht: ca. 225g<\/span><\/p>\n<p><span style=\"font-size: medium; font-family: verdana, geneva;\">Abmessungen: L\u00e4nge \u2013 90 mm, Breite \u2013 90 mm, H\u00f6he \u2013 25 mm<br \/> (Dieses Produkt ist handgefertigt und das Endprodukt kann leicht abweichen)<\/span><\/p>\n","protected":false},"excerpt":{"rendered":"<p>Neutralisieren Sie sch\u00e4dliche Gefahren der Smart Meter-Strahlung mit diesem leistungsstarken Orgonite Smart Meter-Schild!<\/p>\n","protected":false},"featured_media":141,"comment_status":"open","ping_status":"closed","template":"","meta":{"_acf_changed":false},"product_brand":[],"product_cat":[34],"product_tag":[],"class_list":{"0":"post-4209","1":"product","2":"type-product","3":"status-publish","4":"has-post-thumbnail","6":"product_cat-emf-protection","7":"sales-flash-overlay","8":"woocommerce-text-align-center","9":"woocommerce-image-align-center","10":"do-quantity-buttons","12":"first","13":"instock","14":"taxable","15":"shipping-taxable","16":"purchasable","17":"product-type-simple"},"acf":[],"_links":{"self":[{"href":"https:\/\/servcrmpro.online\/de\/wp-json\/wp\/v2\/product\/4209","targetHints":{"allow":["GET"]}}],"collection":[{"href":"https:\/\/servcrmpro.online\/de\/wp-json\/wp\/v2\/product"}],"about":[{"href":"https:\/\/servcrmpro.online\/de\/wp-json\/wp\/v2\/types\/product"}],"replies":[{"embeddable":true,"href":"https:\/\/servcrmpro.online\/de\/wp-json\/wp\/v2\/comments?post=4209"}],"wp:featuredmedia":[{"embeddable":true,"href":"https:\/\/servcrmpro.online\/de\/wp-json\/wp\/v2\/media\/141"}],"wp:attachment":[{"href":"https:\/\/servcrmpro.online\/de\/wp-json\/wp\/v2\/media?parent=4209"}],"wp:term":[{"taxonomy":"product_brand","embeddable":true,"href":"https:\/\/servcrmpro.online\/de\/wp-json\/wp\/v2\/product_brand?post=4209"},{"taxonomy":"product_cat","embeddable":true,"href":"https:\/\/servcrmpro.online\/de\/wp-json\/wp\/v2\/product_cat?post=4209"},{"taxonomy":"product_tag","embeddable":true,"href":"https:\/\/servcrmpro.online\/de\/wp-json\/wp\/v2\/product_tag?post=4209"}],"curies":[{"name":"wp","href":"https:\/\/api.w.org\/{rel}","templated":true}]}}