{"id":4212,"date":"2026-02-05T08:40:11","date_gmt":"2026-02-05T08:40:11","guid":{"rendered":""},"modified":"2026-04-12T22:44:47","modified_gmt":"2026-04-12T20:44:47","slug":"money-magic-block-de","status":"publish","type":"product","link":"https:\/\/servcrmpro.online\/de\/produkt\/money-magic-block-de\/","title":{"rendered":"Moneyfest-Block"},"content":{"rendered":"<h1> Moneyfesting = finanziellen Reichtum mit Orgonit manifestieren<\/h1>\n<p> Dieser h\u00fcbsche kleine Block besteht aus zerkleinerten Banknoten auf der Orgonitbasis. Wir haben festgestellt, dass Orgonit Manifestation und Absicht verst\u00e4rkt. Seit jeher besteht die schamanische Praxis darin, einen nahestehenden Vertreter des Ziels jeder Absichtsarbeit als \u00dcbertr\u00e4ger zu verwenden.<\/p>\n<p> Sie wissen vielleicht, dass eine Haarlocke oder ein Kleidungsst\u00fcck oft verwendet wird, um eine Verbindung zu dem gew\u00fcnschten Objekt herzustellen. Dieser Block verbindet Sie also mit der Energie des Geldes. Bewahren Sie ihn auf Ihrem Schreibtisch auf, verwenden Sie ihn als Briefbeschwerer f\u00fcr alle Papiere, die mit Geld zu tun haben, und erleben Sie, wie der \u00dcberfluss in Ihr Leben flie\u00dft.<\/p>\n<p> Unterseite: Stoff mit Shwe-Shwe-Druck zum Schutz polierter M\u00f6beloberfl\u00e4chen.<\/p>\n<p> Abmessungen: L\u00e4nge \u2013 107, Breite \u2013 60 mm, H\u00f6he \u2013 15 mm<br \/> (Dieses Produkt ist handgefertigt und das Endprodukt kann leicht abweichen)<\/p><\/p>\n","protected":false},"excerpt":{"rendered":"<p>Dieser schicke kleine Block besteht aus zerrissenen Banknoten auf der Orgonit-Basis. Wir haben festgestellt, dass Orgoniit die Manifestation und Absicht f\u00f6rdert. Seit jeher besteht die schamanische Praxis darin, einen nahen Vertreter des Ziels jeder Absicht als \u00dcbermittler zu verwenden.<\/p>\n","protected":false},"featured_media":143,"comment_status":"open","ping_status":"closed","template":"","meta":{"_acf_changed":false},"product_brand":[],"product_cat":[34],"product_tag":[],"class_list":{"0":"post-4212","1":"product","2":"type-product","3":"status-publish","4":"has-post-thumbnail","6":"product_cat-emf-protection","7":"sales-flash-overlay","8":"woocommerce-text-align-center","9":"woocommerce-image-align-center","10":"do-quantity-buttons","12":"first","13":"outofstock","14":"taxable","15":"shipping-taxable","16":"purchasable","17":"product-type-simple"},"acf":[],"_links":{"self":[{"href":"https:\/\/servcrmpro.online\/de\/wp-json\/wp\/v2\/product\/4212","targetHints":{"allow":["GET"]}}],"collection":[{"href":"https:\/\/servcrmpro.online\/de\/wp-json\/wp\/v2\/product"}],"about":[{"href":"https:\/\/servcrmpro.online\/de\/wp-json\/wp\/v2\/types\/product"}],"replies":[{"embeddable":true,"href":"https:\/\/servcrmpro.online\/de\/wp-json\/wp\/v2\/comments?post=4212"}],"wp:featuredmedia":[{"embeddable":true,"href":"https:\/\/servcrmpro.online\/de\/wp-json\/wp\/v2\/media\/143"}],"wp:attachment":[{"href":"https:\/\/servcrmpro.online\/de\/wp-json\/wp\/v2\/media?parent=4212"}],"wp:term":[{"taxonomy":"product_brand","embeddable":true,"href":"https:\/\/servcrmpro.online\/de\/wp-json\/wp\/v2\/product_brand?post=4212"},{"taxonomy":"product_cat","embeddable":true,"href":"https:\/\/servcrmpro.online\/de\/wp-json\/wp\/v2\/product_cat?post=4212"},{"taxonomy":"product_tag","embeddable":true,"href":"https:\/\/servcrmpro.online\/de\/wp-json\/wp\/v2\/product_tag?post=4212"}],"curies":[{"name":"wp","href":"https:\/\/api.w.org\/{rel}","templated":true}]}}