{"id":4215,"date":"2026-02-05T08:41:03","date_gmt":"2026-02-05T08:41:03","guid":{"rendered":""},"modified":"2026-04-13T23:50:55","modified_gmt":"2026-04-13T21:50:55","slug":"black-daisy-orgonite-pendant-de","status":"publish","type":"product","link":"https:\/\/servcrmpro.online\/de\/produkt\/black-daisy-orgonite-pendant-de\/","title":{"rendered":"Schwarzes G\u00e4nsebl\u00fcmchen-Orgonit"},"content":{"rendered":"<h1> Schwarzer Daisy Orgonite Modeanh\u00e4nger<\/h1>\n<p> Dieser sch\u00f6ne mittelgro\u00dfe Orgonit-Anh\u00e4nger kann als sch\u00f6nes Accessoire zu fast allem getragen werden und bietet Ihnen gleichzeitig optimalen Schutz vor sch\u00e4dlicher elektromagnetischer Strahlung (EMF).<\/p>\n<p>Enth\u00e4lt die folgenden Steine, die f\u00fcr ihre strahlenabschirmenden Eigenschaften bekannt sind:<\/p>\n<ul>\n<li> Schungit<\/li>\n<li> Quarz<\/li>\n<li> Schwarzer Turmalin<\/li>\n<li> Galenit<\/li>\n<\/ul>\n<p> Eingebettet in unseren standardm\u00e4\u00dfig bew\u00e4hrten und getesteten Orgonit-Mix.<\/p>\n<p> Abmessungen: L\u00e4nge \u2013 10 mm, Durchmesser \u2013 34 mm<br \/> (Dieses Produkt ist handgefertigt und das Endprodukt kann leicht abweichen)<\/p>\n","protected":false},"excerpt":{"rendered":"<p>Dieser wundersch\u00f6ne mittelgro\u00dfe Orgonit-Anh\u00e4nger kann mit fast allem als sch\u00f6nes Accessoire getragen werden und bietet gleichzeitig optimalen Schutz vor sch\u00e4dlicher elektromagnetischer Strahlung (EMF)<\/p>\n","protected":false},"featured_media":149,"comment_status":"open","ping_status":"closed","template":"","meta":{"_acf_changed":false},"product_brand":[],"product_cat":[151],"product_tag":[],"class_list":{"0":"post-4215","1":"product","2":"type-product","3":"status-publish","4":"has-post-thumbnail","6":"product_cat-orgon-energie-anhanger-de","7":"sales-flash-overlay","8":"woocommerce-text-align-center","9":"woocommerce-image-align-center","10":"do-quantity-buttons","12":"first","13":"instock","14":"sale","15":"taxable","16":"shipping-taxable","17":"purchasable","18":"product-type-simple"},"acf":[],"_links":{"self":[{"href":"https:\/\/servcrmpro.online\/de\/wp-json\/wp\/v2\/product\/4215","targetHints":{"allow":["GET"]}}],"collection":[{"href":"https:\/\/servcrmpro.online\/de\/wp-json\/wp\/v2\/product"}],"about":[{"href":"https:\/\/servcrmpro.online\/de\/wp-json\/wp\/v2\/types\/product"}],"replies":[{"embeddable":true,"href":"https:\/\/servcrmpro.online\/de\/wp-json\/wp\/v2\/comments?post=4215"}],"wp:featuredmedia":[{"embeddable":true,"href":"https:\/\/servcrmpro.online\/de\/wp-json\/wp\/v2\/media\/149"}],"wp:attachment":[{"href":"https:\/\/servcrmpro.online\/de\/wp-json\/wp\/v2\/media?parent=4215"}],"wp:term":[{"taxonomy":"product_brand","embeddable":true,"href":"https:\/\/servcrmpro.online\/de\/wp-json\/wp\/v2\/product_brand?post=4215"},{"taxonomy":"product_cat","embeddable":true,"href":"https:\/\/servcrmpro.online\/de\/wp-json\/wp\/v2\/product_cat?post=4215"},{"taxonomy":"product_tag","embeddable":true,"href":"https:\/\/servcrmpro.online\/de\/wp-json\/wp\/v2\/product_tag?post=4215"}],"curies":[{"name":"wp","href":"https:\/\/api.w.org\/{rel}","templated":true}]}}