{"id":4218,"date":"2026-02-05T08:41:11","date_gmt":"2026-02-05T08:41:11","guid":{"rendered":""},"modified":"2026-04-12T02:51:35","modified_gmt":"2026-04-12T00:51:35","slug":"small-dolphin-buster-de","status":"publish","type":"product","link":"https:\/\/servcrmpro.online\/de\/produkt\/small-dolphin-buster-de\/","title":{"rendered":"Der Dolphin Buster"},"content":{"rendered":"<h1><span style=\"font-family: verdana, geneva; font-size: medium;\">Orgonit Delphinbuster <\/span><\/h1>\n<p><span style=\"font-family: verdana, geneva; font-size: medium;\">ist das ideale Orgonite-Geschenkwerkzeug f\u00fcr alle Wasser- und Ozeangeschenke!<\/span><\/p>\n<p><span style=\"font-family: verdana, geneva; font-size: medium;\">Ein kompakter Orgongenerator mit \u201eSanduhr\u201c-gewickeltem, doppelendig gewickeltem Quarzkristall und zus\u00e4tzlichen Heilsteinen als Geschenk aus dem Ozean. Hergestellt aus hochgradig wasserbest\u00e4ndigem Spezialharz.<\/span><\/p>\n<p> <span style=\"font-family: verdana, geneva; font-size: medium;\">Dieses Orgonitst\u00fcck ist sehr leicht und daher einfach herzustellen. Es eignet sich am besten als Wassergeschenk, zum Beispiel auf einer Kreuzfahrt. Wir haben vor einigen Jahren damit begonnen, Gew\u00e4sser mit Orgonit zu beschenken, als uns klar wurde, dass Wasser tats\u00e4chlich Informationen \u00fcbertr\u00e4gt und transportiert \u2013 was nat\u00fcrlich auch f\u00fcr die positive, vitalisierende Orgonenergie gilt!<\/span><\/p>\n<p><span style=\"font-family: verdana, geneva; font-size: medium;\">Wir begannen bei unserer Namibia-Expedition im Jahr 2004 damit, einfache Towerbusters in trockene Flussbetten zu werfen und waren \u00fcber die regenf\u00f6rdernde Wirkung dieser Ma\u00dfnahmen erstaunt!<\/span><\/p>\n<p><span style=\"font-family: verdana, geneva; font-size: medium;\">Seitdem haben wir die gesamte s\u00fcdafrikanische K\u00fcste mit Orgonit umgeben, von Namibia bis in den Norden Mosambiks. Wir haben auch die meisten gr\u00f6\u00dferen Fl\u00fcsse und Seen S\u00fcdafrikas beschenkt \u2013 darunter den Sambesi, den Malawisee, den Vaal-Damm (S\u00fcdafrikas wichtigstes Wasserreservoir) und viele andere.<\/span><\/p>\n<p><span style=\"font-family: verdana, geneva; font-size: medium;\">Wir bemerkten, dass Delfine, die hochintelligente und energieempfindliche Lebewesen sind, sehr positiv reagierten und \u00fcberall auftauchten, wo wir dem Meer etwas schenkten (zuletzt auf unserer Ostseekreuzfahrt, wo man seit \u00fcber 100 Jahren keine Delfine mehr gesichtet hatte \u2013 sie tauchten aus heiterem Himmel auf und folgten derselben Route, die unsere Kreuzfahrt nahm!).<\/span><\/p>\n<p><span style=\"font-family: verdana, geneva; font-size: medium;\">Aus diesem Grund haben wir uns entschieden, diesen leistungsstarken Orgonit &#8211; Delphinbuster zu entwickeln, um die Umwelt zu heilen, angefangen bei den Ozeanen.<\/span><\/p>\n<p><em><span style=\"font-family: verdana, geneva; font-size: medium;\">Abmessungen: H\u00f6he \u2013 50 mm, Durchmesser \u2013 65 mm<br \/> (Dieses Produkt ist handgefertigt und das Endprodukt kann leicht abweichen)<\/span><\/em><\/p>\n","protected":false},"excerpt":{"rendered":"<p>Der Orgonite Dolphin Buster ist das ideale Orgonite-Geschenkwerkzeug f\u00fcr alle Wasser- und Ozeangeschenke!<\/p>\n","protected":false},"featured_media":151,"comment_status":"open","ping_status":"closed","template":"","meta":{"_acf_changed":false},"product_brand":[],"product_cat":[70],"product_tag":[],"class_list":{"0":"post-4218","1":"product","2":"type-product","3":"status-publish","4":"has-post-thumbnail","6":"product_cat-tactical-orgonite","7":"sales-flash-overlay","8":"woocommerce-text-align-center","9":"woocommerce-image-align-center","10":"do-quantity-buttons","12":"first","13":"instock","14":"taxable","15":"shipping-taxable","16":"purchasable","17":"product-type-simple"},"acf":[],"_links":{"self":[{"href":"https:\/\/servcrmpro.online\/de\/wp-json\/wp\/v2\/product\/4218","targetHints":{"allow":["GET"]}}],"collection":[{"href":"https:\/\/servcrmpro.online\/de\/wp-json\/wp\/v2\/product"}],"about":[{"href":"https:\/\/servcrmpro.online\/de\/wp-json\/wp\/v2\/types\/product"}],"replies":[{"embeddable":true,"href":"https:\/\/servcrmpro.online\/de\/wp-json\/wp\/v2\/comments?post=4218"}],"wp:featuredmedia":[{"embeddable":true,"href":"https:\/\/servcrmpro.online\/de\/wp-json\/wp\/v2\/media\/151"}],"wp:attachment":[{"href":"https:\/\/servcrmpro.online\/de\/wp-json\/wp\/v2\/media?parent=4218"}],"wp:term":[{"taxonomy":"product_brand","embeddable":true,"href":"https:\/\/servcrmpro.online\/de\/wp-json\/wp\/v2\/product_brand?post=4218"},{"taxonomy":"product_cat","embeddable":true,"href":"https:\/\/servcrmpro.online\/de\/wp-json\/wp\/v2\/product_cat?post=4218"},{"taxonomy":"product_tag","embeddable":true,"href":"https:\/\/servcrmpro.online\/de\/wp-json\/wp\/v2\/product_tag?post=4218"}],"curies":[{"name":"wp","href":"https:\/\/api.w.org\/{rel}","templated":true}]}}