{"id":4221,"date":"2026-02-05T08:41:20","date_gmt":"2026-02-05T08:41:20","guid":{"rendered":""},"modified":"2026-04-18T14:52:33","modified_gmt":"2026-04-18T12:52:33","slug":"muti-orgone-pendant-de","status":"publish","type":"product","link":"https:\/\/servcrmpro.online\/de\/produkt\/muti-orgone-pendant-de\/","title":{"rendered":"Muti Orgonitanh\u00e4nger L"},"content":{"rendered":"<p> <span style=\"font-family: verdana, geneva; font-size: medium;\"><strong>Dieser wundersch\u00f6ne Orgonit-Anh\u00e4nger ist ein wirkungsvoller Schutz gegen elektromagnetische Strahlung (EMF) und andere negative Energien und \u00e4therische St\u00f6rungen.<\/strong><\/span><\/p>\n<\/p>\n<p> <span style=\"font-family: verdana, geneva; font-size: medium;\">Alle unsere Orgonit-Anh\u00e4nger st\u00e4rken Ihr bioenergetisches Feld (Aura), revitalisieren Ihren K\u00f6rper und sch\u00fctzen Sie vor sch\u00e4dlichen Einfl\u00fcssen wie elektromagnetischer Strahlung (EMF) oder negativen Energien.<\/span><\/p>\n<p><span style=\"font-family: verdana, geneva; font-size: medium;\"><span>Diese wundersch\u00f6ne neue Orgonit-Kreation besteht aus dem Muti-Pulver des traditionellen Heilers NaDlonge mit H\u00e4matit und Granatkr\u00fcmeln aus Kuruman und einer SBB-Minispule. Der Anh\u00e4nger ist mit dekorativen Glasperlen auf einer gewachsten Baumwollschnur befestigt.<\/span><\/span><\/p>\n<\/p>\n<p> <strong><span style=\"font-family: verdana, geneva; font-size: medium;\">Dieser Muti-Orgonite-Anh\u00e4nger ist aufgrund wiederholter \u00f6ffentlicher Nachfrage unserer Kunden entstanden.<\/span><\/strong><\/p>\n<\/p>\n<p> <span style=\"font-family: verdana, geneva; font-size: medium;\">Viele haben die Kraft des Muti Orgonite HHG oder des Muti Orgonite Towerbuster erlebt und m\u00f6chten diese Energie und diesen \u00e4therischen Schutz nun immer bei sich haben \u2013 und was<\/span> <span style=\"font-family: verdana, geneva; font-size: medium;\">g\u00e4be es Besseres, als ihn am K\u00f6rper zu tragen?<\/span><\/p>\n<p><span style=\"font-family: verdana, geneva; font-size: medium;\">Au\u00dfer der traditionellen afrikanischen Kr\u00e4utermedizin von NaDlonge, die in dem vergoldeten Kreuz in der Mitte eingeschlossen ist, weist der Anh\u00e4nger Einlagen aus Quarzkristall, schwarzem Turmalin, Granat und afrikanischem H\u00e4matit auf.<\/span><\/p>\n<p> <span style=\"font-family: verdana, geneva; font-size: medium;\">Auf der R\u00fcckseite stimuliert und reinigt eine SBB-Spule Ihr Herzchakra, w\u00e4hrend Sie den Muti-Orgonite-Anh\u00e4nger um den Hals oder an einer anderen Stelle tragen, auf die Sie ihn zu Heilzwecken anwenden m\u00f6chten.<\/span><\/p>\n<p> <span style=\"font-family: verdana, geneva; font-size: medium;\">Der Muti-Orgonite-Anh\u00e4nger wird in einem sch\u00f6nen Beutel aus traditionell inspiriertem Stoff geliefert, damit Sie ihn gut aufbewahren k\u00f6nnen und die polierte Oberfl\u00e4che des Orgonits nicht zerkratzen.<\/span><\/p>\n<\/p>\n<p><span style=\"font-family: verdana, geneva; font-size: medium;\"><a title=\"Unsere Muti Orgonite Produkte\" href=\"https:\/\/www.orgoniseafrica.com\/orgonite-african-traditional-medicine\/?___store=en\" target=\"_blank\" rel=\"noopener\">Klicken Sie hier, um mehr \u00fcber unser Sortiment an Muti Orgonite-Produkten zu erfahren.<\/a><\/span><\/p>\n<p><span style=\"font-family: verdana, geneva; font-size: medium;\">\u00a0<\/span><\/p>\n<p><span style=\"font-family: verdana, geneva; font-size: medium;\"><strong>Besondere Heilwirkungen der Inhaltsstoffe:<\/strong><\/span><\/p>\n<p><span style=\"font-family: verdana, geneva; font-size: medium;\">\u00a0<\/span><\/p>\n<p><span style=\"font-family: verdana, geneva; font-size: medium;\"><strong>&#8211; SBB-Spule:<\/strong> Stimulation des Herzchakras<\/span><\/p>\n<p> <span style=\"font-family: verdana, geneva; font-size: medium;\"><strong>&#8211; Muti-Pulver:<\/strong> Schutz vor schwarzer Magie \/ Hexerei<\/span><\/p>\n<p> <span style=\"font-family: verdana, geneva; font-size: medium;\"><strong>&#8211; H\u00e4matit:<\/strong> Vitalit\u00e4t, Lebensfreude, Produktion roter Blutk\u00f6rperchen<\/span><\/p>\n<p><span style=\"font-family: verdana, geneva; font-size: medium;\"><strong>&#8211; Granat:<\/strong> Durchhalteverm\u00f6gen in schwierigen Situationen, Gemeinschaftssinn, Libido<\/span><\/p>\n<p> <span style=\"font-family: verdana, geneva; font-size: medium;\"><strong>&#8211; Schwarzer Turmalin:<\/strong> stimuliert den Energiefluss, nat\u00fcrliches Schmerzmittel und Entspannungsmittel, neutralisiert negative Auswirkungen von Strahlung<\/span><\/p>\n<p> <span style=\"font-family: verdana, geneva; font-size: medium;\"><strong>&#8211; Amethyst:<\/strong> Konzentration und Klarheit des Geistes, innerer Frieden<\/span><\/p>\n<p> <span style=\"font-family: verdana, geneva; font-size: medium;\"><strong>&#8211; Quarz:<\/strong> Geistige Klarheit, wird immer in Orgonit verwendet, um die Orgon-Ausgabe zu verst\u00e4rken<\/span><\/p>\n<p> <span style=\"font-family: verdana, geneva; font-size: medium;\">&#8211; <strong>Kauri-Muschel:<\/strong> Fr\u00fcher als Zahlungsmittel in Nordwestafrika verwendet, steigert sie Wohlstand und Reichtum auf allen Ebenen<\/span><\/p>\n<p><span style=\"font-family: verdana, geneva; font-size: medium;\"><strong>&#8211; Blattgold:<\/strong> Sch\u00fctzend, beruhigend und w\u00e4rmend, symbolisiert Vertrauen und Reichtum<\/span><\/p>\n<p> <span style=\"font-family: verdana, geneva; font-size: medium;\">&#8211; <strong>Neodym-Magnet:<\/strong> Magnete haben starke heilende Eigenschaften und aktivieren und st\u00e4rken den Energiefluss im K\u00f6rper<\/span><\/p>\n<p><span style=\"font-family: verdana, geneva; font-size: medium;\">\u00a0<\/span><\/p>\n<p><span style=\"font-family: verdana, geneva; font-size: medium;\">Dieser Anh\u00e4nger l\u00e4sst sich gut mit Perlenarbeiten kombinieren oder in ein anderes Schmuckst\u00fcck integrieren. Sie k\u00f6nnen den Muti Orgonite-Anh\u00e4nger auch mit dicken afrikanischen Glasperlen, Samenkapseln oder \u00c4hnlichem kombinieren.<\/span><\/p>\n<p> <span style=\"font-family: verdana, geneva; font-size: medium;\">Abmessungen: ca. 79 mm x 43 mm x 14 mm oder 3,11&#8243; x 1,69&#8243; x 0,55&#8243;<\/span><\/p>\n","protected":false},"excerpt":{"rendered":"<p>Dieser wundersch\u00f6ne Orgonit-Anh\u00e4nger ist ein m\u00e4chtiger Schutz gegen elektromagnetische Strahlung (EMF) und andere negative Energien sowie \u00e4therische Interferenz.<\/p>\n","protected":false},"featured_media":153,"comment_status":"open","ping_status":"closed","template":"","meta":{"_acf_changed":false},"product_brand":[],"product_cat":[102],"product_tag":[],"class_list":{"0":"post-4221","1":"product","2":"type-product","3":"status-publish","4":"has-post-thumbnail","6":"product_cat-orgone-energy-pendants","7":"sales-flash-overlay","8":"woocommerce-text-align-center","9":"woocommerce-image-align-center","10":"do-quantity-buttons","12":"first","13":"instock","14":"taxable","15":"shipping-taxable","16":"purchasable","17":"product-type-simple"},"acf":[],"_links":{"self":[{"href":"https:\/\/servcrmpro.online\/de\/wp-json\/wp\/v2\/product\/4221","targetHints":{"allow":["GET"]}}],"collection":[{"href":"https:\/\/servcrmpro.online\/de\/wp-json\/wp\/v2\/product"}],"about":[{"href":"https:\/\/servcrmpro.online\/de\/wp-json\/wp\/v2\/types\/product"}],"replies":[{"embeddable":true,"href":"https:\/\/servcrmpro.online\/de\/wp-json\/wp\/v2\/comments?post=4221"}],"wp:featuredmedia":[{"embeddable":true,"href":"https:\/\/servcrmpro.online\/de\/wp-json\/wp\/v2\/media\/153"}],"wp:attachment":[{"href":"https:\/\/servcrmpro.online\/de\/wp-json\/wp\/v2\/media?parent=4221"}],"wp:term":[{"taxonomy":"product_brand","embeddable":true,"href":"https:\/\/servcrmpro.online\/de\/wp-json\/wp\/v2\/product_brand?post=4221"},{"taxonomy":"product_cat","embeddable":true,"href":"https:\/\/servcrmpro.online\/de\/wp-json\/wp\/v2\/product_cat?post=4221"},{"taxonomy":"product_tag","embeddable":true,"href":"https:\/\/servcrmpro.online\/de\/wp-json\/wp\/v2\/product_tag?post=4221"}],"curies":[{"name":"wp","href":"https:\/\/api.w.org\/{rel}","templated":true}]}}