{"id":4224,"date":"2026-02-05T08:41:39","date_gmt":"2026-02-05T08:41:39","guid":{"rendered":""},"modified":"2026-04-09T00:09:48","modified_gmt":"2026-04-08T22:09:48","slug":"500g-quartz-breakage-de","status":"publish","type":"product","link":"https:\/\/servcrmpro.online\/de\/produkt\/500g-quartz-breakage-de\/","title":{"rendered":"500g Quarzbruch"},"content":{"rendered":"<p> Quarzbruch ist <b>ideal f\u00fcr TBs<\/b> , insbesondere wenn er mit Amethyst geringer Qualit\u00e4t gemischt wird. Wir f\u00fcgen auch gerne eine Prise zersto\u00dfenen Pyrit hinzu, da dies die Energie viel st\u00e4rker zu machen scheint.<\/p>\n","protected":false},"excerpt":{"rendered":"<p>500g Quarz Breakage f\u00fcr deine DIY-Orgonit-Projekte.<\/p>\n","protected":false},"featured_media":157,"comment_status":"open","ping_status":"closed","template":"","meta":{"_acf_changed":false},"product_brand":[],"product_cat":[70],"product_tag":[],"class_list":{"0":"post-4224","1":"product","2":"type-product","3":"status-publish","4":"has-post-thumbnail","6":"product_cat-tactical-orgonite","7":"sales-flash-overlay","8":"woocommerce-text-align-center","9":"woocommerce-image-align-center","10":"do-quantity-buttons","12":"first","13":"instock","14":"taxable","15":"shipping-taxable","16":"purchasable","17":"product-type-simple"},"acf":[],"_links":{"self":[{"href":"https:\/\/servcrmpro.online\/de\/wp-json\/wp\/v2\/product\/4224","targetHints":{"allow":["GET"]}}],"collection":[{"href":"https:\/\/servcrmpro.online\/de\/wp-json\/wp\/v2\/product"}],"about":[{"href":"https:\/\/servcrmpro.online\/de\/wp-json\/wp\/v2\/types\/product"}],"replies":[{"embeddable":true,"href":"https:\/\/servcrmpro.online\/de\/wp-json\/wp\/v2\/comments?post=4224"}],"wp:featuredmedia":[{"embeddable":true,"href":"https:\/\/servcrmpro.online\/de\/wp-json\/wp\/v2\/media\/157"}],"wp:attachment":[{"href":"https:\/\/servcrmpro.online\/de\/wp-json\/wp\/v2\/media?parent=4224"}],"wp:term":[{"taxonomy":"product_brand","embeddable":true,"href":"https:\/\/servcrmpro.online\/de\/wp-json\/wp\/v2\/product_brand?post=4224"},{"taxonomy":"product_cat","embeddable":true,"href":"https:\/\/servcrmpro.online\/de\/wp-json\/wp\/v2\/product_cat?post=4224"},{"taxonomy":"product_tag","embeddable":true,"href":"https:\/\/servcrmpro.online\/de\/wp-json\/wp\/v2\/product_tag?post=4224"}],"curies":[{"name":"wp","href":"https:\/\/api.w.org\/{rel}","templated":true}]}}