{"id":4227,"date":"2026-02-05T08:42:28","date_gmt":"2026-02-05T08:42:28","guid":{"rendered":""},"modified":"2026-04-06T07:31:45","modified_gmt":"2026-04-06T05:31:45","slug":"red-star-orgonite-de","status":"publish","type":"product","link":"https:\/\/servcrmpro.online\/de\/produkt\/red-star-orgonite-de\/","title":{"rendered":"Roter Stern Orgonit"},"content":{"rendered":"<h1> Ein Star, der Kraft und Entschlossenheit inspiriert<\/h1>\n<p> Der Rote Stern ist seit \u00fcber 100 Jahren das Symbol der Roten Armee und heute der russischen Armee.<\/p>\n<p> Ein altes russisches Sprichwort lautet: \u201eRussland hat nur zwei Freunde: die Armee und die Marine.\u201c Das Sprichwort ist so alt, dass es keine Luftwaffe erw\u00e4hnt.<\/p>\n<p>Obwohl sich niemand, der bei klarem Verstand ist, den sowjetischen Kommunismus zur\u00fcckw\u00fcnschen w\u00fcrde, l\u00f6sen die Symbole und Grafiken dieser \u00c4ra auch heute noch starke Emotionen aus und tauchen in zeitgen\u00f6ssischer Form immer wieder auf.<\/p>\n<p> Mit anderen Worten steht es f\u00fcr Ihre F\u00e4higkeit, Ihre Unabh\u00e4ngigkeit auch unter widrigen Umst\u00e4nden zu wahren.<\/p>\n<p> <strong>Zutaten:<\/strong><\/p>\n<ul>\n<li> Orgonit-Matrix<\/li>\n<li> Quarz<\/li>\n<li> Gr\u00fcner Aventurin<\/li>\n<li> Transvaal-Jade (Chrome-Glossar)<\/li>\n<li> Amazonit<\/li>\n<\/ul>\n<p> Abmessungen: Dicke \u2013 10 mm, Durchmesser \u2013 34 mm<br \/> (Dieses Produkt ist handgefertigt und das Endprodukt kann leicht abweichen)<\/p>\n","protected":false},"excerpt":{"rendered":"<p>Der Rote Stern ist seit \u00fcber 100 Jahren das Symbol der Roten Armee und jetzt der russischen Armee.<\/p>\n","protected":false},"featured_media":160,"comment_status":"open","ping_status":"closed","template":"","meta":{"_acf_changed":false},"product_brand":[],"product_cat":[70],"product_tag":[],"class_list":{"0":"post-4227","1":"product","2":"type-product","3":"status-publish","4":"has-post-thumbnail","6":"product_cat-tactical-orgonite","7":"sales-flash-overlay","8":"woocommerce-text-align-center","9":"woocommerce-image-align-center","10":"do-quantity-buttons","12":"first","13":"instock","14":"taxable","15":"shipping-taxable","16":"purchasable","17":"product-type-simple"},"acf":[],"_links":{"self":[{"href":"https:\/\/servcrmpro.online\/de\/wp-json\/wp\/v2\/product\/4227","targetHints":{"allow":["GET"]}}],"collection":[{"href":"https:\/\/servcrmpro.online\/de\/wp-json\/wp\/v2\/product"}],"about":[{"href":"https:\/\/servcrmpro.online\/de\/wp-json\/wp\/v2\/types\/product"}],"replies":[{"embeddable":true,"href":"https:\/\/servcrmpro.online\/de\/wp-json\/wp\/v2\/comments?post=4227"}],"wp:featuredmedia":[{"embeddable":true,"href":"https:\/\/servcrmpro.online\/de\/wp-json\/wp\/v2\/media\/160"}],"wp:attachment":[{"href":"https:\/\/servcrmpro.online\/de\/wp-json\/wp\/v2\/media?parent=4227"}],"wp:term":[{"taxonomy":"product_brand","embeddable":true,"href":"https:\/\/servcrmpro.online\/de\/wp-json\/wp\/v2\/product_brand?post=4227"},{"taxonomy":"product_cat","embeddable":true,"href":"https:\/\/servcrmpro.online\/de\/wp-json\/wp\/v2\/product_cat?post=4227"},{"taxonomy":"product_tag","embeddable":true,"href":"https:\/\/servcrmpro.online\/de\/wp-json\/wp\/v2\/product_tag?post=4227"}],"curies":[{"name":"wp","href":"https:\/\/api.w.org\/{rel}","templated":true}]}}