{"id":4230,"date":"2026-02-05T08:44:13","date_gmt":"2026-02-05T08:44:13","guid":{"rendered":""},"modified":"2026-04-09T04:03:43","modified_gmt":"2026-04-09T02:03:43","slug":"colloidal-silver-kit-de","status":"publish","type":"product","link":"https:\/\/servcrmpro.online\/de\/produkt\/colloidal-silver-kit-de\/","title":{"rendered":"Kolloidales Silber-Elektroden"},"content":{"rendered":"<h2>Machen Sie Ihr eigenes kolloidales Silber!<\/h2>\n<p><em>Zum Gebrauch ist ein Zapper notwendig (Clarkzapper oder einer unserer Orgonzapper). Sollten Sie bereits einen unserer Zapper besitzen, brauchen Sie keinen zus\u00e4tzlichen erwerben. Bei regelm\u00e4\u00dfigem Gebrauch empfehlen wir die Nutzung eines Clarkzappers + Adapters. Zapper + Adapter separat oder im Paket erh\u00e4ltlich &#8211; beide Optionen finden Sie weiter unten auf dieser Seite.&nbsp;<\/em><\/p>\n<p>Kolloidales Silber ist ein nat\u00fcrliches antibiotisches, antivirales und antimykotisches Heilmittel, das seit Jahrtausenden bekannt ist. Seine medizinische Verwendung l\u00e4sst sich bis ins antike Griechenland und \u00c4gypten zur\u00fcckverfolgen.<\/p>\n<p>Sogar der heutigen medizinischen Elite ist es bisher nicht gelungen, es zu verbieten (nicht, weil sie es nicht versucht h\u00e4tten), weil seine Wirkungen und seine Anwendung so gut belegt und dokumentiert sind.<\/p>\n<p>Kolloidales Silber wird in Apotheken und Reformh\u00e4usern in kleinen Flaschen zu relativ hohen Preisen verkauft &#8211; mit unserem Kit geht es auch einfach und bequem von zu Hause aus!<\/p>\n<p>Das CS Kit besteht aus 2 Elektroden aus 9999er Feinsilber. Eingesteckt in Ihren Zapper (alle unsere Modelle, nicht im Lieferumfang enthalten) k\u00f6nnen Sie damit kolloidales Silber herstellen. H\u00e4ngen Sie die Drahtelektroden einfach in ein Glas destilliertes Wasser und trinken Sie sofort Ihre t\u00e4gliche Dosis kolloidales Silber. Ein idealer Reisebegleiter.<\/p>\n<p><strong>Nicht f\u00fcr die Produktion gro\u00dfer Mengen oder die gewerbliche Nutzung bestimmt.<\/strong><\/p>\n<p>Dies ist ein pers\u00f6nliches Ger\u00e4t und eine Erweiterung der Zapper-Funktionalit\u00e4t.&nbsp;Das mit dieser einfachen Erweiterung hergestellte kolloidale Silber kann eine geringere Qualit\u00e4t (Partikelgr\u00f6\u00dfe und Stabilit\u00e4t) aufweisen als das im Handel erh\u00e4ltliche.&nbsp;Wir verwenden es jedoch seit Jahren mit gro\u00dfartigen Ergebnissen.<\/p>\n<p>Sie k\u00f6nnen auch gut gefiltertes und orgonisiertes Wasser verwenden.<br \/>20 Minuten Einwirkungszeit reichen aus, um eine ausreichende Silberkonzentration in einem normalen Wasserglas (200 ml) zu erreichen.<\/p>\n<p><strong>Trinken Sie lieber ein Glas als einen Teel\u00f6ffel voll<\/strong><\/p>\n<p><em><strong>Abmessungen<\/strong>: L\u00e4nge \u2013 131 mm, Durchmesser \u2013 15 mm<\/em><\/p>\n<p><em><strong>Lieferumfang<\/strong>: Kolloidalsilber-Elektroden<\/em><\/p>\n<p><em>Abgebildete Zapper und Adapter sind NICHT im Lieferumfang enthalten.<\/em><\/p>\n<p><em>Dieses Produkt ist handgefertigt und das Endprodukt kann leicht abweichen.<\/em><\/p>\n","protected":false},"excerpt":{"rendered":"<p>F\u00fcr die volle Funktionalit\u00e4t ist ein Zapper erforderlich (jeder unserer Sortimente reicht aus). Wenn du bereits einen Zapper besitzt, kannst du einfach die Elektroden nehmen und mit deinem bestehenden Zapper verwenden. F\u00fcr h\u00e4ufige Nutzung empfehlen wir, die kolloidalen Silberelektroden mit einem Simple Zapper und einem Steckdosen zu kombinieren \u2013 scrollen Sie nach unten zu&#8230;<\/p>\n","protected":false},"featured_media":2373,"comment_status":"open","ping_status":"closed","template":"","meta":{"_acf_changed":false},"product_brand":[],"product_cat":[26],"product_tag":[],"class_list":{"0":"post-4230","1":"product","2":"type-product","3":"status-publish","4":"has-post-thumbnail","6":"product_cat-orgone-zappers","7":"sales-flash-overlay","8":"woocommerce-text-align-center","9":"woocommerce-image-align-center","10":"do-quantity-buttons","12":"first","13":"instock","14":"taxable","15":"shipping-taxable","16":"purchasable","17":"product-type-simple"},"acf":[],"_links":{"self":[{"href":"https:\/\/servcrmpro.online\/de\/wp-json\/wp\/v2\/product\/4230","targetHints":{"allow":["GET"]}}],"collection":[{"href":"https:\/\/servcrmpro.online\/de\/wp-json\/wp\/v2\/product"}],"about":[{"href":"https:\/\/servcrmpro.online\/de\/wp-json\/wp\/v2\/types\/product"}],"replies":[{"embeddable":true,"href":"https:\/\/servcrmpro.online\/de\/wp-json\/wp\/v2\/comments?post=4230"}],"wp:featuredmedia":[{"embeddable":true,"href":"https:\/\/servcrmpro.online\/de\/wp-json\/wp\/v2\/media\/2373"}],"wp:attachment":[{"href":"https:\/\/servcrmpro.online\/de\/wp-json\/wp\/v2\/media?parent=4230"}],"wp:term":[{"taxonomy":"product_brand","embeddable":true,"href":"https:\/\/servcrmpro.online\/de\/wp-json\/wp\/v2\/product_brand?post=4230"},{"taxonomy":"product_cat","embeddable":true,"href":"https:\/\/servcrmpro.online\/de\/wp-json\/wp\/v2\/product_cat?post=4230"},{"taxonomy":"product_tag","embeddable":true,"href":"https:\/\/servcrmpro.online\/de\/wp-json\/wp\/v2\/product_tag?post=4230"}],"curies":[{"name":"wp","href":"https:\/\/api.w.org\/{rel}","templated":true}]}}