{"id":4236,"date":"2026-02-05T08:44:30","date_gmt":"2026-02-05T08:44:30","guid":{"rendered":""},"modified":"2026-04-08T20:13:53","modified_gmt":"2026-04-08T18:13:53","slug":"limpet-buster-de","status":"publish","type":"product","link":"https:\/\/servcrmpro.online\/de\/produkt\/limpet-buster-de\/","title":{"rendered":"Haftminen-Buster"},"content":{"rendered":"<h1>Orgonite Towerbuster mit Neodym-Magnet, Schungit-Quarz und Orgonit-Matrix.<\/h1>\n<p>Dies ist der Orgonite Towerbuster, auf den Sie gewartet haben: Ideal zur Beschenkung von Innenst\u00e4dten, da er an Laternenpf\u00e4hlen, Verkehrs- oder Werbeschildern, Stahlz\u00e4unen oder anderen Stahlkonstruktionen haftet.<\/p>\n<p>Auf diese Weise k\u00f6nnen Sie einige Geschenke in Innenst\u00e4dten hinterlassen, wo es kein Gr\u00fcn gibt, um Ihre Dirty Harries zu verstecken.<\/p>\n<p>Durch seinen unaufdringlichen Grauton ist er ideal f\u00fcr diese Aufgabe geeignet.<\/p>\n<p>Abmessungen: H\u00f6he \u2013 50 mm, Durchmesser \u2013 64 mm<br \/> (Dieses Produkt ist handgefertigt und das Endprodukt kann leicht abweichen)<\/p>\n<p>&nbsp;<\/p>\n","protected":false},"excerpt":{"rendered":"<p>Das ist der Orgonite Towerbuster, auf den Sie gewartet haben: Ideal f\u00fcr Geschenke in Innenstadt, da er an Laternenpf\u00e4hlen, Verkehrs- oder Werbeschildern, Stahlz\u00e4unen oder anderen Stahlkonstruktionen haftet.<\/p>\n","protected":false},"featured_media":2371,"comment_status":"open","ping_status":"closed","template":"","meta":{"_acf_changed":false},"product_brand":[],"product_cat":[70],"product_tag":[],"class_list":{"0":"post-4236","1":"product","2":"type-product","3":"status-publish","4":"has-post-thumbnail","6":"product_cat-tactical-orgonite","7":"sales-flash-overlay","8":"woocommerce-text-align-center","9":"woocommerce-image-align-center","10":"do-quantity-buttons","12":"first","13":"instock","14":"taxable","15":"shipping-taxable","16":"purchasable","17":"product-type-simple"},"acf":[],"_links":{"self":[{"href":"https:\/\/servcrmpro.online\/de\/wp-json\/wp\/v2\/product\/4236","targetHints":{"allow":["GET"]}}],"collection":[{"href":"https:\/\/servcrmpro.online\/de\/wp-json\/wp\/v2\/product"}],"about":[{"href":"https:\/\/servcrmpro.online\/de\/wp-json\/wp\/v2\/types\/product"}],"replies":[{"embeddable":true,"href":"https:\/\/servcrmpro.online\/de\/wp-json\/wp\/v2\/comments?post=4236"}],"wp:featuredmedia":[{"embeddable":true,"href":"https:\/\/servcrmpro.online\/de\/wp-json\/wp\/v2\/media\/2371"}],"wp:attachment":[{"href":"https:\/\/servcrmpro.online\/de\/wp-json\/wp\/v2\/media?parent=4236"}],"wp:term":[{"taxonomy":"product_brand","embeddable":true,"href":"https:\/\/servcrmpro.online\/de\/wp-json\/wp\/v2\/product_brand?post=4236"},{"taxonomy":"product_cat","embeddable":true,"href":"https:\/\/servcrmpro.online\/de\/wp-json\/wp\/v2\/product_cat?post=4236"},{"taxonomy":"product_tag","embeddable":true,"href":"https:\/\/servcrmpro.online\/de\/wp-json\/wp\/v2\/product_tag?post=4236"}],"curies":[{"name":"wp","href":"https:\/\/api.w.org\/{rel}","templated":true}]}}