{"id":4239,"date":"2026-02-05T08:44:37","date_gmt":"2026-02-05T08:44:37","guid":{"rendered":""},"modified":"2026-04-06T07:31:46","modified_gmt":"2026-04-06T05:31:46","slug":"candle-holder-de","status":"publish","type":"product","link":"https:\/\/servcrmpro.online\/de\/produkt\/candle-holder-de\/","title":{"rendered":"Orgonit-Kerzenhalter"},"content":{"rendered":"<p>Was k\u00f6nnte sch\u00f6ner sein, als Ihr Zuhause mit diesem stilvollen Orgon-Kerzenhalter zu dekorieren und es gleichzeitig mit wundersch\u00f6ner Orgon-Energie zu erf\u00fcllen.<\/p>\n<p>Egal ob Sie den Esstisch festlich decken oder Ihrem pers\u00f6nlichen Bereich eine stimmungsvolle Atmosph\u00e4re verleihen wollen, der Orgon-Kerzenhalter besticht durch Stil, Sch\u00f6nheit und Eleganz.<\/p>\n<p>Unter der glatten, farbenfrohen Oberfl\u00e4che des Orgon-Kerzenhalters verbirgt sich ein Kern aus echtem Orgonit mit Aluminium- und Messingsp\u00e4nen, Quarzkristallen und einigen anderen Edelsteinen. Dieser Orgonit-Kerzenhalter wird in zwei Schritten hergestellt. Zuerst gie\u00dfen wir den Orgonitkern. Dann beschichten wir den Kern mit einer dicken Schicht aus pigmentiertem Harz. Die Oberfl\u00e4che wird dann sandgestrahlt, um einen besonders hochwertigen matten Glanz zu erzielen.<\/p>\n<p>Die Kupferendkappe in der Mitte passt f\u00fcr die meisten Kerzen in Standardgr\u00f6\u00dfe. F\u00fcr etwas kleinere Kerzen gibt es einen Kupferadapterring zum Einstecken in die Kappe.<\/p>\n<p>Die Unterseite des Orgonite-Kerzenhalters ist mit selbstklebendem Filz beklebt.<\/p>\n<p>Der Orgonite-Kerzenhalter ist in 5 ansprechenden Farben erh\u00e4ltlich.<\/p>\n<p>Ma\u00dfe \u00f8105 x 35 mm, 300 Gramm<\/p>\n<p>Dieses Produkt wird in liebevoller Handarbeit hergestellt. Das Endprodukt kann geringf\u00fcgig abweichen. Aufgrund der Beschichtungstechnik k\u00f6nnen kleine Risse oder Blasen entstehen, die jedoch den Gesamteindruck des Orgon-Kerzenhalters nicht beeintr\u00e4chtigen.<\/p>\n<p>&nbsp;<\/p>\n","protected":false},"excerpt":{"rendered":"<p>Was k\u00f6nnte mehr Spa\u00df machen, als Ihr Zuhause mit diesem glatten und stilvollen Orgone-Kerzenhalter zu dekorieren und gleichzeitig mit wundersch\u00f6ner Orgone-Energie zu versehen?<\/p>\n","protected":false},"featured_media":2370,"comment_status":"open","ping_status":"closed","template":"","meta":{"_acf_changed":false},"product_brand":[],"product_cat":[107],"product_tag":[],"class_list":{"0":"post-4239","1":"product","2":"type-product","3":"status-publish","4":"has-post-thumbnail","6":"product_cat-orgonite-gifts","7":"sales-flash-overlay","8":"woocommerce-text-align-center","9":"woocommerce-image-align-center","10":"do-quantity-buttons","12":"first","13":"outofstock","14":"taxable","15":"shipping-taxable","16":"purchasable","17":"product-type-simple"},"acf":[],"_links":{"self":[{"href":"https:\/\/servcrmpro.online\/de\/wp-json\/wp\/v2\/product\/4239","targetHints":{"allow":["GET"]}}],"collection":[{"href":"https:\/\/servcrmpro.online\/de\/wp-json\/wp\/v2\/product"}],"about":[{"href":"https:\/\/servcrmpro.online\/de\/wp-json\/wp\/v2\/types\/product"}],"replies":[{"embeddable":true,"href":"https:\/\/servcrmpro.online\/de\/wp-json\/wp\/v2\/comments?post=4239"}],"wp:featuredmedia":[{"embeddable":true,"href":"https:\/\/servcrmpro.online\/de\/wp-json\/wp\/v2\/media\/2370"}],"wp:attachment":[{"href":"https:\/\/servcrmpro.online\/de\/wp-json\/wp\/v2\/media?parent=4239"}],"wp:term":[{"taxonomy":"product_brand","embeddable":true,"href":"https:\/\/servcrmpro.online\/de\/wp-json\/wp\/v2\/product_brand?post=4239"},{"taxonomy":"product_cat","embeddable":true,"href":"https:\/\/servcrmpro.online\/de\/wp-json\/wp\/v2\/product_cat?post=4239"},{"taxonomy":"product_tag","embeddable":true,"href":"https:\/\/servcrmpro.online\/de\/wp-json\/wp\/v2\/product_tag?post=4239"}],"curies":[{"name":"wp","href":"https:\/\/api.w.org\/{rel}","templated":true}]}}