{"id":4245,"date":"2026-02-05T08:44:53","date_gmt":"2026-02-05T08:44:53","guid":{"rendered":""},"modified":"2026-04-12T18:16:37","modified_gmt":"2026-04-12T16:16:37","slug":"orgonite-food-charging-plate-de","status":"publish","type":"product","link":"https:\/\/servcrmpro.online\/de\/produkt\/orgonite-food-charging-plate-de\/","title":{"rendered":"Orgonitplatte zur Essensaufladung"},"content":{"rendered":"<h3><span style=\"font-family: verdana, geneva; font-size: medium;\">Speisen-Energisierer-Platte<\/span><\/h3>\n<p><span style=\"font-family: verdana, geneva; font-size: medium;\">Diese energetisierende, vitalisierende Orgonitplatte ist nicht nur sch\u00f6n anzusehen, sondern auch sehr kraftvoll.<\/span><\/p>\n<p><span style=\"font-family: verdana, geneva; font-size: medium;\">Die bew\u00e4hrte Kombination aus SBB-Spule und Neodym-Magnet dient dazu, die Energie zu bewegen, zu vitalisieren und nach oben in Ihr Lebensmittel zu dr\u00fccken.<\/span><\/p>\n<p><span style=\"font-family: verdana, geneva; font-size: medium;\">Wir haben dem Orgonit-Mix wertvolle Superfoods beigef\u00fcgt. \u00c4hnlich wie Kristalle haben die Superfoods kraftvolle Schwingungen, die vom Orgonit getragen werden und Ihre Nahrung \u2013 und damit Ihren K\u00f6rper \u2013 n\u00e4hren und vitalisieren.<\/span><\/p>\n<h3><span style=\"font-family: verdana, geneva; font-size: medium;\">Zutaten:<\/span><\/h3>\n<p><span style=\"color: #333333;\"><span style=\"font-family: Verdana, Geneva, sans-serif;\"><span style=\"font-size: medium;\">Quarzkristallpunkte: erhebend, kreativ, st\u00e4rkend.<\/span><\/span><\/span><\/p>\n<p><span style=\"color: #333333;\"><span style=\"font-family: Verdana, Geneva, sans-serif;\"><span style=\"font-size: medium;\">Dolomit: Ents\u00e4uernd, entspannend, krampfl\u00f6send.<\/span><\/span><\/span><\/p>\n<p><span style=\"color: #333333;\"><span style=\"font-family: Verdana, Geneva, sans-serif;\"><span style=\"font-size: medium;\">Blattgold: w\u00e4rmend, belebend, angstl\u00f6send<\/span><\/span><\/span><\/p>\n<p><span style=\"color: #333333;\"><span style=\"font-family: Verdana, Geneva, sans-serif;\"><span style=\"font-size: medium;\">dekorative t\u00fcrkise Perlen und Inlays aus farbigem Howlith<\/span><\/span><\/span><\/p>\n<p><span style=\"color: #333333;\"><span style=\"font-family: Verdana, Geneva, sans-serif;\"><span style=\"font-size: medium;\">SBB-Spirale aus Kupferdraht: Bringt Energie in Bewegung<\/span><\/span><\/span><\/p>\n<p><span style=\"color: #333333;\"><span style=\"font-family: Verdana, Geneva, sans-serif;\"><span style=\"font-size: medium;\">Neodym-Magnet: Lenkt den Energiefluss<\/span><\/span><\/span><\/p>\n<p><span style=\"color: #333333;\"><span style=\"font-family: Verdana, Geneva, sans-serif;\"><span style=\"font-size: medium;\">Superfood-Mix: enth\u00e4lt u.a. Rohkakao, Moringa, Maca-Wurzel, Affenbrotbaum, Mesquite. Diese konzentrierten N\u00e4hrstoffe decken s\u00e4mtliche Bed\u00fcrfnisse des K\u00f6rpers ab.<\/span><\/span><\/span><\/p>\n<p>&nbsp;<\/p>\n<p>Die Unterseite ist mit selbstklebendem Filz <span style=\"font-family: verdana, geneva; font-size: medium;\">in einem sch\u00f6nen T\u00fcrkiston<\/span> <span style=\"font-family: verdana, geneva; font-size: medium;\">bedeckt,<\/span> <span style=\"font-family: verdana, geneva; font-size: medium;\">um Ihre Tischplatte vor Kratzern zu sch\u00fctzen.<\/span><\/p>\n<h4><span style=\"color: #333333;\"><span style=\"font-family: Verdana, Geneva, sans-serif;\"><span style=\"font-size: medium;\">Heilende Anwendungen:<\/span><\/span><\/span><\/h4>\n<p><span style=\"color: #333333;\"><span style=\"font-family: Verdana, Geneva, sans-serif;\"><span style=\"font-size: medium;\">Nach langj\u00e4hriger Erfahrung mit diesem Teller empfehlen wir die Anwendung besonders bei Schlaflosigkeit, Angst, Unruhe und Anspannung. Am besten legt man den Teller im Liegen mit der Spitze direkt auf das Herzchakra und atmet dann tief durch. Hier kommt die entspannende und krampfl\u00f6sende Wirkung des Dolomits voll zur Geltung.<\/span><\/span><\/span><\/p>\n<p><span style=\"font-family: verdana, geneva; font-size: medium;\">Farbe: blau (Farbton kann variieren, da handgefertigt)<\/span><\/p>\n<p><span style=\"font-family: verdana, geneva; font-size: medium;\">Abmessungen: H\u00f6he \u2013 10 mm, Durchmesser \u2013 152 mm<br \/> (Dieses Produkt ist handgefertigt und das Endprodukt kann leicht abweichen)<\/span><\/p>\n<p><span style=\"font-family: verdana, geneva;\"> &nbsp;<\/span><\/p>\n","protected":false},"excerpt":{"rendered":"<p>Diese energiegeladene, belebende Orgonitplatte ist nicht nur ein Vergn\u00fcgen beim Anblick, sondern auch sehr kraftvoll.<\/p>\n","protected":false},"featured_media":2368,"comment_status":"open","ping_status":"closed","template":"","meta":{"_acf_changed":false},"product_brand":[],"product_cat":[34],"product_tag":[],"class_list":{"0":"post-4245","1":"product","2":"type-product","3":"status-publish","4":"has-post-thumbnail","6":"product_cat-emf-protection","7":"sales-flash-overlay","8":"woocommerce-text-align-center","9":"woocommerce-image-align-center","10":"do-quantity-buttons","12":"first","13":"instock","14":"taxable","15":"shipping-taxable","16":"purchasable","17":"product-type-simple"},"acf":[],"_links":{"self":[{"href":"https:\/\/servcrmpro.online\/de\/wp-json\/wp\/v2\/product\/4245","targetHints":{"allow":["GET"]}}],"collection":[{"href":"https:\/\/servcrmpro.online\/de\/wp-json\/wp\/v2\/product"}],"about":[{"href":"https:\/\/servcrmpro.online\/de\/wp-json\/wp\/v2\/types\/product"}],"replies":[{"embeddable":true,"href":"https:\/\/servcrmpro.online\/de\/wp-json\/wp\/v2\/comments?post=4245"}],"wp:featuredmedia":[{"embeddable":true,"href":"https:\/\/servcrmpro.online\/de\/wp-json\/wp\/v2\/media\/2368"}],"wp:attachment":[{"href":"https:\/\/servcrmpro.online\/de\/wp-json\/wp\/v2\/media?parent=4245"}],"wp:term":[{"taxonomy":"product_brand","embeddable":true,"href":"https:\/\/servcrmpro.online\/de\/wp-json\/wp\/v2\/product_brand?post=4245"},{"taxonomy":"product_cat","embeddable":true,"href":"https:\/\/servcrmpro.online\/de\/wp-json\/wp\/v2\/product_cat?post=4245"},{"taxonomy":"product_tag","embeddable":true,"href":"https:\/\/servcrmpro.online\/de\/wp-json\/wp\/v2\/product_tag?post=4245"}],"curies":[{"name":"wp","href":"https:\/\/api.w.org\/{rel}","templated":true}]}}