{"id":4248,"date":"2026-02-05T08:45:01","date_gmt":"2026-02-05T08:45:01","guid":{"rendered":""},"modified":"2026-04-11T19:52:57","modified_gmt":"2026-04-11T17:52:57","slug":"booster-hhg-de","status":"publish","type":"product","link":"https:\/\/servcrmpro.online\/de\/produkt\/booster-hhg-de\/","title":{"rendered":"HHG-Booster"},"content":{"rendered":"<h3><span style=\"font-family: verdana, geneva; font-size: large;\">Booster HHG f\u00fcr 28mm Cloudbuster, verst\u00e4rkt mit ZnO-GANS<\/span><\/h3>\n<p><span style=\"font-family: verdana, geneva; font-size: large;\">Dieser Booster HHG enth\u00e4lt einen Tischtennisball, der mit ZnO GANS (GAs im Nano-Feststoffzustand) gef\u00fcllt ist. Diese Technologie wurde von M.V.Keshe entwickelt. ZnO GANS ist die Bezeichnung f\u00fcr im Wasser enthaltene Zink- und Sauerstoffpartikel, die durch ein elektromagnetisches Feld zusammengehalten werden. Das GANS ist sehr energiereich und kann sogar als Quelle freier Energie genutzt werden.<\/span><\/p>\n<p><span style=\"font-family: verdana, geneva; font-size: large;\">Wir verwenden es, um den Booster-HHGs zus\u00e4tzliche Energie zu verleihen, die wir gerne mit den 28-mm-Cloudbustern kombinieren. Wir haben bereits mehrere dieser Kombinationen in S\u00fcdafrika eingesetzt und dabei massiv positive Auswirkungen auf die Regenf\u00e4lle erzielt \u2013 weitere Informationen hierzu finden Sie im Blogbeitrag \u201eNo Hour Zero\u201c.<\/span><\/p>\n<p><span style=\"font-family: verdana, geneva; font-size: large;\">Sie k\u00f6nnen diese HHG einfach zwischen die Rohre Ihres Cloudbusters schieben und sehen, wie es den Effekt verst\u00e4rkt. Die Booster HHG kann auch allein als besonders leistungsstarke HHG in Ihrem Haus oder Garten verwendet werden. Bitte w\u00e4hlen Sie oben die gew\u00fcnschte Variante aus.<br \/><\/span><\/p>\n<p><span style=\"font-family: verdana, geneva; font-size: large;\">Abmessungen: H\u00f6he \u2013 87 mm, Durchmesser \u2013 88 mm oder 100 mm<br \/> (Dieses Produkt ist handgefertigt und das Endprodukt kann leicht abweichen)<\/span><\/p>\n","protected":false},"excerpt":{"rendered":"<p>Dieses Booster-HHG enth\u00e4lt einen Tischtennisball, gef\u00fcllt mit ZnO-GANS \u2013 &#8222;GAs in einem Nano-Zustand von Feststoff&#8220;. Diese Technologie wurde von M.V. Keshe entwickelt. ZnO GANS bezeichnet Zink- und Sauerstoffpartikel, die in Wasser enthalten sind und durch ein elektromagnetisches Feld angezogen werden. Dieser GANS ist sehr&#8230;<\/p>\n","protected":false},"featured_media":2367,"comment_status":"open","ping_status":"closed","template":"","meta":{"_acf_changed":false},"product_brand":[],"product_cat":[70],"product_tag":[],"class_list":{"0":"post-4248","1":"product","2":"type-product","3":"status-publish","4":"has-post-thumbnail","6":"product_cat-tactical-orgonite","7":"sales-flash-overlay","8":"woocommerce-text-align-center","9":"woocommerce-image-align-center","10":"do-quantity-buttons","12":"first","13":"outofstock","14":"taxable","15":"shipping-taxable","16":"purchasable","17":"product-type-simple"},"acf":[],"_links":{"self":[{"href":"https:\/\/servcrmpro.online\/de\/wp-json\/wp\/v2\/product\/4248","targetHints":{"allow":["GET"]}}],"collection":[{"href":"https:\/\/servcrmpro.online\/de\/wp-json\/wp\/v2\/product"}],"about":[{"href":"https:\/\/servcrmpro.online\/de\/wp-json\/wp\/v2\/types\/product"}],"replies":[{"embeddable":true,"href":"https:\/\/servcrmpro.online\/de\/wp-json\/wp\/v2\/comments?post=4248"}],"wp:featuredmedia":[{"embeddable":true,"href":"https:\/\/servcrmpro.online\/de\/wp-json\/wp\/v2\/media\/2367"}],"wp:attachment":[{"href":"https:\/\/servcrmpro.online\/de\/wp-json\/wp\/v2\/media?parent=4248"}],"wp:term":[{"taxonomy":"product_brand","embeddable":true,"href":"https:\/\/servcrmpro.online\/de\/wp-json\/wp\/v2\/product_brand?post=4248"},{"taxonomy":"product_cat","embeddable":true,"href":"https:\/\/servcrmpro.online\/de\/wp-json\/wp\/v2\/product_cat?post=4248"},{"taxonomy":"product_tag","embeddable":true,"href":"https:\/\/servcrmpro.online\/de\/wp-json\/wp\/v2\/product_tag?post=4248"}],"curies":[{"name":"wp","href":"https:\/\/api.w.org\/{rel}","templated":true}]}}