{"id":4251,"date":"2026-02-05T08:45:10","date_gmt":"2026-02-05T08:45:10","guid":{"rendered":""},"modified":"2026-04-08T20:59:20","modified_gmt":"2026-04-08T18:59:20","slug":"mysterious-and-dark-orgonite-de","status":"publish","type":"product","link":"https:\/\/servcrmpro.online\/de\/produkt\/mysterious-and-dark-orgonite-de\/","title":{"rendered":"Mysteri\u00f6s und dunkel Ladeplatte"},"content":{"rendered":"<h2> Mysteri\u00f6se und dunkle Orgonit-Ladeplatte<\/h2>\n<p> Diese universelle Ladeplatte ist wundersch\u00f6n anzusehen und hat eine sehr ruhige, warme Energie. Sie hat zwei glatte Seiten, die jeweils mit wundersch\u00f6nen Edelsteinen beladen sind. Geben Sie Ihrem Essen und Trinken Energie und nutzen Sie sie zur pers\u00f6nlichen Heilung, indem Sie sie direkt auf Ihren K\u00f6rper auftragen.<\/p>\n<p> Wenn Sie Wasser trinken, das mit dieser wunderbaren Energie aufgeladen ist, werden Sie den Unterschied schmecken und sp\u00fcren. Das so aufgeladene Wasser wird Ihr Zellwasser direkt neu strukturieren.<\/p>\n<h2> Zutaten:<\/h2>\n<p> Quarzkristallpunkte: erhebend, kreativ, st\u00e4rkend.<\/p>\n<p> Malachit: ausgleichend, beruhigend, entgiftend<\/p>\n<p>Apatit: Ordnung, Flexibilit\u00e4t, St\u00e4rke.<\/p>\n<p> Gr\u00fcner Aventurin: Gleichgewicht, Ruhe, Stabilit\u00e4t<\/p>\n<p> Fuchsit: Achtsamkeit, Zufriedenheit, Schutz<\/p>\n<p> SBB-Spule: Bringt Energie zum Flie\u00dfen<\/p>\n<p> Neodym-Magnet: Lenkt den Energiefluss<\/p>\n<p> Glimmer: Schutz, Abschirmung vor EMF<\/p>\n<p> Das Metall in der Orgonite Matrix besteht teilweise aus Messing, was der Platte eine besonders sanfte und warme Heilenergie verleiht.<\/p>\n<h3> Anwendung <\/h3>\n<p><img loading=\"lazy\" decoding=\"async\" src=\"&lt;span%20class='notranslate'&gt;{{media%20url=\" wysiwyg alt=\"Orgonise Speiseteller Anwendung\" width=\"600\" height=\"800\"><\/p>\n<p> Dieser Teller energetisiert Wasser, Getr\u00e4nke, Obst und alle anderen Lebensmittel. Verwenden Sie ihn t\u00e4glich in Ihrer K\u00fcche oder auf Ihrem Esstisch.<\/p>\n<p> <strong>Ma\u00dfe:<\/strong> 180mm Durchmesser, ca. 20mm Dicke<\/p>\n<p> <strong>Gewicht:<\/strong> 650-750gr<\/p>\n<p> Jedes St\u00fcck ist ein individuelles Handarbeitsst\u00fcck und kann vom Foto abweichen.<\/p>\n","protected":false},"excerpt":{"rendered":"<p>Diese universelle Ladeplatte ist wundersch\u00f6n anzusehen und hat eine sehr ruhige, warme Energie. Sie hat zwei glatte Seiten, die jeweils mit wundersch\u00f6nen Edelsteinen beladen sind. Versorgen Sie Ihre Nahrung und Getr\u00e4nke und nutzen Sie sie f\u00fcr pers\u00f6nliche Heilung, indem Sie sie direkt auf Ihren K\u00f6rper auftragen.<\/p>\n","protected":false},"featured_media":2366,"comment_status":"open","ping_status":"closed","template":"","meta":{"_acf_changed":false},"product_brand":[],"product_cat":[34],"product_tag":[],"class_list":{"0":"post-4251","1":"product","2":"type-product","3":"status-publish","4":"has-post-thumbnail","6":"product_cat-emf-protection","7":"sales-flash-overlay","8":"woocommerce-text-align-center","9":"woocommerce-image-align-center","10":"do-quantity-buttons","12":"first","13":"instock","14":"taxable","15":"shipping-taxable","16":"purchasable","17":"product-type-simple"},"acf":[],"_links":{"self":[{"href":"https:\/\/servcrmpro.online\/de\/wp-json\/wp\/v2\/product\/4251","targetHints":{"allow":["GET"]}}],"collection":[{"href":"https:\/\/servcrmpro.online\/de\/wp-json\/wp\/v2\/product"}],"about":[{"href":"https:\/\/servcrmpro.online\/de\/wp-json\/wp\/v2\/types\/product"}],"replies":[{"embeddable":true,"href":"https:\/\/servcrmpro.online\/de\/wp-json\/wp\/v2\/comments?post=4251"}],"wp:featuredmedia":[{"embeddable":true,"href":"https:\/\/servcrmpro.online\/de\/wp-json\/wp\/v2\/media\/2366"}],"wp:attachment":[{"href":"https:\/\/servcrmpro.online\/de\/wp-json\/wp\/v2\/media?parent=4251"}],"wp:term":[{"taxonomy":"product_brand","embeddable":true,"href":"https:\/\/servcrmpro.online\/de\/wp-json\/wp\/v2\/product_brand?post=4251"},{"taxonomy":"product_cat","embeddable":true,"href":"https:\/\/servcrmpro.online\/de\/wp-json\/wp\/v2\/product_cat?post=4251"},{"taxonomy":"product_tag","embeddable":true,"href":"https:\/\/servcrmpro.online\/de\/wp-json\/wp\/v2\/product_tag?post=4251"}],"curies":[{"name":"wp","href":"https:\/\/api.w.org\/{rel}","templated":true}]}}