{"id":4254,"date":"2026-02-05T08:45:17","date_gmt":"2026-02-05T08:45:17","guid":{"rendered":""},"modified":"2026-04-06T07:47:51","modified_gmt":"2026-04-06T05:47:51","slug":"lapis-lazuli-tb-de","status":"publish","type":"product","link":"https:\/\/servcrmpro.online\/de\/produkt\/lapis-lazuli-tb-de\/","title":{"rendered":"Lapis Lazuli TB"},"content":{"rendered":"<p> <strong><span style=\"font-family: verdana, geneva; font-size: medium;\">Orgonit-Towerbuster mit Lapislazuli zur F\u00f6rderung von Offenheit, Selbstdarstellung und Ehrlichkeit.<\/span><\/strong><\/p>\n<p> <span style=\"font-family: verdana, geneva; font-size: medium;\">Lapislazuli wird oft als Stein der Wahrheit bezeichnet. Seine gut dokumentierten Heilkr\u00e4fte reichen von der Linderung von Gelenkschmerzen und allgemeinen Entz\u00fcndungen bis hin zur St\u00e4rkung der F\u00e4higkeit, die Wahrheit zu sprechen und zu h\u00f6ren, der Aufl\u00f6sung einschr\u00e4nkender Verhaltensmuster, der Hilfe bei der \u00dcberwindung von Depressionen und der Erlangung einer selbstbewussten Haltung im Leben.<\/span><\/p>\n<p> <span style=\"font-family: verdana, geneva; font-size: medium;\">Ein wunderbarer Stein \u2013 und noch wunderbarer, wenn er durch die vitalisierende Kraft von Orgonit verst\u00e4rkt wird.<\/span><\/p>\n<p><span style=\"font-family: verdana, geneva; font-size: medium;\">Wir haben einige auf Sonderwunsch von Freunden hergestellt und sehr positives Feedback erhalten \u2013 und<\/span> <span style=\"font-family: verdana, geneva; font-size: medium;\">hier ist es nun, endlich ein Standardprodukt.<\/span><\/p>\n<p> <span style=\"font-family: verdana, geneva; font-size: medium;\">Die Lapis Towerbusters sind eine sch\u00f6ne Bereicherung f\u00fcr Ihr Zuhause, eignen sich aber auch hervorragend als Geschenk f\u00fcr Regierungsinstitutionen und andere Orte, an denen Entscheidungen getroffen werden, die uns alle betreffen.<\/span><\/p>\n<p> <span style=\"font-family: verdana, geneva; font-size: medium;\">Setzen Sie es \u00fcberall dort ein, wo es ein bisschen mehr Wahrheit und ein Aufbrechen festgefahrener Routinen n\u00f6tig sein kann!<\/span><\/p>\n<p> <span style=\"font-family: verdana, geneva; font-size: medium;\">Wir verwenden in diesem Orgonite Towerbuster mindestens 4\u20135 Lapislazuli-Perlen und zerkleinerten Lapis aus einem gro\u00dfen Block sowie den normalen Quarzkristallbruch.<\/span><\/p>\n<p><span style=\"font-family: verdana, geneva; font-size: medium;\">Die Oberfl\u00e4che dieses Towerbusters ist mit den Slick Jim Orgonite Towerbusters vergleichbar. Sie werden aufgrund ihrer glatten Oberfl\u00e4che ausgew\u00e4hlt und die Kanten sind abgerundet, aber nicht auf Hochglanz poliert.<\/span><\/p>\n<p> Abmessungen: H\u00f6he \u2013 25 mm, Durchmesser \u2013 65 mm<br \/> (Dieses Produkt ist handgefertigt und das Endprodukt kann leicht abweichen)<\/p>\n","protected":false},"excerpt":{"rendered":"<p>Orgonite Towerbuster mit Lapis Lazuli zur F\u00f6rderung von Offenheit, Selbstausdruck und Ehrlichkeit.<\/p>\n","protected":false},"featured_media":2365,"comment_status":"open","ping_status":"closed","template":"","meta":{"_acf_changed":false},"product_brand":[],"product_cat":[70],"product_tag":[],"class_list":{"0":"post-4254","1":"product","2":"type-product","3":"status-publish","4":"has-post-thumbnail","6":"product_cat-tactical-orgonite","7":"sales-flash-overlay","8":"woocommerce-text-align-center","9":"woocommerce-image-align-center","10":"do-quantity-buttons","12":"first","13":"instock","14":"taxable","15":"shipping-taxable","16":"purchasable","17":"product-type-simple"},"acf":[],"_links":{"self":[{"href":"https:\/\/servcrmpro.online\/de\/wp-json\/wp\/v2\/product\/4254","targetHints":{"allow":["GET"]}}],"collection":[{"href":"https:\/\/servcrmpro.online\/de\/wp-json\/wp\/v2\/product"}],"about":[{"href":"https:\/\/servcrmpro.online\/de\/wp-json\/wp\/v2\/types\/product"}],"replies":[{"embeddable":true,"href":"https:\/\/servcrmpro.online\/de\/wp-json\/wp\/v2\/comments?post=4254"}],"wp:featuredmedia":[{"embeddable":true,"href":"https:\/\/servcrmpro.online\/de\/wp-json\/wp\/v2\/media\/2365"}],"wp:attachment":[{"href":"https:\/\/servcrmpro.online\/de\/wp-json\/wp\/v2\/media?parent=4254"}],"wp:term":[{"taxonomy":"product_brand","embeddable":true,"href":"https:\/\/servcrmpro.online\/de\/wp-json\/wp\/v2\/product_brand?post=4254"},{"taxonomy":"product_cat","embeddable":true,"href":"https:\/\/servcrmpro.online\/de\/wp-json\/wp\/v2\/product_cat?post=4254"},{"taxonomy":"product_tag","embeddable":true,"href":"https:\/\/servcrmpro.online\/de\/wp-json\/wp\/v2\/product_tag?post=4254"}],"curies":[{"name":"wp","href":"https:\/\/api.w.org\/{rel}","templated":true}]}}