{"id":4260,"date":"2026-02-05T08:45:38","date_gmt":"2026-02-05T08:45:38","guid":{"rendered":""},"modified":"2026-04-06T07:47:58","modified_gmt":"2026-04-06T05:47:58","slug":"3-orgonite-earth-needles-de","status":"publish","type":"product","link":"https:\/\/servcrmpro.online\/de\/produkt\/3-orgonite-earth-needles-de\/","title":{"rendered":"3 Orgonit-Erdnadeln"},"content":{"rendered":"<h2> Ideal zum Neutralisieren jeglicher Form von geopathischem Stress.<\/h2>\n<p> Orgonit entwickelt sich schnell zum bevorzugten Werkzeug f\u00fcr W\u00fcnschelruteng\u00e4nger und Hausreiniger.<\/p>\n<p> <span style=\"font-size: medium; font-family: verdana, geneva;\">Orgonite Earthpipes sind besonders wirksam bei der Neutralisierung geopathischer Spannungslinien oder negativer Energien im Boden. Anders als die traditionellen Kupferst\u00e4be durchdringen die Orgonite Earthpipes die Verwerfungslinie mit positiver Orgonenergie, anstatt die schlechte Energie einfach \u00fcber das Haus der betroffenen Person springen zu lassen.<\/span><\/p>\n<p><span style=\"font-size: medium; font-family: verdana, geneva;\">Lesen Sie hier mehr dar\u00fcber im <a title=\"Orgonit und geopathischer Stress\" href=\"https:\/\/www.orgoniseafrica.com\/orgonite-dowsing\" target=\"_blank\" rel=\"noopener\">Artikel von Tino Putego<\/a> .<\/span><\/p>\n<p> <span style=\"font-size: medium; font-family: verdana, geneva;\">Unser gro\u00dfes Erdrohr ist sehr stark und kann auch f\u00fcr geheime Technologien im Untergrund (UG-Basen) verwendet werden.<\/span><\/p>\n<p> <span style=\"font-size: medium; font-family: verdana, geneva;\">Wenn in Ihr Haus negative Spannungsleitungen f\u00fchren, w\u00e4re dieser Satz aus 3 22-mm-Erdnadeln die weitaus wirtschaftlichere Wahl.<\/span><\/p>\n<p> <span style=\"font-size: medium; font-family: verdana, geneva;\">Wie die gr\u00f6\u00dferen Erdrohre sind diese Erdnadeln teilweise mit Orgonit gef\u00fcllt, in das ein gewickelter Kristall eingebettet ist. Die Spitze des Kristalls zeigt zum hohlen Ende, das nach unten zeigt.<\/span><\/p>\n<p> <span style=\"font-size: medium; font-family: verdana, geneva;\">Weitere Zutaten:<\/span><\/p>\n<p><strong><span style=\"font-family: verdana, geneva; font-size: medium;\">&#8211; Schwarzer Turmalin:<\/span><\/strong> <span style=\"font-family: verdana, geneva; font-size: medium;\">Ein Talisman des Schutzes, sehr kraftvoller Stein gegen EMF und andere negative Frequenzen<\/span><\/p>\n<p> <span style=\"font-family: verdana, geneva; font-size: medium;\"><strong>&#8211; Roter Jaspis:<\/strong> Lindert Stress, erdet und reinigt, steigert Leidenschaft, Kraft und Ausdauer<br \/><\/span><\/p>\n<\/p>\n<p> Abmessungen: H\u00f6he \u2013 22 mm, Durchmesser \u2013 20 mm<br \/> (Dieses Produkt ist handgefertigt und das Endprodukt kann leicht abweichen)<\/p>\n<p> <span style=\"font-size: medium; font-family: verdana, geneva;\">Gewicht ca. 330g<\/span><\/p>\n","protected":false},"excerpt":{"rendered":"<p>Orgonit wird zunehmend zum bevorzugten Werkzeug f\u00fcr W\u00fcnschelrutenmelder und Hausclearer.<\/p>\n","protected":false},"featured_media":2363,"comment_status":"open","ping_status":"closed","template":"","meta":{"_acf_changed":false},"product_brand":[],"product_cat":[70],"product_tag":[],"class_list":{"0":"post-4260","1":"product","2":"type-product","3":"status-publish","4":"has-post-thumbnail","6":"product_cat-tactical-orgonite","7":"sales-flash-overlay","8":"woocommerce-text-align-center","9":"woocommerce-image-align-center","10":"do-quantity-buttons","12":"first","13":"instock","14":"taxable","15":"shipping-taxable","16":"purchasable","17":"product-type-simple"},"acf":[],"_links":{"self":[{"href":"https:\/\/servcrmpro.online\/de\/wp-json\/wp\/v2\/product\/4260","targetHints":{"allow":["GET"]}}],"collection":[{"href":"https:\/\/servcrmpro.online\/de\/wp-json\/wp\/v2\/product"}],"about":[{"href":"https:\/\/servcrmpro.online\/de\/wp-json\/wp\/v2\/types\/product"}],"replies":[{"embeddable":true,"href":"https:\/\/servcrmpro.online\/de\/wp-json\/wp\/v2\/comments?post=4260"}],"wp:featuredmedia":[{"embeddable":true,"href":"https:\/\/servcrmpro.online\/de\/wp-json\/wp\/v2\/media\/2363"}],"wp:attachment":[{"href":"https:\/\/servcrmpro.online\/de\/wp-json\/wp\/v2\/media?parent=4260"}],"wp:term":[{"taxonomy":"product_brand","embeddable":true,"href":"https:\/\/servcrmpro.online\/de\/wp-json\/wp\/v2\/product_brand?post=4260"},{"taxonomy":"product_cat","embeddable":true,"href":"https:\/\/servcrmpro.online\/de\/wp-json\/wp\/v2\/product_cat?post=4260"},{"taxonomy":"product_tag","embeddable":true,"href":"https:\/\/servcrmpro.online\/de\/wp-json\/wp\/v2\/product_tag?post=4260"}],"curies":[{"name":"wp","href":"https:\/\/api.w.org\/{rel}","templated":true}]}}