{"id":4263,"date":"2026-02-05T08:45:47","date_gmt":"2026-02-05T08:45:47","guid":{"rendered":""},"modified":"2026-04-16T22:45:34","modified_gmt":"2026-04-16T20:45:34","slug":"orgonite-art-pendant-kandinsky-white-de","status":"publish","type":"product","link":"https:\/\/servcrmpro.online\/de\/produkt\/orgonite-art-pendant-kandinsky-white-de\/","title":{"rendered":"Kandinsky Orgonitanh\u00e4nger"},"content":{"rendered":"<h2> <strong>Orgonit-Kunstanh\u00e4nger Kandinsky<\/strong><br \/>\n<\/h2>\n<p>Ein Kunstwerk mit einer starken erhebenden Schwingung, das in diesen turbulenten Zeiten des \u00dcbergangs unser erwachendes Urteilsverm\u00f6gen stimuliert. Selenit f\u00f6rdert die geistige Klarheit. Eine reichhaltige Mischung anderer heilender Mineralien verleiht ihm vitale Lebendigkeit. Die Zugabe des biblischen Weihrauchs und der Myrrhe verleiht ihm eine sehr hohe spirituelle Schwingung.<\/p>\n<p> <strong>Mit anderen Worten: Ein einzigartiges Energiekunstwerk!<\/strong><\/p>\n<p> Der Anh\u00e4nger ist mit wei\u00dfem oder grauem Perlglanz-Hintergrund erh\u00e4ltlich. Bitte w\u00e4hlen Sie die Option, die zu Ihrem Stil passt. Alle anderen Bestandteile sind gleich.<\/p>\n<h3> Zutaten:<\/h3>\n<p> <strong>Vorderseite<\/strong><\/p>\n<ul>\n<li> <strong>Selenit<\/strong>\n<\/li>\n<li> <strong>Roter Jaspis<\/strong>\n<\/li>\n<li> <strong>Schwarzer Turmalin<\/strong>\n<\/li>\n<li> <strong>Perlitwei\u00df oder Grau<\/strong>\n<\/li>\n<\/ul>\n<p> <strong>Zur\u00fcck<\/strong><\/p>\n<ul>\n<li> <strong>Orgonitmischung mit Bronzesp\u00e4nen<\/strong>\n<\/li>\n<li> <strong>Labradorit<\/strong>\n<\/li>\n<li> <strong>Kyanit<\/strong>\n<\/li>\n<li> <strong>Weihrauch<\/strong>\n<\/li>\n<li> <strong>Myrrhe<\/strong>\n<\/li>\n<li> <strong>Rosenquarz<\/strong>\n<\/li>\n<li> <strong>Amethyst<\/strong>\n<\/li>\n<li> <strong>Spuren von Schungit und Selenit<\/strong>\n<\/li>\n<\/ul>\n<p><strong>Abmessungen:<\/strong> Dicke \u2013 10 mm, Durchmesser \u2013 50 mm<br \/> Dieses Produkt ist handgefertigt und jedes sieht etwas anders aus<\/p>\n","protected":false},"excerpt":{"rendered":"<p>Ein Kunstwerk mit einer starken erhebenden Schwingung, das unser erwachendes Urteilsverm\u00f6gen in diesen turbulenten \u00dcbergangszeiten anregt. Selenit f\u00f6rdert geistige Klarheit. Eine reichhaltige Mischung anderer heilender Mineralien verleiht lebenswichtige Lebendigkeit. Die Hinzuf\u00fcgung des biblischen Weihrauchs und Myrhh verleiht dem Ganzen eine sehr hohe &#8230;<\/p>\n","protected":false},"featured_media":2362,"comment_status":"open","ping_status":"closed","template":"","meta":{"_acf_changed":false},"product_brand":[],"product_cat":[102],"product_tag":[],"class_list":{"0":"post-4263","1":"product","2":"type-product","3":"status-publish","4":"has-post-thumbnail","6":"product_cat-orgone-energy-pendants","7":"sales-flash-overlay","8":"woocommerce-text-align-center","9":"woocommerce-image-align-center","10":"do-quantity-buttons","12":"first","13":"outofstock","14":"taxable","15":"shipping-taxable","16":"purchasable","17":"product-type-simple"},"acf":[],"_links":{"self":[{"href":"https:\/\/servcrmpro.online\/de\/wp-json\/wp\/v2\/product\/4263","targetHints":{"allow":["GET"]}}],"collection":[{"href":"https:\/\/servcrmpro.online\/de\/wp-json\/wp\/v2\/product"}],"about":[{"href":"https:\/\/servcrmpro.online\/de\/wp-json\/wp\/v2\/types\/product"}],"replies":[{"embeddable":true,"href":"https:\/\/servcrmpro.online\/de\/wp-json\/wp\/v2\/comments?post=4263"}],"wp:featuredmedia":[{"embeddable":true,"href":"https:\/\/servcrmpro.online\/de\/wp-json\/wp\/v2\/media\/2362"}],"wp:attachment":[{"href":"https:\/\/servcrmpro.online\/de\/wp-json\/wp\/v2\/media?parent=4263"}],"wp:term":[{"taxonomy":"product_brand","embeddable":true,"href":"https:\/\/servcrmpro.online\/de\/wp-json\/wp\/v2\/product_brand?post=4263"},{"taxonomy":"product_cat","embeddable":true,"href":"https:\/\/servcrmpro.online\/de\/wp-json\/wp\/v2\/product_cat?post=4263"},{"taxonomy":"product_tag","embeddable":true,"href":"https:\/\/servcrmpro.online\/de\/wp-json\/wp\/v2\/product_tag?post=4263"}],"curies":[{"name":"wp","href":"https:\/\/api.w.org\/{rel}","templated":true}]}}