{"id":4272,"date":"2026-02-05T08:46:13","date_gmt":"2026-02-05T08:46:13","guid":{"rendered":""},"modified":"2026-04-06T07:31:47","modified_gmt":"2026-04-06T05:31:47","slug":"gold-and-lapis-bundle-1-de","status":"publish","type":"product","link":"https:\/\/servcrmpro.online\/de\/produkt\/gold-and-lapis-bundle-1-de\/","title":{"rendered":"Gold- und Lapisb\u00fcndel"},"content":{"rendered":"<p><span><strong>Luxuri\u00f6ses Orgonit-Set aus Gold und Lapislazuli<\/strong><\/span><\/p>\n<p><span>Lapislazuli \u00f6ffnet das Halschakra, f\u00f6rdert die Selbstentfaltung und unterst\u00fctzt ehrliche und tiefe Kommunikation. Blattgold wirkt sch\u00fctzend und beruhigend und ist ein Symbol f\u00fcr Reichtum und Weisheit.<\/span><\/p>\n<p><span><em>Der Preis dieses Sets ist so kalkuliert, dass Sie 15 % Rabatt auf unser Gold- &amp; Lapislazuli-Orgonit erhalten, verglichen mit dem separaten Kauf der einzelnen Artikel.<\/em><\/span><\/p>\n<p><strong><span>Dieses Set enth\u00e4lt:<\/span><\/strong><\/p>\n<p><strong><span>&#8211; Gold- und Lapislazuli-Pyramide: <\/span><\/strong><span>Diese kraftvolle Pyramide f\u00f6rdert Selbstvertrauen und Klarheit und ist mit ihrem zus\u00e4tzlichen Muti-Kreuz ein starker Besch\u00fctzer.<\/span><\/p>\n<p><strong><span>&#8211; Gold- und Lapis-SBB: <\/span><\/strong><span>Ideal f\u00fcr pers\u00f6nliche Heilung und Regeneration, wirkt das SBB beruhigend und versorgt Sie mit einem Schub klarer Energie!<\/span><\/p>\n<p><strong><span>&#8211; Lapislazuli-Anh\u00e4nger: <\/span><\/strong><span>Der Lapislazuli-Anh\u00e4nger wird idealerweise am Halschakra getragen und f\u00f6rdert das Aussprechen der eigenen Wahrheit, verbessert die Selbstdarstellung und st\u00e4rkt die pers\u00f6nliche Kraft.<\/span><\/p>\n<p><strong><span>&#8211; Lapislazuli-Towerbusters: <\/span><\/strong><span>Die Lapis-TBs bringen Klarheit in jeden Raum, in dem Sie sie aufstellen, und schaffen Raum f\u00fcr tiefe und ehrliche Kommunikation.<\/span><\/p>\n","protected":false},"excerpt":{"rendered":"<p>Luxuri\u00f6ses Gold- und Lapis-Orgonit-Bundle<\/p>\n","protected":false},"featured_media":2359,"comment_status":"open","ping_status":"closed","template":"","meta":{"_acf_changed":false},"product_brand":[],"product_cat":[48,20],"product_tag":[],"class_list":{"0":"post-4272","1":"product","2":"type-product","3":"status-publish","4":"has-post-thumbnail","6":"product_cat-bundles-kits","7":"product_cat-orgonite-pyramids","8":"sales-flash-overlay","9":"woocommerce-text-align-center","10":"woocommerce-image-align-center","11":"do-quantity-buttons","13":"first","14":"instock","15":"taxable","16":"shipping-taxable","17":"purchasable","18":"product-type-simple"},"acf":[],"_links":{"self":[{"href":"https:\/\/servcrmpro.online\/de\/wp-json\/wp\/v2\/product\/4272","targetHints":{"allow":["GET"]}}],"collection":[{"href":"https:\/\/servcrmpro.online\/de\/wp-json\/wp\/v2\/product"}],"about":[{"href":"https:\/\/servcrmpro.online\/de\/wp-json\/wp\/v2\/types\/product"}],"replies":[{"embeddable":true,"href":"https:\/\/servcrmpro.online\/de\/wp-json\/wp\/v2\/comments?post=4272"}],"wp:featuredmedia":[{"embeddable":true,"href":"https:\/\/servcrmpro.online\/de\/wp-json\/wp\/v2\/media\/2359"}],"wp:attachment":[{"href":"https:\/\/servcrmpro.online\/de\/wp-json\/wp\/v2\/media?parent=4272"}],"wp:term":[{"taxonomy":"product_brand","embeddable":true,"href":"https:\/\/servcrmpro.online\/de\/wp-json\/wp\/v2\/product_brand?post=4272"},{"taxonomy":"product_cat","embeddable":true,"href":"https:\/\/servcrmpro.online\/de\/wp-json\/wp\/v2\/product_cat?post=4272"},{"taxonomy":"product_tag","embeddable":true,"href":"https:\/\/servcrmpro.online\/de\/wp-json\/wp\/v2\/product_tag?post=4272"}],"curies":[{"name":"wp","href":"https:\/\/api.w.org\/{rel}","templated":true}]}}