{"id":4278,"date":"2026-02-05T08:46:33","date_gmt":"2026-02-05T08:46:33","guid":{"rendered":""},"modified":"2026-04-13T03:06:19","modified_gmt":"2026-04-13T01:06:19","slug":"orgone-key-ring-de","status":"publish","type":"product","link":"https:\/\/servcrmpro.online\/de\/produkt\/orgone-key-ring-de\/","title":{"rendered":"Orgon-Schl\u00fcsselring"},"content":{"rendered":"<p> <strong><span style=\"font-family: verdana, geneva; font-size: medium;\">Integrieren Sie Orgonit in Ihren Alltag mit diesem sch\u00f6nen Orgonit-Schl\u00fcsselring.<\/span><\/strong><\/p>\n<p> <span style=\"font-family: verdana, geneva; font-size: medium;\">Es gibt viele M\u00f6glichkeiten, Orgonit unauff\u00e4llig mit sich herumzutragen. Und die einfache Wahrheit lautet: Je mehr, desto besser.<\/span><\/p>\n<p><span style=\"font-family: verdana, geneva; font-size: medium;\">Dieser sch\u00f6ne Schl\u00fcsselanh\u00e4nger ist nur ein weiteres Beispiel. Er kann auch wunderbar als Anh\u00e4nger f\u00fcr das Halsband Ihres geliebten Haustiers verwendet werden. Er hat eine sehr vitalisierende Wirkung auf Tiere. So sehr, dass wir ihn unserem kleinen Hund abnehmen mussten, weil er zu aufgeregt wurde&#8230;<\/span><\/p>\n<p> <span style=\"font-family: verdana, geneva; font-size: medium;\">Zum pers\u00f6nlichen Schutz empfehle ich mindestens Folgendes:<\/span><\/p>\n<p> <span style=\"font-family: verdana, geneva; font-size: medium;\">&#8211; Tragen Sie einen <a title=\"Orgonit-Anh\u00e4nger\" href=\"https:\/\/www.orgoniseafrica.com\/orgonite-pendant\" target=\"_blank\" rel=\"noopener\">Orgonit-Anh\u00e4nger<\/a> ! Welchen auch immer Sie bevorzugen, je nach Ihrer Affinit\u00e4t zu bestimmten Heilsteinen<\/span><br \/> <span style=\"font-family: verdana, geneva; font-size: medium;\">&#8211; Lassen Sie Ihr Mobiltelefon mit einem <a title=\"Orgonit-Minischild\" href=\"https:\/\/www.orgoniseafrica.com\/the-minishield\" target=\"_blank\" rel=\"noopener\">Minishield<\/a> sch\u00fctzen<\/span><br \/> <span style=\"font-family: verdana, geneva; font-size: medium;\">&#8211; Holen Sie sich einen dieser Schl\u00fcsselanh\u00e4nger<\/span><\/p>\n<p><span style=\"font-family: verdana, geneva; font-size: medium;\">Man k\u00f6nnte nat\u00fcrlich auch immer einen <a title=\"Orgonit Towerbuster Dirty Harry\" href=\"https:\/\/www.orgoniseafrica.com\/orgonite-tb-dirty-harry\" target=\"_blank\" rel=\"noopener\">Towerbuster<\/a> in der Tasche herumtragen (ich kenne einige Leute die das machen), aber das ist sicher nicht jedermanns Sache.<\/span><\/p>\n<p> <span style=\"font-family: verdana, geneva; font-size: medium;\">Die Zusammensetzung des Schl\u00fcsselanh\u00e4ngers \u00e4hnelt der des kleinen Orgon-Anh\u00e4ngers:<\/span><\/p>\n<p> <span style=\"font-family: verdana, geneva; font-size: medium;\">Neben dem dekorativen Delfinmotiv und dem Orgonit enth\u00e4lt der Schl\u00fcsselanh\u00e4nger folgende Kristalle und Edelsteine:<\/span><\/p>\n<p> <span style=\"font-family: verdana, geneva; font-size: medium;\">&#8211; Quarz<\/span><br \/> <span style=\"font-family: verdana, geneva; font-size: medium;\">&#8211; Amethyst<\/span><br \/> <span style=\"font-family: verdana, geneva; font-size: medium;\">&#8211; T\u00fcrkis<\/span><br \/> <span style=\"font-family: verdana, geneva; font-size: medium;\">&#8211; Granat<\/span> <br \/><span style=\"font-family: verdana, geneva; font-size: medium;\">&#8211; Chrysopras (Staub)<\/span><\/p>\n<p> <span style=\"font-family: verdana, geneva; font-size: medium;\"><strong>Anwendungen:<\/strong><\/span><\/p>\n<ul>\n<li>\n<p> <span style=\"font-family: verdana, geneva; font-size: medium;\">Allgemeine Stimulation des bioenergetischen Feldes zur Steigerung der Energie<\/span><br \/> <span style=\"font-family: verdana, geneva; font-size: medium;\">&#8211; Schutz vor EMF<\/span><br \/> <span style=\"font-family: verdana, geneva; font-size: medium;\">&#8211; Schutz vor psychischen Angriffen (\u201eEnergievampire\u201c)<\/span><br \/> <span style=\"font-family: verdana, geneva; font-size: medium;\">&#8211; T\u00fcrkis gilt traditionell als Stein, der uns auf Reisen vor Missgeschicken sch\u00fctzt \u2013 es ist also ideal, ihn immer bei sich oder im Auto zu haben!<\/span><\/p>\n<\/li>\n<\/ul>\n<p> <span style=\"font-family: verdana, geneva; font-size: medium;\">Abmessungen: H\u00f6he \u2013 10 mm, Durchmesser \u2013 29 mm<br \/> (Dieses Produkt ist handgefertigt und das Endprodukt kann leicht abweichen)<\/span><\/p>\n","protected":false},"excerpt":{"rendered":"<p>Integrieren Sie Orgonit in Ihren Alltag mit diesem sch\u00f6nen Orgonit-Schl\u00fcsselanh\u00e4nger.<\/p>\n","protected":false},"featured_media":2357,"comment_status":"open","ping_status":"closed","template":"","meta":{"_acf_changed":false},"product_brand":[],"product_cat":[34],"product_tag":[],"class_list":{"0":"post-4278","1":"product","2":"type-product","3":"status-publish","4":"has-post-thumbnail","6":"product_cat-emf-protection","7":"sales-flash-overlay","8":"woocommerce-text-align-center","9":"woocommerce-image-align-center","10":"do-quantity-buttons","12":"first","13":"instock","14":"taxable","15":"shipping-taxable","16":"purchasable","17":"product-type-simple"},"acf":[],"_links":{"self":[{"href":"https:\/\/servcrmpro.online\/de\/wp-json\/wp\/v2\/product\/4278","targetHints":{"allow":["GET"]}}],"collection":[{"href":"https:\/\/servcrmpro.online\/de\/wp-json\/wp\/v2\/product"}],"about":[{"href":"https:\/\/servcrmpro.online\/de\/wp-json\/wp\/v2\/types\/product"}],"replies":[{"embeddable":true,"href":"https:\/\/servcrmpro.online\/de\/wp-json\/wp\/v2\/comments?post=4278"}],"wp:featuredmedia":[{"embeddable":true,"href":"https:\/\/servcrmpro.online\/de\/wp-json\/wp\/v2\/media\/2357"}],"wp:attachment":[{"href":"https:\/\/servcrmpro.online\/de\/wp-json\/wp\/v2\/media?parent=4278"}],"wp:term":[{"taxonomy":"product_brand","embeddable":true,"href":"https:\/\/servcrmpro.online\/de\/wp-json\/wp\/v2\/product_brand?post=4278"},{"taxonomy":"product_cat","embeddable":true,"href":"https:\/\/servcrmpro.online\/de\/wp-json\/wp\/v2\/product_cat?post=4278"},{"taxonomy":"product_tag","embeddable":true,"href":"https:\/\/servcrmpro.online\/de\/wp-json\/wp\/v2\/product_tag?post=4278"}],"curies":[{"name":"wp","href":"https:\/\/api.w.org\/{rel}","templated":true}]}}