{"id":4281,"date":"2026-02-05T08:46:40","date_gmt":"2026-02-05T08:46:40","guid":{"rendered":""},"modified":"2026-04-13T00:57:53","modified_gmt":"2026-04-12T22:57:53","slug":"gold-and-lapis-pyramid-de","status":"publish","type":"product","link":"https:\/\/servcrmpro.online\/de\/produkt\/gold-and-lapis-pyramid-de\/","title":{"rendered":"Gold und Lapis Pyramide"},"content":{"rendered":"<p> <strong><span style=\"font-family: verdana, geneva; font-size: medium;\">Leistungsstarker Orgongenerator mit Blattgold, Lapislazuli und Muti zum Schutz vor psychischen Angriffen und anderen negativen Energien.<\/span><\/strong><\/p>\n<p> <span style=\"font-family: verdana, geneva; font-size: medium;\">Eine unserer hellseherischen Freundinnen kam mit einer ziemlich klaren Vorstellung zu mir, wie diese Pyramiden aussehen und was sie enthalten sollten. Sie wollte sofort 20 St\u00fcck.<\/span><\/p>\n<p><span style=\"font-family: verdana, geneva; font-size: medium;\">Die Orgonpyramide aus Gold und Lapislazuli besteht aus einer inneren Pyramide, die mit Blattgold vergoldet ist. Die Spitze ist freiliegend und enth\u00e4lt Lapislazuli, der oft als \u201eStein der Wahrheit\u201c bezeichnet wird. Neben den 5 Quarzkristallen hat die Pyramide ein vergoldetes Kreuz, in dessen Boden afrikanische Kr\u00e4utermedizin (Muti) eingelassen ist.<\/span><\/p>\n<p> <span style=\"font-family: verdana, geneva; font-size: medium;\">Unsere \u00fcbersinnliche Freundin hat das Gef\u00fchl, dass Muti einen sehr starken spirituellen oder psychischen Schutz bietet. Sie besitzt alle unsere Muti-Orgonite-Produkte und gibt sie an alle ihre Kunden weiter, die unter irgendeiner Art von psychischem Angriff leiden.<\/span><\/p>\n<p> <span style=\"font-family: verdana, geneva; font-size: medium;\"><img loading=\"lazy\" decoding=\"async\" title=\"Orgonit Pyramide Gold und Lapis\" src=\"https:\/\/www.orgoniseafrica.com\/images\/lapis_bottom_side.jpg\" alt=\"Gold and lapis orgonite pyramid\" width=\"255\" height=\"255\"><\/span><\/p>\n<p> <span style=\"font-family: verdana, geneva; font-size: medium;\">Diese innere Pyramide ist in eine transparente Au\u00dfenh\u00fclle mit dekorativen Goldflocken gegossen, die ihrem Aussehen Tiefe und Glanz verleihen.<\/span><\/p>\n<\/p>\n<p><strong><span style=\"font-family: verdana, geneva; font-size: medium;\">Vorteile, die typischerweise mit den Inhaltsstoffen der Gold- und Lapispyramide verbunden sind:<\/span><\/strong><\/p>\n<p> <strong><span style=\"font-family: verdana, geneva; font-size: medium;\">&#8211; Lapislazuli:<\/span><\/strong> <span style=\"font-family: verdana, geneva; font-size: medium;\">Stimuliert das intellektuelle Urteilsverm\u00f6gen, die Probleml\u00f6sung und Kreativit\u00e4t, \u00f6ffnet das Halschakra, unterst\u00fctzt den Selbstausdruck, verbessert das Ged\u00e4chtnis, f\u00f6rdert Ehrlichkeit und tiefe Kommunikation<\/span><\/p>\n<p> <strong><span style=\"font-family: verdana, geneva; font-size: medium;\">&#8211; Blattgold:<\/span><\/strong> <span style=\"font-family: verdana, geneva; font-size: medium;\">Sch\u00fctzend, beruhigend und w\u00e4rmend, symbolisiert Vertrauen und Reichtum<\/span><\/p>\n<p> <strong><span style=\"font-family: verdana, geneva; font-size: medium;\">&#8211; Quarz:<\/span><\/strong> <span style=\"font-family: verdana, geneva; font-size: medium;\">Geistige Klarheit, wird immer in Orgonit verwendet, um die Orgon-Ausgabe zu verst\u00e4rken<\/span><\/p>\n<p><strong><span style=\"font-family: verdana, geneva; font-size: medium;\">&#8211; Muti (afrikanische Kr\u00e4uterheilkunde):<\/span><\/strong> <span style=\"font-family: verdana, geneva; font-size: medium;\">Schutz<\/span> <span style=\"font-family: verdana, geneva; font-size: medium;\">vor schwarzer Magie \/ Hexerei, harmonisierend und erdend<\/span><\/p>\n<\/p>\n<p> <span style=\"font-family: verdana, geneva; font-size: medium;\">Alle unsere Orgonitpyramiden enthalten 5 Quarzkristallspitzen. Diese befinden sich in der Spitze der Pyramide und in ihrer Basis und zeigen in die 4 Himmelsrichtungen. Die nat\u00fcrlichen Spitzen der Kristalle helfen dabei, ein viel st\u00e4rkeres Orgonenergiefeld zu erzeugen, verglichen mit den Quarzsplittern, die wir in unseren Towerbusters oder Anh\u00e4ngern verwenden (die ein diffuseres Energiefeld erzeugen).<\/span><\/p>\n<p><span style=\"font-family: verdana, geneva; font-size: medium;\">Die Pyramiden und HHGs haben daher einen viel st\u00e4rkeren und gezielteren Energiefluss und einen gr\u00f6\u00dferen Wirkungsradius. Hellseher und energieempfindliche Personen beobachten oft einen Energiestrahl, der aus der Spitze der Pyramide oder des HHG austritt \u2013 die meisten Menschen k\u00f6nnen dies sp\u00fcren, indem sie ihre Hand durch die Luft \u00fcber die Pyramide bewegen, und beschreiben es als warmes oder prickelndes Gef\u00fchl oder einen Druck auf der Handfl\u00e4che.<\/span><\/p>\n<\/p>\n<p> Abmessungen: L\u00e4nge \u2013 100 mm, Breite \u2013 100 mm, H\u00f6he \u2013 100 mm<\/p>\n<p> (Dieses Produkt ist handgefertigt und das Endprodukt kann leicht abweichen)<\/p>\n","protected":false},"excerpt":{"rendered":"<p>M\u00e4chtiger Orgone-Generator mit Goldblatt, Lapislazuli und Muti, um vor psychischen Angriffen und anderen negativen Energien zu sch\u00fctzen.<\/p>\n","protected":false},"featured_media":2356,"comment_status":"open","ping_status":"closed","template":"","meta":{"_acf_changed":false},"product_brand":[],"product_cat":[20],"product_tag":[],"class_list":{"0":"post-4281","1":"product","2":"type-product","3":"status-publish","4":"has-post-thumbnail","6":"product_cat-orgonite-pyramids","7":"sales-flash-overlay","8":"woocommerce-text-align-center","9":"woocommerce-image-align-center","10":"do-quantity-buttons","12":"first","13":"instock","14":"taxable","15":"shipping-taxable","16":"purchasable","17":"product-type-simple"},"acf":[],"_links":{"self":[{"href":"https:\/\/servcrmpro.online\/de\/wp-json\/wp\/v2\/product\/4281","targetHints":{"allow":["GET"]}}],"collection":[{"href":"https:\/\/servcrmpro.online\/de\/wp-json\/wp\/v2\/product"}],"about":[{"href":"https:\/\/servcrmpro.online\/de\/wp-json\/wp\/v2\/types\/product"}],"replies":[{"embeddable":true,"href":"https:\/\/servcrmpro.online\/de\/wp-json\/wp\/v2\/comments?post=4281"}],"wp:featuredmedia":[{"embeddable":true,"href":"https:\/\/servcrmpro.online\/de\/wp-json\/wp\/v2\/media\/2356"}],"wp:attachment":[{"href":"https:\/\/servcrmpro.online\/de\/wp-json\/wp\/v2\/media?parent=4281"}],"wp:term":[{"taxonomy":"product_brand","embeddable":true,"href":"https:\/\/servcrmpro.online\/de\/wp-json\/wp\/v2\/product_brand?post=4281"},{"taxonomy":"product_cat","embeddable":true,"href":"https:\/\/servcrmpro.online\/de\/wp-json\/wp\/v2\/product_cat?post=4281"},{"taxonomy":"product_tag","embeddable":true,"href":"https:\/\/servcrmpro.online\/de\/wp-json\/wp\/v2\/product_tag?post=4281"}],"curies":[{"name":"wp","href":"https:\/\/api.w.org\/{rel}","templated":true}]}}