{"id":4287,"date":"2026-02-05T08:46:57","date_gmt":"2026-02-05T08:46:57","guid":{"rendered":""},"modified":"2026-04-13T23:50:55","modified_gmt":"2026-04-13T21:50:55","slug":"dolomite-pendant-de","status":"publish","type":"product","link":"https:\/\/servcrmpro.online\/de\/produkt\/dolomite-pendant-de\/","title":{"rendered":"Dolomit Anh\u00e4nger"},"content":{"rendered":"<h3> Dolomit-Orgonit-Anh\u00e4nger<\/h3>\n<p> Ern\u00e4hrung-Balance-Entspannung<\/p>\n<p> F\u00fcr diesen Anh\u00e4nger haben wir \u00e4hnliche Zutaten wie f\u00fcr unsere beliebten Dolomite Food Charging Plates verwendet, da sie sich als \u00e4u\u00dferst wirksam und kraftvoll erwiesen haben.<\/p>\n<p> Die Vorderseite weist eine wundersch\u00f6ne Metalleinlage \u201eBlume der Liebe\u201c (6 \u00fcberlappende Kreise) auf und ist vollst\u00e4ndig mit Zuckerdolomitkr\u00fcmeln in leuchtendem T\u00fcrkis bedeckt.<\/p>\n<p> Die R\u00fcckseite besteht aus der \u00fcblichen Orgonitmatrix mit zus\u00e4tzlichen Edelsteinen und einem gro\u00dfz\u00fcgigen Spritzer Superfood-Pulver.<\/p>\n<p> Der Anh\u00e4nger wird mit einer gelben Schnur aus gewachster Baumwolle geliefert und ist in einem kleinen Beutel aus original s\u00fcdafrikanischem Shwe-Shwe-Stoff verpackt.<\/p>\n<h4> Zutaten:.<\/h4>\n<p> Dolomit: Ents\u00e4uernd, entspannend, krampfl\u00f6send.<\/p>\n<p> Superfood-Mix enth\u00e4lt unter anderem Rohkakao, Moringa, Maca-Wurzel, Affenbrotbaum, Mesquite. Diese konzentrierten N\u00e4hrstoffe decken alle Bed\u00fcrfnisse des K\u00f6rpers ab.<\/p>\n<p> Quarzkristalle: Erhebend, kreativ, st\u00e4rkend.<\/p>\n<p> Schungit: Hervorragender EMF-Schutz, Erdung, Beruhigung.<\/p>\n<p>Kyanit: st\u00e4rkt das Halschakra, verbessert den verbalen und k\u00fcnstlerischen Ausdruck.<\/p>\n<p> Tragen Sie den Anh\u00e4nger direkt \u00fcber Ihrem Brustbein oder modisch lang.<\/p>\n<\/p>\n<p> Abmessungen: Dicke 10 mm, Durchmesser 50 mm.<\/p>\n<p> Dieses Produkt wird in liebevoller Handarbeit hergestellt. Das Endprodukt kann leicht abweichen. Die Metalleinlage kann mit der Zeit oxidieren.<\/p><\/p>\n","protected":false},"excerpt":{"rendered":"<p>N\u00e4hrstoff-Gleichgewicht-Entspannung<\/p>\n","protected":false},"featured_media":2355,"comment_status":"open","ping_status":"closed","template":"","meta":{"_acf_changed":false},"product_brand":[],"product_cat":[102],"product_tag":[],"class_list":{"0":"post-4287","1":"product","2":"type-product","3":"status-publish","4":"has-post-thumbnail","6":"product_cat-orgone-energy-pendants","7":"sales-flash-overlay","8":"woocommerce-text-align-center","9":"woocommerce-image-align-center","10":"do-quantity-buttons","12":"first","13":"instock","14":"taxable","15":"shipping-taxable","16":"purchasable","17":"product-type-simple"},"acf":[],"_links":{"self":[{"href":"https:\/\/servcrmpro.online\/de\/wp-json\/wp\/v2\/product\/4287","targetHints":{"allow":["GET"]}}],"collection":[{"href":"https:\/\/servcrmpro.online\/de\/wp-json\/wp\/v2\/product"}],"about":[{"href":"https:\/\/servcrmpro.online\/de\/wp-json\/wp\/v2\/types\/product"}],"replies":[{"embeddable":true,"href":"https:\/\/servcrmpro.online\/de\/wp-json\/wp\/v2\/comments?post=4287"}],"wp:featuredmedia":[{"embeddable":true,"href":"https:\/\/servcrmpro.online\/de\/wp-json\/wp\/v2\/media\/2355"}],"wp:attachment":[{"href":"https:\/\/servcrmpro.online\/de\/wp-json\/wp\/v2\/media?parent=4287"}],"wp:term":[{"taxonomy":"product_brand","embeddable":true,"href":"https:\/\/servcrmpro.online\/de\/wp-json\/wp\/v2\/product_brand?post=4287"},{"taxonomy":"product_cat","embeddable":true,"href":"https:\/\/servcrmpro.online\/de\/wp-json\/wp\/v2\/product_cat?post=4287"},{"taxonomy":"product_tag","embeddable":true,"href":"https:\/\/servcrmpro.online\/de\/wp-json\/wp\/v2\/product_tag?post=4287"}],"curies":[{"name":"wp","href":"https:\/\/api.w.org\/{rel}","templated":true}]}}