{"id":4293,"date":"2026-02-05T08:47:11","date_gmt":"2026-02-05T08:47:11","guid":{"rendered":""},"modified":"2026-04-06T07:31:47","modified_gmt":"2026-04-06T05:31:47","slug":"dolomite-coaster-de","status":"publish","type":"product","link":"https:\/\/servcrmpro.online\/de\/produkt\/dolomite-coaster-de\/","title":{"rendered":"Dolomiten-Untersetzer"},"content":{"rendered":"<h3> Dolomiten-Untersetzer<\/h3>\n<p> Laden Sie Ihre Getr\u00e4nke auf und sch\u00fctzen Sie die Oberfl\u00e4che Ihres Tisches oder Ihrer Theke usw.<\/p>\n<p> Dies ist eine Miniaturversion des Speisetellers mit allen Vorteilen, nur kleiner.<\/p>\n<p> Auf der Oberseite sehen Sie mittig eine SBB-Spule mit einem kleinen Neodym-Magneten sowie dahinter Blattgoldflocken und das Superfood-Pulver.<\/p>\n<p>Um das Zentrum herum sind 12 superfeine Kristallnadeln angeordnet. Das Ganze wird von Zuckerdolomit-Kr\u00fcmelchen in leuchtendem T\u00fcrkis unterlegt.<\/p>\n<p> Der Boden besteht aus einer leistungsstarken Orgonitmatrix mit Aluminiumsp\u00e4nen.<\/p>\n<p> Zum maximalen Schutz Ihrer Oberfl\u00e4chen ist auf der Orgonite-Unterseite ein selbstklebender Filz aufgebracht.<\/p>\n<h4> Zutaten<\/h4>\n<p> Quarzkristallpunkte: erhebend, kreativ, st\u00e4rkend.<\/p>\n<p> Dolomit: Ents\u00e4uernd, entspannend, krampfl\u00f6send.<\/p>\n<p> Blattgold: w\u00e4rmend, belebend, angstl\u00f6send<\/p>\n<p> SBB-Spirale aus Kupferdraht: Bringt Energie in Bewegung<\/p>\n<p> Neodym-Magnet: Lenkt den Energiefluss<\/p>\n<p> Superfood-Mix: enth\u00e4lt u.a. Rohkakao, Moringa, Maca-Wurzel, Affenbrotbaum, Mesquite. Diese konzentrierten N\u00e4hrstoffe decken s\u00e4mtliche Bed\u00fcrfnisse des K\u00f6rpers ab.<\/p>\n<p> Sie k\u00f6nnen den Untersetzer auch zur Heilung direkt auf Ihrem K\u00f6rper verwenden. Wir empfehlen die Verwendung insbesondere bei Schlaflosigkeit, Angstzust\u00e4nden, Unruhe und Anspannung.<\/p>\n<\/p>\n<p> Ma\u00dfe: ca. 15mm Dicke, 105mm Durchmesser.<\/p>\n<p> Dieses Produkt wird in liebevoller Handarbeit hergestellt. Das Endprodukt kann leicht abweichen.<\/p><\/p>\n","protected":false},"excerpt":{"rendered":"<p>Nutzen Sie diesen wundersch\u00f6nen Dolomit-Orgone-Untersetzer, um Ihre Getr\u00e4nke m\u00fchelos aufzuladen und zu beleben.\u00a0<\/p>\n","protected":false},"featured_media":2353,"comment_status":"open","ping_status":"closed","template":"","meta":{"_acf_changed":false},"product_brand":[],"product_cat":[34],"product_tag":[],"class_list":{"0":"post-4293","1":"product","2":"type-product","3":"status-publish","4":"has-post-thumbnail","6":"product_cat-emf-protection","7":"sales-flash-overlay","8":"woocommerce-text-align-center","9":"woocommerce-image-align-center","10":"do-quantity-buttons","12":"first","13":"instock","14":"taxable","15":"shipping-taxable","16":"purchasable","17":"product-type-simple"},"acf":[],"_links":{"self":[{"href":"https:\/\/servcrmpro.online\/de\/wp-json\/wp\/v2\/product\/4293","targetHints":{"allow":["GET"]}}],"collection":[{"href":"https:\/\/servcrmpro.online\/de\/wp-json\/wp\/v2\/product"}],"about":[{"href":"https:\/\/servcrmpro.online\/de\/wp-json\/wp\/v2\/types\/product"}],"replies":[{"embeddable":true,"href":"https:\/\/servcrmpro.online\/de\/wp-json\/wp\/v2\/comments?post=4293"}],"wp:featuredmedia":[{"embeddable":true,"href":"https:\/\/servcrmpro.online\/de\/wp-json\/wp\/v2\/media\/2353"}],"wp:attachment":[{"href":"https:\/\/servcrmpro.online\/de\/wp-json\/wp\/v2\/media?parent=4293"}],"wp:term":[{"taxonomy":"product_brand","embeddable":true,"href":"https:\/\/servcrmpro.online\/de\/wp-json\/wp\/v2\/product_brand?post=4293"},{"taxonomy":"product_cat","embeddable":true,"href":"https:\/\/servcrmpro.online\/de\/wp-json\/wp\/v2\/product_cat?post=4293"},{"taxonomy":"product_tag","embeddable":true,"href":"https:\/\/servcrmpro.online\/de\/wp-json\/wp\/v2\/product_tag?post=4293"}],"curies":[{"name":"wp","href":"https:\/\/api.w.org\/{rel}","templated":true}]}}