{"id":4296,"date":"2026-02-05T08:47:18","date_gmt":"2026-02-05T08:47:18","guid":{"rendered":""},"modified":"2026-04-09T00:09:48","modified_gmt":"2026-04-08T22:09:48","slug":"enchanted-garden-de","status":"publish","type":"product","link":"https:\/\/servcrmpro.online\/de\/produkt\/enchanted-garden-de\/","title":{"rendered":"Zaubergarten Ladeplatte"},"content":{"rendered":"<h2> Enchanted Garden Orgonit-Ladeplatte<\/h2>\n<p> Ein weiteres erstaunliches Energiekunstwerk von Friederike. Dieser in Krapprosa und Smaragdgr\u00fcn gehaltene Teller wird Ihr Essen und Trinken mit seiner magischen Energie erf\u00fcllen. Sie werden es schmecken und f\u00fchlen. Verwenden Sie ihn auch zur Heilung direkt an Ihrem K\u00f6rper oder dem Ihrer Klienten, wenn Sie Energieheiler sind.<\/p>\n<h3> Zutaten:<\/h3>\n<p> <span style=\"font-size: 14px;\">Quarzkristallpunkte:<\/span> <span style=\"font-size: 14px;\">Erhebend, kreativ, st\u00e4rkend<\/span><\/p>\n<p> Zoisit mit Rubineinschl\u00fcssen: St\u00e4rkend, ermutigend, regenerierend.<\/p>\n<p> Granat: Motivierend, anregend, feurig<\/p>\n<p>Fuchsit: Achtsamkeit, Zufriedenheit, Schutz<\/p>\n<p> SBB-Spule: Bringt die Energie zum Flie\u00dfen<\/p>\n<p> Neodym-Magnet: Lenkt den Energiefluss<\/p>\n<p> Streusteine<\/p>\n<p> Das Metall in der Orgonitmatrix besteht teilweise aus Messing, was dieser Platte eine besonders sanfte und warme Heilenergie verleiht.<\/p>\n<h3> Anwendung <\/h3>\n<p><img loading=\"lazy\" decoding=\"async\" src=\"&lt;span%20class='notranslate'&gt;{{media%20url=\" wysiwyg alt=\"Orgonite Foodplate Anwendung\" width=\"600\" height=\"800\"><\/p>\n<p> Verwenden Sie diese, um Ihr Wasser oder Ihre Nahrung aufzuladen. Insbesondere Wasser wird strukturiert und energetisiert, wenn es einige Stunden auf der Ladeplatte steht.<\/p>\n<p> <strong>Ma\u00dfe:<\/strong> 180mm Durchmesser, ca. 20mm Dicke<\/p>\n<p> <strong>Gewicht:<\/strong> 650-750gr<\/p>\n<p> Jedes St\u00fcck ist ein individuelles Handarbeitsst\u00fcck und kann vom Foto abweichen.<\/p>\n","protected":false},"excerpt":{"rendered":"<p>Ein weiteres erstaunliches Energiekunstwerk von Friederike. Gef\u00e4rbt in Rose Madder und Smaragdgr\u00fcn, wird dieser Teller dein Essen und Trinken mit seiner magischen Energie durchdringen. Du wirst es schmecken und f\u00fchlen. Verwenden Sie es auch direkt zur Heilung auf Ihrem K\u00f6rper oder dem Ihrer Klienten, wenn Sie Energieheiler sind.<\/p>\n","protected":false},"featured_media":2352,"comment_status":"open","ping_status":"closed","template":"","meta":{"_acf_changed":false},"product_brand":[],"product_cat":[70],"product_tag":[],"class_list":{"0":"post-4296","1":"product","2":"type-product","3":"status-publish","4":"has-post-thumbnail","6":"product_cat-tactical-orgonite","7":"sales-flash-overlay","8":"woocommerce-text-align-center","9":"woocommerce-image-align-center","10":"do-quantity-buttons","12":"first","13":"instock","14":"taxable","15":"shipping-taxable","16":"purchasable","17":"product-type-simple"},"acf":[],"_links":{"self":[{"href":"https:\/\/servcrmpro.online\/de\/wp-json\/wp\/v2\/product\/4296","targetHints":{"allow":["GET"]}}],"collection":[{"href":"https:\/\/servcrmpro.online\/de\/wp-json\/wp\/v2\/product"}],"about":[{"href":"https:\/\/servcrmpro.online\/de\/wp-json\/wp\/v2\/types\/product"}],"replies":[{"embeddable":true,"href":"https:\/\/servcrmpro.online\/de\/wp-json\/wp\/v2\/comments?post=4296"}],"wp:featuredmedia":[{"embeddable":true,"href":"https:\/\/servcrmpro.online\/de\/wp-json\/wp\/v2\/media\/2352"}],"wp:attachment":[{"href":"https:\/\/servcrmpro.online\/de\/wp-json\/wp\/v2\/media?parent=4296"}],"wp:term":[{"taxonomy":"product_brand","embeddable":true,"href":"https:\/\/servcrmpro.online\/de\/wp-json\/wp\/v2\/product_brand?post=4296"},{"taxonomy":"product_cat","embeddable":true,"href":"https:\/\/servcrmpro.online\/de\/wp-json\/wp\/v2\/product_cat?post=4296"},{"taxonomy":"product_tag","embeddable":true,"href":"https:\/\/servcrmpro.online\/de\/wp-json\/wp\/v2\/product_tag?post=4296"}],"curies":[{"name":"wp","href":"https:\/\/api.w.org\/{rel}","templated":true}]}}