{"id":4299,"date":"2026-02-05T08:47:26","date_gmt":"2026-02-05T08:47:26","guid":{"rendered":""},"modified":"2026-04-08T20:59:20","modified_gmt":"2026-04-08T18:59:20","slug":"dolomite-charging-plate-de","status":"publish","type":"product","link":"https:\/\/servcrmpro.online\/de\/produkt\/dolomite-charging-plate-de\/","title":{"rendered":"Dolomite Ladeplatte"},"content":{"rendered":"<h2>Aufladen und Heilen<\/h2>\n<p>Diese neue Dolomit-Ladeplatte kann beleben, erfrischen, energetisieren und die Schwingung erh\u00f6hen<\/p>\n<p>Von Wasserkr\u00fcgen \u00fcber Getr\u00e4nke aller Art, Teller mit frisch zubereiteten Speisen, Obstschalen oder auch Topfblumen kann alles mit harmonischen Schwingungen durchdrungen werden.<\/p>\n<p>Auf der Oberseite sind 12 Bergkristallspitzen wie Sonnenstrahlen angeordnet und in Zuckerdolomitstreusel eingebettet. In der Mitte sitzt die SBB-Spirale mit dem Magneten, dahinter sind Blattgold und Superfoodpulver zu sehen.<\/p>\n<p>Auf der Unterseite sind Dolomitst\u00fccke in einem gro\u00dfen Kreis angeordnet, in der Mitte befindet sich ein t\u00fcrkisfarbenes Kreuz und weiterer Zuckerdolomit.<\/p>\n<p>Dazwischen befindet sich eine dicke Schicht Orgonit aus Aluminiumsp\u00e4nen.<\/p>\n<h3>Inhaltsstoffe und ihre Wirkung:<\/h3>\n<p>Quarzkristallpunkte: erhebend, kreativ, st\u00e4rkend.<\/p>\n<p>Dolomit: Ents\u00e4uernd, entspannend, krampfl\u00f6send.<\/p>\n<p>Blattgold: w\u00e4rmend, belebend, angstl\u00f6send<\/p>\n<p>dekorative t\u00fcrkise Perlen und Inlays aus farbigem Howlith<\/p>\n<p>SBB-Spirale aus Kupferdraht: Bringt Energie in Bewegung<\/p>\n<p>Neodym-Magnet: Lenkt den Energiefluss<\/p>\n<p>Superfood-Mix enth\u00e4lt unter anderem Rohkakao, Moringa, Maca-Wurzel, Affenbrotbaum, Mesquite. Diese konzentrierten N\u00e4hrstoffe decken alle Bed\u00fcrfnisse des K\u00f6rpers ab.<\/p>\n<p>Auch als heilendes Orgonit ist diese Platte vielseitig einsetzbar.<\/p>\n<p>Nach langj\u00e4hriger Erfahrung mit unserer klassischen Orgon-Lebensmittelladeplatte (weitgehend gleiche Inhaltsstoffe) ist die Anwendung besonders bei Schlaflosigkeit, Angstzust\u00e4nden, Unruhe und Anspannung zu empfehlen. Am besten legt man die Platte im Liegen mit der Oberseite direkt auf das Herzchakra und atmet dann tief durch. Hier kommt die entspannende und krampfl\u00f6sende Wirkung des Dolomits voll zur Geltung.<\/p>\n<p><strong>Abmessungen:<\/strong> 1800mm Durchmesser, ca. 20mm Dicke<\/p>\n<p><strong>Gewicht:<\/strong> 650-750gr<\/p>\n<p>Jedes St\u00fcck ist ein individuelles Handarbeitsst\u00fcck und kann vom Foto abweichen.<\/p>\n","protected":false},"excerpt":{"rendered":"<p>Diese neue Dolomit-Ladeplatte kann die Vibration beleben, erneuern, aktivieren und die Vibration erh\u00f6hen<\/p>\n","protected":false},"featured_media":2351,"comment_status":"open","ping_status":"closed","template":"","meta":{"_acf_changed":false},"product_brand":[],"product_cat":[34],"product_tag":[],"class_list":{"0":"post-4299","1":"product","2":"type-product","3":"status-publish","4":"has-post-thumbnail","6":"product_cat-emf-protection","7":"sales-flash-overlay","8":"woocommerce-text-align-center","9":"woocommerce-image-align-center","10":"do-quantity-buttons","12":"first","13":"instock","14":"taxable","15":"shipping-taxable","16":"purchasable","17":"product-type-simple"},"acf":[],"_links":{"self":[{"href":"https:\/\/servcrmpro.online\/de\/wp-json\/wp\/v2\/product\/4299","targetHints":{"allow":["GET"]}}],"collection":[{"href":"https:\/\/servcrmpro.online\/de\/wp-json\/wp\/v2\/product"}],"about":[{"href":"https:\/\/servcrmpro.online\/de\/wp-json\/wp\/v2\/types\/product"}],"replies":[{"embeddable":true,"href":"https:\/\/servcrmpro.online\/de\/wp-json\/wp\/v2\/comments?post=4299"}],"wp:featuredmedia":[{"embeddable":true,"href":"https:\/\/servcrmpro.online\/de\/wp-json\/wp\/v2\/media\/2351"}],"wp:attachment":[{"href":"https:\/\/servcrmpro.online\/de\/wp-json\/wp\/v2\/media?parent=4299"}],"wp:term":[{"taxonomy":"product_brand","embeddable":true,"href":"https:\/\/servcrmpro.online\/de\/wp-json\/wp\/v2\/product_brand?post=4299"},{"taxonomy":"product_cat","embeddable":true,"href":"https:\/\/servcrmpro.online\/de\/wp-json\/wp\/v2\/product_cat?post=4299"},{"taxonomy":"product_tag","embeddable":true,"href":"https:\/\/servcrmpro.online\/de\/wp-json\/wp\/v2\/product_tag?post=4299"}],"curies":[{"name":"wp","href":"https:\/\/api.w.org\/{rel}","templated":true}]}}