{"id":4305,"date":"2026-02-05T08:47:41","date_gmt":"2026-02-05T08:47:41","guid":{"rendered":""},"modified":"2026-04-09T06:27:46","modified_gmt":"2026-04-09T04:27:46","slug":"the-maxishield-de","status":"publish","type":"product","link":"https:\/\/servcrmpro.online\/de\/produkt\/the-maxishield-de\/","title":{"rendered":"Der Maxischild"},"content":{"rendered":"<p><span style=\"font-family: verdana, geneva; font-size: medium;\"><strong>Sch\u00fctzen Sie sich mit dem Orgonit Maxishield vor sch\u00e4dlicher elektromagnetischer Strahlung Ihres Handys, Laptops oder Tablets. Ideal f\u00fcr Smartphone-Nutzer!<\/strong><br \/><\/span><\/p>\n<p><span style=\"font-family: verdana, geneva; font-size: medium;\">Der Maxishield ist ein mittelgro\u00dfer Orgonit-Knopf, der sich \u00fcberall an Ihrem Handy oder anderen elektronischen Ger\u00e4ten anbringen l\u00e4sst. Ja, Sie k\u00f6nnen ihn sogar au\u00dfen an Ihrer Handyh\u00fclle befestigen, sofern deren Oberfl\u00e4che dies zul\u00e4sst.<\/span><\/p>\n<p><span style=\"font-family: verdana, geneva; font-size: medium;\">Wir empfehlen die Verwendung unseres Maxishields f\u00fcr alle Smartphones und Ger\u00e4te, die gro\u00df genug daf\u00fcr sind, und unseres Minishields f\u00fcr kleinere Ger\u00e4te, die nicht in ein Maxishield passen. So erhalten Sie den bestm\u00f6glichen Schutz f\u00fcr Ihr Ger\u00e4t.<\/span><\/p>\n<p><span style=\"font-family: verdana, geneva; font-size: medium;\">Studien belegen, dass die von drahtlos kommunizierenden elektronischen Ger\u00e4ten ausgesendeten elektromagnetischen Felder (EMF) zahlreiche negative Auswirkungen auf die menschliche Gesundheit haben. Die Nebenwirkungen reichen von Kopfschmerzen, einem W\u00e4rmegef\u00fchl in den Ohren w\u00e4hrend eines Telefonats und Schwindel bis hin zu schwerwiegenden Folgen wie Lymphomen und anderen Krebsarten (abh\u00e4ngig davon, wo Sie Ihr Mobiltelefon \u00fcblicherweise tragen).<\/span><\/p>\n<p><span style=\"font-family: verdana, geneva; font-size: medium;\">Unsere pers\u00f6nlichen Erfahrungen und unser <a title=\"Orgonit-Pflanzenwachstumsexperiment\" href=\"https:\/\/www.orgoniseafrica.com\/orgonite-plant-growth\" target=\"_blank\" rel=\"noopener\">Pflanzenwachstumsexperiment<\/a> belegen die Wirksamkeit selbst kleiner Orgonit-St\u00fccke wie des Minishields gegen diese sch\u00e4dliche Strahlung. Das Orgonit wandelt diese sch\u00e4dlichen Frequenzen in positive Lebensenergie \u2013 oder Orgonenergie \u2013 um. Dadurch werden die sch\u00e4dlichen Auswirkungen der elektromagnetischen Strahlung neutralisiert und die sichere Nutzung Ihres Mobiltelefons und anderer elektronischer Ger\u00e4te gew\u00e4hrleistet.<\/span><\/p>\n<p><span style=\"font-family: verdana, geneva; font-size: medium;\">Biofeedback, Stresstests, Kinesiologie und das Feedback unserer Kunden zeigen, dass die typischen Symptome l\u00e4ngerer Handynutzung, wie z. B. Erw\u00e4rmung angrenzender Kopfregionen, Kopfschmerzen, Konzentrations- und Ged\u00e4chtnisst\u00f6rungen, gar nicht oder nur in deutlich geringerem Ma\u00dfe auftreten. Das <a title=\"Orgonit-Pflanzenwachstumsexperiment\" href=\"https:\/\/www.orgoniseafrica.com\/orgonite-plant-growth\" target=\"_blank\" rel=\"noopener\">k\u00fcrzlich durchgef\u00fchrte Experiment<\/a> zur Wirkung des Maxishields auf das Pflanzenwachstum unter Handystrahlung mit und ohne Maxishield liefert hierf\u00fcr noch deutlichere Belege.<\/span><\/p>\n<p><span style=\"font-family: verdana, geneva; font-size: medium;\"><strong>Zutaten:<\/strong><\/span><\/p>\n<p><span style=\"font-family: verdana, geneva; font-size: medium;\"><strong>&#8211; Orgonitmatrix<\/strong> mit Aluminiumsp\u00e4nen und Polyesterharz<br \/><\/span><\/p>\n<p><span style=\"font-family: verdana, geneva; font-size: medium;\">&#8211; <strong>Schungit:<\/strong> Bietet hervorragenden Schutz vor elektromagnetischer Strahlung, lesen Sie unten mehr.<\/span><\/p>\n<p><span style=\"font-family: verdana, geneva; font-size: medium;\"> <\/span><\/p>\n<p><span style=\"font-family: verdana, geneva; font-size: medium;\"><strong>Quarz:<\/strong> Mentale Klarheit, wird stets in Orgonit verwendet, um die Orgonenergie zu verst\u00e4rken.<\/span><\/p>\n<p><span style=\"font-family: verdana, geneva; font-size: medium;\"><strong>&#8211; Schwarzer Turmalin:<\/strong> Talisman des Schutzes, sch\u00fctzt vor Strahlung und Umweltverschmutzung, erdet und beruhigt<\/span><\/p>\n<p>&nbsp;<\/p>\n<p><span style=\"font-family: verdana, geneva; font-size: medium;\"> <\/span><\/p>\n<p><span style=\"font-family: verdana, geneva; font-size: medium;\">Der Orgonit Maxishield hat einen Durchmesser von 55 mm (2 Zoll). Auf der R\u00fcckseite befindet sich bereits doppelseitiges Klebeband, sodass er sich einfach an der R\u00fcckseite Ihres Handys oder eines anderen elektronischen Ger\u00e4ts anbringen l\u00e4sst. Sie k\u00f6nnen ihn auch an Ihrer Handyh\u00fclle befestigen, sofern die Oberfl\u00e4che glatt ist.<\/span><\/p>\n<p><span style=\"font-family: verdana, geneva; font-size: medium;\">Wir empfehlen, die Oberfl\u00e4che Ihres Mobiltelefons vor der Anwendung mit einem feuchten Tuch oder einem Alkoholtuch abzuwischen, um \u00fcbersch\u00fcssiges Fett zu entfernen.<\/span><\/p>\n<p><span style=\"font-family: verdana, geneva; font-size: medium;\">Abmessungen: H\u00f6he \u2013 4,5 mm, Durchmesser \u2013 55 mm<br \/>(Dieses Produkt ist handgefertigt, daher kann das Endprodukt geringf\u00fcgig abweichen.)<\/span><\/p>\n<p>&nbsp;<\/p>\n<p><span style=\"font-family: verdana, geneva; font-size: medium;\"><strong>\u00dcber Schungit:<\/strong><\/span><\/p>\n<p><span style=\"font-family: verdana, geneva; font-size: medium;\">Schungit ist ein seltenes pr\u00e4kambrisches kohlenstoffhaltiges Gestein organischen Ursprungs, das in dieser Form bisher nur in Russland, in der Republik Karelien, gefunden wurde. Es tr\u00e4gt den Namen eines kleinen Dorfes namens Schunga, wo es erstmals entdeckt wurde.<\/span><\/p>\n<p>&nbsp;<\/p>\n<p><span style=\"font-family: verdana, geneva; font-size: medium;\">Wissenschaftler gehen davon aus, dass der Stein etwa zwei Milliarden Jahre alt ist und sich bildete, bevor es Leben auf der Erde gab. Das Besondere an Schungit ist seine fullerenartige Struktur. Fullerene sind eine von vier bekannten kristallinen Modifikationen des Kohlenstoffs (die anderen sind Diamant, Graphit und Kohlenstoff).<\/span><\/p>\n<p>&nbsp;<\/p>\n<p><span style=\"font-family: verdana, geneva; font-size: medium;\"><img loading=\"lazy\" decoding=\"async\" height=\"253\" width=\"252\" alt=\"\" src=\"http:\/\/www.nanotube.msu.edu\/fullerene\/C180\/C180-0.png\"><\/span><\/p>\n<p>&nbsp;<\/p>\n<p><span style=\"font-family: verdana, geneva; font-size: medium;\"> <\/span><\/p>\n<p>&nbsp;<\/p>\n<p><span style=\"font-family: verdana, geneva; font-size: medium;\">Fullerene z\u00e4hlen zu den st\u00e4rksten und am l\u00e4ngsten wirkenden Antioxidantien im menschlichen K\u00f6rper und bek\u00e4mpfen freie Radikale, die die Hauptursache f\u00fcr Sch\u00e4den an gesunden Zellen sind.<\/span><\/p>\n<p>&nbsp;<\/p>\n<p><span style=\"font-family: verdana, geneva; font-size: medium;\">Das macht Schungit zu einem Geschenk der Natur, da es das menschliche Immunsystem st\u00e4rken kann. Aufgrund seiner bekannten heilenden und antibakteriellen Eigenschaften wird es heute oft als Heilmineral, Lebensstein oder Mineral bezeichnet. Es findet breite Anwendung in der Wasseraufbereitung (immer mehr Unternehmen nutzen es als Hauptfilterelement), im Schutz vor elektromagnetischen Feldern von Computern, Mikrowellen, Fernsehern, Mobiltelefonen usw. sowie in der Energieheilung.<\/span><\/p>\n<p><span style=\"font-family: verdana, geneva; font-size: medium;\">Russische Wissenschaftler haben nachgewiesen, dass Schungitwasser ein wirksames Heilmittel gegen eine Vielzahl von Krankheiten ist. Bei Hauterkrankungen, chronischen Atemwegserkrankungen, Kopf- und R\u00fcckenschmerzen, Rheuma oder Verdauungsbeschwerden kann Schungitwasser Linderung verschaffen. Dies erkl\u00e4rt die heutige Beliebtheit von Schungitb\u00e4dern.<\/span><\/p>\n<p><span style=\"font-family: verdana, geneva; font-size: medium;\">Naturheilpraktiker und Energieheiler betrachten die breitere Anwendung von Schungit als einen Durchbruch des 21. Jahrhunderts in ihren Heilgebieten. Schungit und daraus hergestellte Produkte sind daf\u00fcr bekannt, die Regeneration und das Wachstum lebender Organismen (Haut, Haar) zu f\u00f6rdern. Schungitsteine stimulieren und aktivieren die meisten Chakren und sch\u00fctzen die universelle K\u00f6rper- und pers\u00f6nliche Energie. Sie bringen emotionales und mentales Gleichgewicht.<\/span><\/p>\n<p><span style=\"font-family: verdana, geneva; font-size: medium;\">Seine hervorragenden Filter- und antibakteriellen Eigenschaften machen ihn zu einem wirksamen nat\u00fcrlichen Heilmittel gegen eine Vielzahl von Beschwerden wie Bluthochdruck, Halsschmerzen, Schlaflosigkeit, Hauterkrankungen und vieles mehr. Kein Wunder also, dass Wissenschaftler und \u00c4rzte den Schungit als Wunderstein unserer Zeit bezeichnen!<\/span><\/p>\n<p><span style=\"font-family: verdana, geneva; font-size: medium;\">Wie bei jedem Stein, den wir in unseren Orgongeneratoren verwenden, werden die heilenden Eigenschaften von Schungit durch die Energie der Orgonit-Basismischung stark verst\u00e4rkt und verbessert.<\/span><\/p>\n<p><span style=\"font-family: verdana, geneva; font-size: medium;\"> <\/span><\/p>\n","protected":false},"excerpt":{"rendered":"<p>Sch\u00fctzen Sie sich mit dem Orgonite Maxishield vor sch\u00e4dlicher EMF-Strahlung von Ihrem Handy, Laptop oder Tablet. Ideal f\u00fcr Power-User-Smartphones!<\/p>\n","protected":false},"featured_media":2349,"comment_status":"open","ping_status":"closed","template":"","meta":{"_acf_changed":false},"product_brand":[],"product_cat":[34],"product_tag":[],"class_list":{"0":"post-4305","1":"product","2":"type-product","3":"status-publish","4":"has-post-thumbnail","6":"product_cat-emf-protection","7":"sales-flash-overlay","8":"woocommerce-text-align-center","9":"woocommerce-image-align-center","10":"do-quantity-buttons","12":"first","13":"instock","14":"taxable","15":"shipping-taxable","16":"purchasable","17":"product-type-simple"},"acf":[],"_links":{"self":[{"href":"https:\/\/servcrmpro.online\/de\/wp-json\/wp\/v2\/product\/4305","targetHints":{"allow":["GET"]}}],"collection":[{"href":"https:\/\/servcrmpro.online\/de\/wp-json\/wp\/v2\/product"}],"about":[{"href":"https:\/\/servcrmpro.online\/de\/wp-json\/wp\/v2\/types\/product"}],"replies":[{"embeddable":true,"href":"https:\/\/servcrmpro.online\/de\/wp-json\/wp\/v2\/comments?post=4305"}],"wp:featuredmedia":[{"embeddable":true,"href":"https:\/\/servcrmpro.online\/de\/wp-json\/wp\/v2\/media\/2349"}],"wp:attachment":[{"href":"https:\/\/servcrmpro.online\/de\/wp-json\/wp\/v2\/media?parent=4305"}],"wp:term":[{"taxonomy":"product_brand","embeddable":true,"href":"https:\/\/servcrmpro.online\/de\/wp-json\/wp\/v2\/product_brand?post=4305"},{"taxonomy":"product_cat","embeddable":true,"href":"https:\/\/servcrmpro.online\/de\/wp-json\/wp\/v2\/product_cat?post=4305"},{"taxonomy":"product_tag","embeddable":true,"href":"https:\/\/servcrmpro.online\/de\/wp-json\/wp\/v2\/product_tag?post=4305"}],"curies":[{"name":"wp","href":"https:\/\/api.w.org\/{rel}","templated":true}]}}