{"id":4308,"date":"2026-02-05T08:47:49","date_gmt":"2026-02-05T08:47:49","guid":{"rendered":""},"modified":"2026-04-08T21:03:18","modified_gmt":"2026-04-08T19:03:18","slug":"pink-keshe-brick-de","status":"publish","type":"product","link":"https:\/\/servcrmpro.online\/de\/produkt\/pink-keshe-brick-de\/","title":{"rendered":"Keshe-Block \u201eDreamcatcher\u201c"},"content":{"rendered":"<p>Dieser kleine Block ist ein Kraftpaket aus wertvollen Materialien und bahnbrechender Technologie.<\/p>\n<p>Du kannst ihn zum Heilen, Energetisieren, Meditieren und&nbsp; viele andere Anwendungen benutzen. Wenn Du ihn einmal in den H\u00e4nden gehalten haben, wirst Du ihn nicht mehr aus der Hand legen wollen.<\/p>\n<p><strong>Folgende Elemente wurden kombiniert:<\/strong><\/p>\n<p>Eine gro\u00dfe Menge Rhodochrosit (mit der Traumf\u00e4nger-Einlage) ist auf der Vorderseite des Orgonit-Steins eingebettet. Rhodochrosit wurde ausgew\u00e4hlt, weil er Selbstvertrauen, Leichtigkeit und Kompetenz f\u00f6rdert, aber auch, weil er lebhafte und intensive Tr\u00e4ume hervorruft, an die man sich erinnern kann.<\/p>\n<p>Der Orgonit-Kern dient als Basis f\u00fcr die kontinuierliche Aufladung aller anderen Teile.<\/p>\n<p>Das kleine Fl\u00e4schchen auf der R\u00fcckseite enth\u00e4lt in Wasser gebundene Keshe GANS. Man kann sie als wei\u00dfe Wolke beobachten, die sichim Stillstand am Boden absetzt und aufgewirbelt wird, sobald man den Block bewegt.<\/p>\n<p>GANS ist die Abk\u00fcrzung f\u00fcr GAs in a Nano-State of Solid.( Gas im Nanozustand von feststofflich) Keshe bezeichnet es als den 4. Zustand der Materie nach 1. fest, 2. fl\u00fcssig und 3. gasf\u00f6rmig.<\/p>\n<p>Jedes GANS-Teilchen ist wie eine Mikro-Sonne, die Magnet- und Gravitationsfelder enth\u00e4lt.<\/p>\n<p>Bitte lesen Sie mehr \u00fcber die erstaunliche Forschung, die hinter der GANS-Technologie steht, unter www.kfwiki.org oder www.keshefoundation.org.<\/p>\n<p>Die beiden Nadelquarzkristalle werden neben der Flasche im Orgonit platziert (nicht immer sichtbar). Die Spitzen zeigen in entgegengesetzte Richtungen, einer nach oben, einer nach unten, um einen wirbelartigen Energiefluss zu erzeugen.<\/p>\n<p><strong>Zutaten<\/strong>:<\/p>\n<p>&#8211; Orgonit<\/p>\n<p>&#8211; 10ml Fl\u00e4schchen mit Zn2 Gans<\/p>\n<p>&#8211; 2 S\/T Nadelquarz-Kristalle<\/p>\n<p>&#8211; Blauer Kyanit, mit Blattgraphitflocken<\/p>\n<p>&#8211; Herzf\u00f6rmige Metalleinlage<\/p>\n<p>&#8211; Glimmer \/ Blattsilber (Verbindung)<\/p>\n<p><strong>Achtung<\/strong>! Verwenden Sie diesen Artikel nicht st\u00e4ndig am K\u00f6rper, da Rhodochrosit so stark energetisierend ist, dass er den Blutdruck erh\u00f6hen und Sie etwas hyperaktiv machen kann. Verwenden Sie ihn an&nbsp; 5 von 7 Tagen.<\/p>\n<p><strong>Abmessungen<\/strong>: L\u00e4nge &#8211; 85mm, Breite &#8211; 48mm, H\u00f6he &#8211; 29mm<\/p>\n<p>(Dieses Produkt ist handgefertigt und das Endprodukt kann leicht abweichen)<\/p>\n","protected":false},"excerpt":{"rendered":"<p>Dieser kleine Ziegel ist ein Kraftpaket aus wertvollen Materialien und bahnbrechender Technologie.<\/p>\n","protected":false},"featured_media":2348,"comment_status":"open","ping_status":"closed","template":"","meta":{"_acf_changed":false},"product_brand":[],"product_cat":[34],"product_tag":[],"class_list":{"0":"post-4308","1":"product","2":"type-product","3":"status-publish","4":"has-post-thumbnail","6":"product_cat-emf-protection","7":"sales-flash-overlay","8":"woocommerce-text-align-center","9":"woocommerce-image-align-center","10":"do-quantity-buttons","12":"first","13":"instock","14":"taxable","15":"shipping-taxable","16":"purchasable","17":"product-type-simple"},"acf":[],"_links":{"self":[{"href":"https:\/\/servcrmpro.online\/de\/wp-json\/wp\/v2\/product\/4308","targetHints":{"allow":["GET"]}}],"collection":[{"href":"https:\/\/servcrmpro.online\/de\/wp-json\/wp\/v2\/product"}],"about":[{"href":"https:\/\/servcrmpro.online\/de\/wp-json\/wp\/v2\/types\/product"}],"replies":[{"embeddable":true,"href":"https:\/\/servcrmpro.online\/de\/wp-json\/wp\/v2\/comments?post=4308"}],"wp:featuredmedia":[{"embeddable":true,"href":"https:\/\/servcrmpro.online\/de\/wp-json\/wp\/v2\/media\/2348"}],"wp:attachment":[{"href":"https:\/\/servcrmpro.online\/de\/wp-json\/wp\/v2\/media?parent=4308"}],"wp:term":[{"taxonomy":"product_brand","embeddable":true,"href":"https:\/\/servcrmpro.online\/de\/wp-json\/wp\/v2\/product_brand?post=4308"},{"taxonomy":"product_cat","embeddable":true,"href":"https:\/\/servcrmpro.online\/de\/wp-json\/wp\/v2\/product_cat?post=4308"},{"taxonomy":"product_tag","embeddable":true,"href":"https:\/\/servcrmpro.online\/de\/wp-json\/wp\/v2\/product_tag?post=4308"}],"curies":[{"name":"wp","href":"https:\/\/api.w.org\/{rel}","templated":true}]}}