{"id":4320,"date":"2026-02-05T08:48:38","date_gmt":"2026-02-05T08:48:38","guid":{"rendered":""},"modified":"2026-04-13T10:56:07","modified_gmt":"2026-04-13T08:56:07","slug":"silver-shungite-orgone-pyramid-de","status":"publish","type":"product","link":"https:\/\/servcrmpro.online\/de\/produkt\/silver-shungite-orgone-pyramid-de\/","title":{"rendered":"Silber und Schungit Pyramide"},"content":{"rendered":"<h2>Silber und Schungit Pyramide<\/h2>\n<p>Diese Pyramide ist au\u00dfergew\u00f6hnlich gut verarbeitet und wird \u00fcberall in Ihrem Zuhause oder an Ihrem Arbeitsplatz ein Blickfang sein.<\/p>\n<p>Die Silber- und Schungitpyramide ist ein sehr aufwendiges Produkt mit Doppelschichttechnologie.<\/p>\n<p>Der Kern besteht aus Orgonit, das an der Unterseite mit zusammengesetztem Blattsilber und Silbersp\u00e4nen beschichtet ist. Die \u00e4u\u00dfere Schicht besteht aus klarem Harz mit schwimmenden Blattsilberflocken.<\/p>\n<p>Die Energie wird durch den \u201eDeckstein\u201c geleitet, der reinen, dichten Schungit enth\u00e4lt.<\/p>\n<p>Dieser Orgon-Generator bietet hervorragenden Schutz vor EMF und anderer Strahlung und erf\u00fcllt Ihre Umgebung mit reinigender, l\u00e4uternder und erdender Energie.<\/p>\n<p>Abmessungen: L\u00e4nge \u2013 100 mm, Breite \u2013 100 mm, H\u00f6he \u2013 100 mm<br \/> (Dieses Produkt ist handgefertigt und das Endprodukt kann leicht abweichen)<\/p>\n<p>Gewicht ca. 400g.<\/p>\n<h3>Alle unsere Orgonite:<\/h3>\n<p>&#8211; st\u00e4rkt Ihr bioenergetisches Feld (Aura) \u2013 dies hilft Ihnen gegen das Eindringen von Krankheiten und Negativit\u00e4t in Ihr Leben.<\/p>\n<p>&#8211; vitalisiert Ihren K\u00f6rper \u2013 eventuell vorhandene Erkrankungen oder St\u00f6rungen k\u00f6nnen beseitigt werden.<\/p>\n<p>&#8211; sch\u00fctzt Sie vor sch\u00e4dlichen Einfl\u00fcssen wie elektromagnetischer Strahlung (EMF) oder negativen Energien<\/p>\n<h3>Zutaten:<\/h3>\n<p><strong>Orgonit-Mix:<\/strong> revitalisiert und st\u00e4rkt das Energiefeld, neutralisiert EMF und Strahlung<\/p>\n<p><strong>Schungit:<\/strong> Hervorragender EMF-Schutz, psychischer Schutz, Erdung, Reinigung und Kl\u00e4rung, Beruhigung und Entspannung<\/p>\n<p><strong>Silbersp\u00e4ne und Silberblatt:<\/strong> haben antibakterielle, antivirale und antimykotische Eigenschaften, wirken stark reinigend, beruhigend und heilend, reflektieren Negativit\u00e4t des Tr\u00e4gers, verst\u00e4rken die Eigenschaften anderer Edelsteine<\/p>\n<p><strong>Schwarzer Turmalin:<\/strong> Schutztalisman, sch\u00fctzt vor Strahlung und Umweltverschmutzung, erdet und beruhigt<\/p>\n<p><strong>Galenit:<\/strong> Wirkt EMF-Effekten entgegen, unterst\u00fctzt bei der pers\u00f6nlichen Transformation, steigert die pers\u00f6nliche Kraft, bringt Mut in schwierigen Zeiten<\/p>\n<p><strong>Rauchquarz:<\/strong> f\u00f6rdert k\u00f6rperliche und geistige St\u00e4rke und Widerstandskraft, insbesondere gegen Strahlung. Hilft bei der Heilung von Strahlensch\u00e4den.<\/p>\n<p><strong>Rosenquarz:<\/strong> Stein der bedingungslosen Liebe, des Friedens, der Ruhe und der G\u00fcte. Beruhigt, reduziert Stress und Anspannung, f\u00f6rdert die F\u00fcrsorge.<\/p>\n<p><strong>Amethyst:<\/strong> Stein des spirituellen Wachstums, verbessert die Gesundheit in vielerlei Hinsicht, sch\u00fctzt vor Angst, Erdstrahlung und Fremdenergien<\/p>\n<p><strong>Glimmer:<\/strong> schirmt und sch\u00fctzt, Klarheit und Flexibilit\u00e4t.<\/p>\n<p>&nbsp;<\/p>\n<p>&nbsp;<\/p>\n","protected":false},"excerpt":{"rendered":"<p>Diese Pyramide ist au\u00dfergew\u00f6hnlich gut verarbeitet und wird \u00fcberall in Ihrem Zuhause oder am Arbeitsplatz ein Blickpunkt sein.<\/p>\n","protected":false},"featured_media":2345,"comment_status":"open","ping_status":"closed","template":"","meta":{"_acf_changed":false},"product_brand":[],"product_cat":[20],"product_tag":[],"class_list":{"0":"post-4320","1":"product","2":"type-product","3":"status-publish","4":"has-post-thumbnail","6":"product_cat-orgonite-pyramids","7":"sales-flash-overlay","8":"woocommerce-text-align-center","9":"woocommerce-image-align-center","10":"do-quantity-buttons","12":"first","13":"instock","14":"taxable","15":"shipping-taxable","16":"purchasable","17":"product-type-simple"},"acf":[],"_links":{"self":[{"href":"https:\/\/servcrmpro.online\/de\/wp-json\/wp\/v2\/product\/4320","targetHints":{"allow":["GET"]}}],"collection":[{"href":"https:\/\/servcrmpro.online\/de\/wp-json\/wp\/v2\/product"}],"about":[{"href":"https:\/\/servcrmpro.online\/de\/wp-json\/wp\/v2\/types\/product"}],"replies":[{"embeddable":true,"href":"https:\/\/servcrmpro.online\/de\/wp-json\/wp\/v2\/comments?post=4320"}],"wp:featuredmedia":[{"embeddable":true,"href":"https:\/\/servcrmpro.online\/de\/wp-json\/wp\/v2\/media\/2345"}],"wp:attachment":[{"href":"https:\/\/servcrmpro.online\/de\/wp-json\/wp\/v2\/media?parent=4320"}],"wp:term":[{"taxonomy":"product_brand","embeddable":true,"href":"https:\/\/servcrmpro.online\/de\/wp-json\/wp\/v2\/product_brand?post=4320"},{"taxonomy":"product_cat","embeddable":true,"href":"https:\/\/servcrmpro.online\/de\/wp-json\/wp\/v2\/product_cat?post=4320"},{"taxonomy":"product_tag","embeddable":true,"href":"https:\/\/servcrmpro.online\/de\/wp-json\/wp\/v2\/product_tag?post=4320"}],"curies":[{"name":"wp","href":"https:\/\/api.w.org\/{rel}","templated":true}]}}