{"id":4323,"date":"2026-02-05T08:48:47","date_gmt":"2026-02-05T08:48:47","guid":{"rendered":""},"modified":"2026-04-13T04:10:17","modified_gmt":"2026-04-13T02:10:17","slug":"orgone-zapper-el-silverado-de","status":"publish","type":"product","link":"https:\/\/servcrmpro.online\/de\/produkt\/orgone-zapper-el-silverado-de\/","title":{"rendered":"Orgonzapper &#8222;El Silverado&#8220;"},"content":{"rendered":"<h1>Orgon-Zapper mit reinem Silber<\/h1>\n<p>Alle Komponenten sind identisch mit dem <strong>Orgone Zapper<\/strong> Standard, nur dass die Elektroden aus <strong>9999er Feinsilber bestehen.<\/strong><br \/> Dies kann den zus\u00e4tzlichen Vorteil haben, dass Spuren von <strong>kolloidalem Silber<\/strong> \u00fcber die Haut zugef\u00fchrt werden.<br \/> Viele Anwender haben au\u00dferdem eine <strong>positive Schwingungsqualit\u00e4t<\/strong> des Silbers festgestellt.<\/p>\n<p> <strong>Spezifikationen:<\/strong><\/p>\n<p> Frequenz: 15 Hz gepulster Gleichstrom<br \/> Batterie: 9V PP3 <em>Aufgrund von Flugbeschr\u00e4nkungen k\u00f6nnen wir die 9-V-Batterie nicht mit dem Zapper versenden<\/em><br \/> Elektroden: Feinsilber .9999<br \/> Abnehmbarer Klettverschluss<br \/> 2,5 mm Micro-Buchse f\u00fcr externe Ger\u00e4te<br \/> Neodym-Magnet 10,3 x 3 mm<br \/> Mobius-Spule, gesch\u00fctzt durch Begrenzungskabel<br \/> Orgonitblock<br \/> Amethystkristall zu einem \u201eSchwanz\u201c-Anschlussdraht aufgewickelt<br \/> Granatkristall zu einem &#8222;Kopf&#8220;-Anschlussdraht aufgewickelt<br \/> LED zur Anzeige des Ein-\/Aus-Status<\/p>\n<p><img decoding=\"async\" alt=\"\" src=\"http:\/\/www.orgoniseafrica.com\/images\/080125NewZapfromabove.jpg\"><br \/> Der neue El Silverado<\/p>\n<p> <em>Bitte beachten: Reines Silber oxidiert bei Hautkontakt, insbesondere unter Einwirkung von elektrischem Strom, leicht. Dadurch k\u00f6nnen schwarze Flecken auf der Haut entstehen. Diese lassen sich mit Seife nicht so leicht entfernen, sondern verschwinden nach ein paar Tagen von selbst. (Silbersalze) Sie sind nicht sch\u00e4dlich, gefallen Ihnen aber vielleicht aus \u00e4sthetischen Gr\u00fcnden nicht.<\/p>\n<p> Wenn Sie meinen, dass dies f\u00fcr Sie von Belang sein k\u00f6nnte, w\u00e4hlen Sie bitte den <a href=\"https:\/\/www.orgoniseafrica.com\/orgone-zapper-standard.html\" target=\"_blank\" rel=\"noopener\">Orgone Zapper Standard<\/a><\/em><\/p>\n<p><em>Abmessungen: L\u00e4nge \u2013 84 mm, Breite \u2013 50 mm, H\u00f6he \u2013 20 mm<br \/> (Dieses Produkt ist handgefertigt und das Endprodukt kann leicht abweichen)<\/em><\/p>\n","protected":false},"excerpt":{"rendered":"<p>Alle Komponenten sind identisch mit dem Orgone Zapper Standard, nur dass die Elektroden aus .9999 Feinsilber bestehen. Dies kann den zus\u00e4tzlichen Vorteil haben, dass Spuren von kolloidalem Silber \u00fcber die Haut ausgel\u00f6st werden. Viele Nutzer haben auch eine positive Schwingungsqualit\u00e4t der&#8230;<\/p>\n","protected":false},"featured_media":196,"comment_status":"open","ping_status":"closed","template":"","meta":{"_acf_changed":false},"product_brand":[],"product_cat":[26],"product_tag":[],"class_list":{"0":"post-4323","1":"product","2":"type-product","3":"status-publish","4":"has-post-thumbnail","6":"product_cat-orgone-zappers","7":"sales-flash-overlay","8":"woocommerce-text-align-center","9":"woocommerce-image-align-center","10":"do-quantity-buttons","12":"first","13":"instock","14":"taxable","15":"shipping-taxable","16":"purchasable","17":"product-type-simple"},"acf":[],"_links":{"self":[{"href":"https:\/\/servcrmpro.online\/de\/wp-json\/wp\/v2\/product\/4323","targetHints":{"allow":["GET"]}}],"collection":[{"href":"https:\/\/servcrmpro.online\/de\/wp-json\/wp\/v2\/product"}],"about":[{"href":"https:\/\/servcrmpro.online\/de\/wp-json\/wp\/v2\/types\/product"}],"replies":[{"embeddable":true,"href":"https:\/\/servcrmpro.online\/de\/wp-json\/wp\/v2\/comments?post=4323"}],"wp:featuredmedia":[{"embeddable":true,"href":"https:\/\/servcrmpro.online\/de\/wp-json\/wp\/v2\/media\/196"}],"wp:attachment":[{"href":"https:\/\/servcrmpro.online\/de\/wp-json\/wp\/v2\/media?parent=4323"}],"wp:term":[{"taxonomy":"product_brand","embeddable":true,"href":"https:\/\/servcrmpro.online\/de\/wp-json\/wp\/v2\/product_brand?post=4323"},{"taxonomy":"product_cat","embeddable":true,"href":"https:\/\/servcrmpro.online\/de\/wp-json\/wp\/v2\/product_cat?post=4323"},{"taxonomy":"product_tag","embeddable":true,"href":"https:\/\/servcrmpro.online\/de\/wp-json\/wp\/v2\/product_tag?post=4323"}],"curies":[{"name":"wp","href":"https:\/\/api.w.org\/{rel}","templated":true}]}}