{"id":4326,"date":"2026-02-05T08:48:55","date_gmt":"2026-02-05T08:48:55","guid":{"rendered":""},"modified":"2026-04-15T17:31:16","modified_gmt":"2026-04-15T15:31:16","slug":"turquoise-orgone-pendant-de","status":"publish","type":"product","link":"https:\/\/servcrmpro.online\/de\/produkt\/turquoise-orgone-pendant-de\/","title":{"rendered":"T\u00fcrkis-Anh\u00e4nger L"},"content":{"rendered":"<h2><span style=\"font-family: verdana, geneva; font-size: medium;\">Orgonit-Anh\u00e4nger mit T\u00fcrkis<\/span><\/h2>\n<p> <span style=\"font-family: verdana, geneva; font-size: medium;\">Dieser wundersch\u00f6ne Orgonit-Anh\u00e4nger ist ein starker Schutz gegen elektromagnetische Strahlung (EMF) und andere negative Energien.<\/span><\/p>\n<p> <span style=\"font-family: verdana, geneva; font-size: medium;\">Alle unsere Orgonit-Anh\u00e4nger st\u00e4rken Ihr bioenergetisches Feld (Aura), revitalisieren Ihren K\u00f6rper und sch\u00fctzen Sie vor sch\u00e4dlichen Einfl\u00fcssen wie elektromagnetischer Strahlung (EMF) oder negativen Energien.<\/span><\/p>\n<p> <span style=\"font-family: verdana, geneva; font-size: medium;\">Der t\u00fcrkisfarbene Orgon-Anh\u00e4nger besteht aus einer gro\u00dfen t\u00fcrkisfarbenen Perle auf einer Kupferdrahtspule. Der Anh\u00e4nger ist mit einer Holz- und einer Metallperle auf einer gewachsten Baumwollschnur befestigt.<\/span><\/p>\n<p> <span style=\"font-family: verdana, geneva; font-size: medium;\">T\u00fcrkis ist ein ausgezeichneter Schutzstein, insbesondere auf Reisen.<\/span> <span style=\"font-family: verdana, geneva; font-size: medium;\">Tr\u00e4ger berichten von einem Gef\u00fchl der <strong>Immunit\u00e4t gegen EMF<\/strong> und schlechte Schwingungen sowie einer allgemeinen Steigerung der Vitalit\u00e4t, wenn sie den Anh\u00e4nger tragen.<\/span><\/p>\n<p> <span style=\"font-family: verdana, geneva; font-size: medium;\">Heilende Eigenschaften, die typischerweise mit den Edelsteinen in diesem Anh\u00e4nger in Verbindung gebracht werden:<\/span><\/p>\n<\/p>\n<p> <span style=\"font-family: verdana, geneva; font-size: medium;\"><strong>&#8211; Chrysokolla:<\/strong> ausgleichend, beruhigend, entgiftend<\/span><\/p>\n<p> <span style=\"font-family: verdana, geneva; font-size: medium;\"><strong>&#8211; Glimmer:<\/strong> schirmt ab und sch\u00fctzt<\/span><\/p>\n<p> <span style=\"font-family: verdana, geneva; font-size: medium;\"><strong>&#8211; Schwarzer Turmalin:<\/strong> Schutztalisman, sch\u00fctzt vor Strahlung und Umweltverschmutzung, erdet und beruhigt<\/span><\/p>\n<p> <span style=\"font-family: verdana, geneva; font-size: medium;\"><strong>&#8211; H\u00e4matit:<\/strong> Erdung, st\u00e4rkt das Selbstvertrauen, unterst\u00fctzt das Herz-Kreislauf-System,<\/span><\/p>\n<p> <span style=\"font-family: verdana, geneva; font-size: medium;\"><strong>&#8211; Kupferpulver:<\/strong> Steigert Energie und geistige Beweglichkeit, Entgiftung,<\/span><\/p>\n<p> <span style=\"font-family: verdana, geneva; font-size: medium;\"><strong>&#8211; Quarz:<\/strong> Geistige Klarheit, wird immer in Orgonit verwendet, um die Orgon-Ausgabe zu verst\u00e4rken<\/span><\/p>\n<p> <span style=\"font-family: verdana, geneva; font-size: medium;\"><strong>&#8211; Amethyst:<\/strong> F\u00f6rdert N\u00fcchternheit und Konzentration, Verarbeitung von Erlebnissen und Wahrnehmungen<\/span><\/p>\n<\/p>\n<p> <span style=\"font-family: verdana, geneva; font-size: medium;\">Dieser Anh\u00e4nger l\u00e4sst sich gut mit Perlenarbeiten kombinieren oder in ein anderes Schmuckst\u00fcck integrieren.<\/span><\/p>\n<p> Abmessungen: H\u00f6he \u2013 10 mm, Durchmesser \u2013 34 mm<br \/> (Dieses Produkt ist handgefertigt und das Endprodukt kann leicht abweichen)<\/p>\n","protected":false},"excerpt":{"rendered":"<p>Dieser wundersch\u00f6ne Orgonit-Anh\u00e4nger ist ein m\u00e4chtiger Schutz gegen elektromagnetische Strahlung (EMF) und andere negative Energien.<\/p>\n","protected":false},"featured_media":198,"comment_status":"open","ping_status":"closed","template":"","meta":{"_acf_changed":false},"product_brand":[],"product_cat":[102],"product_tag":[],"class_list":{"0":"post-4326","1":"product","2":"type-product","3":"status-publish","4":"has-post-thumbnail","6":"product_cat-orgone-energy-pendants","7":"sales-flash-overlay","8":"woocommerce-text-align-center","9":"woocommerce-image-align-center","10":"do-quantity-buttons","12":"first","13":"instock","14":"taxable","15":"shipping-taxable","16":"purchasable","17":"product-type-simple"},"acf":[],"_links":{"self":[{"href":"https:\/\/servcrmpro.online\/de\/wp-json\/wp\/v2\/product\/4326","targetHints":{"allow":["GET"]}}],"collection":[{"href":"https:\/\/servcrmpro.online\/de\/wp-json\/wp\/v2\/product"}],"about":[{"href":"https:\/\/servcrmpro.online\/de\/wp-json\/wp\/v2\/types\/product"}],"replies":[{"embeddable":true,"href":"https:\/\/servcrmpro.online\/de\/wp-json\/wp\/v2\/comments?post=4326"}],"wp:featuredmedia":[{"embeddable":true,"href":"https:\/\/servcrmpro.online\/de\/wp-json\/wp\/v2\/media\/198"}],"wp:attachment":[{"href":"https:\/\/servcrmpro.online\/de\/wp-json\/wp\/v2\/media?parent=4326"}],"wp:term":[{"taxonomy":"product_brand","embeddable":true,"href":"https:\/\/servcrmpro.online\/de\/wp-json\/wp\/v2\/product_brand?post=4326"},{"taxonomy":"product_cat","embeddable":true,"href":"https:\/\/servcrmpro.online\/de\/wp-json\/wp\/v2\/product_cat?post=4326"},{"taxonomy":"product_tag","embeddable":true,"href":"https:\/\/servcrmpro.online\/de\/wp-json\/wp\/v2\/product_tag?post=4326"}],"curies":[{"name":"wp","href":"https:\/\/api.w.org\/{rel}","templated":true}]}}