{"id":4332,"date":"2026-02-05T08:49:16","date_gmt":"2026-02-05T08:49:16","guid":{"rendered":""},"modified":"2026-04-06T07:47:52","modified_gmt":"2026-04-06T05:47:52","slug":"muti-tb-de","status":"publish","type":"product","link":"https:\/\/servcrmpro.online\/de\/produkt\/muti-tb-de\/","title":{"rendered":"Muti-TB"},"content":{"rendered":"<p><span style=\"font-family: verdana, geneva; font-size: medium;\"><strong>EIN ST\u00dcCK AFRIKA F\u00dcR IHR ZUHAUSE&nbsp;<\/strong><\/span><\/p>\n<p><span style=\"font-family: verdana, geneva; font-size: medium;\">Orgonit-Towerbuster mit traditioneller Kr\u00e4utermedizin (Muti) zum Schutz vor EMF und anderen negativen Energien.<\/span><\/p>\n<p> <span style=\"font-family: verdana, geneva; font-size: medium;\">Der African Muti Towerbuster hat folgende Zutaten:<\/span><\/p>\n<p><span style=\"font-family: verdana, geneva; font-size: medium;\"><strong>&#8211; Das vergoldete Muti-Kreuz:<\/strong> enth\u00e4lt den Kr\u00e4uter-Muti-Mix von <strong>NaDlonge<\/strong> .<\/span><\/p>\n<p><span style=\"font-family: verdana, geneva; font-size: medium;\"><strong>&#8211; Kauri-Muscheln:<\/strong> wurden in gro\u00dfen Teilen Afrikas als Zahlungsmittel verwendet. Sie waren ein Symbol und F\u00f6rderer von Reichtum und \u00dcberfluss.<\/span><\/p>\n<p><span style=\"font-family: verdana, geneva; font-size: medium;\"><strong>&#8211; Neodym-Magnet:<\/strong> Magnete haben eine gut dokumentierte eigene Heilkraft. In Verbindung mit Orgonit verbessern sie auch das Eindringen der Orgonenergie in den K\u00f6rper.<\/span><\/p>\n<p><span style=\"font-family: verdana, geneva; font-size: medium;\"><strong>&#8211; Amethyst:<\/strong> Konzentration und Klarheit des Geistes, innerer Frieden<\/span><\/p>\n<p><span style=\"font-family: verdana, geneva; font-size: medium;\"><strong>&#8211; Doppelendiger Quarzkristall 20-30mm:<\/strong> Antenne, verst\u00e4rkt den Orgoniteffekt.<\/span><\/p>\n<p><span style=\"font-family: verdana, geneva; font-size: medium;\">&#8211; <strong>Malawische Saphire<\/strong><\/span><\/p>\n<p><span style=\"font-family: verdana, geneva; font-size: medium;\"><strong>&#8211; Orgonit:<\/strong> Der Hauptbestandteil aller unserer Orgon-Heilmittel. Orgonit ist eine Mischung aus Metallsp\u00e4nen und Harz, die stagnierende negative Energiefelder in lebensf\u00f6rderndes positives Orgon (POR) umwandelt.<\/span><\/p>\n<p>&nbsp;<\/p>\n<p><span style=\"font-family: verdana, geneva; font-size: medium;\">Die Kraft des Muti wird durch die Orgonitmischung verst\u00e4rkt.<\/span><\/p>\n<p> <span style=\"font-family: verdana, geneva; font-size: medium;\">Das Kr\u00e4uter-Muti soll das allgemeine Wohlbefinden des Tr\u00e4gers f\u00f6rdern und ihn vor psychischen und anderen Angriffen sch\u00fctzen, indem es alle b\u00f6sen Absichten, die sich gegen den Tr\u00e4ger oder Besitzer des Muti richten, mit vervielfachter Kraft zur Quelle zur\u00fcckschickt.<\/span><\/p>\n<p> <span style=\"font-family: verdana, geneva; font-size: medium;\">Das Muti ist in ein kleineres, mit Blattgold \u00fcberzogenes Kreuz aus feinem Orgonit eingebettet, um ein \u201eAusbluten\u201c \u00e4therischer \u00d6le und anderer Substanzen zu verhindern, die in der Kr\u00e4uterzusammensetzung des Muti enthalten sind.<\/span><\/p>\n<p>&nbsp;<\/p>\n<p>Abmessungen: H\u00f6he \u2013 25 mm, Durchmesser \u2013 65 mm <br \/>(Dieses Produkt ist handgefertigt und das Endprodukt kann leicht abweichen)<\/p>\n","protected":false},"excerpt":{"rendered":"<p>EIN ST\u00dcCK AFRIKA F\u00dcR IHR HAUS \u2013 Orgonite Towerbuster mit traditioneller Kr\u00e4utermedizin (Muti), um dich vor EMF und anderen negativen Energien zu sch\u00fctzen.<\/p>\n","protected":false},"featured_media":201,"comment_status":"open","ping_status":"closed","template":"","meta":{"_acf_changed":false},"product_brand":[],"product_cat":[70],"product_tag":[],"class_list":{"0":"post-4332","1":"product","2":"type-product","3":"status-publish","4":"has-post-thumbnail","6":"product_cat-tactical-orgonite","7":"sales-flash-overlay","8":"woocommerce-text-align-center","9":"woocommerce-image-align-center","10":"do-quantity-buttons","12":"first","13":"instock","14":"taxable","15":"shipping-taxable","16":"purchasable","17":"product-type-simple"},"acf":[],"_links":{"self":[{"href":"https:\/\/servcrmpro.online\/de\/wp-json\/wp\/v2\/product\/4332","targetHints":{"allow":["GET"]}}],"collection":[{"href":"https:\/\/servcrmpro.online\/de\/wp-json\/wp\/v2\/product"}],"about":[{"href":"https:\/\/servcrmpro.online\/de\/wp-json\/wp\/v2\/types\/product"}],"replies":[{"embeddable":true,"href":"https:\/\/servcrmpro.online\/de\/wp-json\/wp\/v2\/comments?post=4332"}],"wp:featuredmedia":[{"embeddable":true,"href":"https:\/\/servcrmpro.online\/de\/wp-json\/wp\/v2\/media\/201"}],"wp:attachment":[{"href":"https:\/\/servcrmpro.online\/de\/wp-json\/wp\/v2\/media?parent=4332"}],"wp:term":[{"taxonomy":"product_brand","embeddable":true,"href":"https:\/\/servcrmpro.online\/de\/wp-json\/wp\/v2\/product_brand?post=4332"},{"taxonomy":"product_cat","embeddable":true,"href":"https:\/\/servcrmpro.online\/de\/wp-json\/wp\/v2\/product_cat?post=4332"},{"taxonomy":"product_tag","embeddable":true,"href":"https:\/\/servcrmpro.online\/de\/wp-json\/wp\/v2\/product_tag?post=4332"}],"curies":[{"name":"wp","href":"https:\/\/api.w.org\/{rel}","templated":true}]}}