{"id":4338,"date":"2026-02-05T08:49:44","date_gmt":"2026-02-05T08:49:44","guid":{"rendered":""},"modified":"2026-04-17T08:21:29","modified_gmt":"2026-04-17T06:21:29","slug":"tree-of-life-orgone-pendant-de","status":"publish","type":"product","link":"https:\/\/servcrmpro.online\/de\/produkt\/tree-of-life-orgone-pendant-de\/","title":{"rendered":"Anh\u00e4nger Lebensbaum"},"content":{"rendered":"<p> <span style=\"font-family: verdana, geneva; font-size: medium;\"><strong>Dieser wundersch\u00f6ne Orgonit-Anh\u00e4nger ist ein starker Schutz gegen elektromagnetische Strahlung (EMF) und andere negative Energien.<\/strong><\/span><\/p>\n<p> <span style=\"font-family: verdana, geneva; font-size: medium;\">Alle unsere Orgonit-Anh\u00e4nger st\u00e4rken Ihr bioenergetisches Feld (Aura), revitalisieren Ihren K\u00f6rper und sch\u00fctzen Sie vor sch\u00e4dlichen Einfl\u00fcssen wie elektromagnetischer Strahlung (EMF) oder negativen Energien.<\/span><\/p>\n<p> <span style=\"font-family: verdana, geneva; font-size: medium;\">Der Orgonit-Anh\u00e4nger \u201eBaum des Lebens\u201c verf\u00fcgt \u00fcber eine h\u00fcbsche Metalleinlage in Form eines Lebensbaums und ist mit einer Holz- und einer Metallperle auf einer gewachsten Baumwollschnur befestigt.<\/span><\/p>\n<p><span style=\"font-size: medium; font-family: verdana, geneva;\">Die n\u00e4hrenden Eigenschaften des Moringa-Pulvers werden durch den Zuckerdoloma verst\u00e4rkt, das den K\u00f6rper alkalisch macht, \u00fcbersch\u00fcssige S\u00e4ure neutralisiert, Narbengewebe aufweicht, die Vitalit\u00e4t durch erh\u00f6hte Sauerstoffverteilung verbessert und Gef\u00e4\u00dfablagerungen (arteriosklerotische Plaques) entfernt. Chrysokolla f\u00fcgt entz\u00fcndungshemmende und entgiftende Eigenschaften hinzu, abgerundet durch schwarzen Turmalin zum Schutz vor EMF-Strahlung und zur Aktivierung des Energieflusses im K\u00f6rper.<\/span><\/p>\n<\/p>\n<p> <span style=\"font-family: verdana, geneva; font-size: medium;\"><strong>Was ist Moringa?<\/strong><\/span><\/p>\n<p><span style=\"font-size: medium; font-family: verdana, geneva;\">Moringa Oleifera gilt als die n\u00e4hrstoffreichste Pflanze der Welt. Sie w\u00e4chst in tropischen Regionen wie Bali, ist aber auch im s\u00fcdlichen Afrika heimisch und wird seit vielen, vielen Jahren als Heilpflanze verwendet. Moringa-Bl\u00e4tter sind reich an Vitaminen, Mineralien, essentiellen Aminos\u00e4uren, Antioxidantien und vielem mehr. Moringa hat antidiabetische, entz\u00fcndungshemmende, cholesterinsenkende und herzsch\u00fctzende Eigenschaften. Moringa-Samen eignen sich sogar besser zur Wasserreinigung als viele der heute verwendeten herk\u00f6mmlichen synthetischen Materialien.<\/span><\/p>\n<p> <span style=\"font-size: medium; font-family: verdana, geneva;\">Wir verwenden dieses Superfood in unseren Lebensbaum-Orgonanh\u00e4ngern, da seine hohe Frequenz durch die Wirkung des Basis-Orgonits verst\u00e4rkt und getragen wird. \u00c4hnlich wie verschiedene Heilkristalle in Verbindung mit Orgonit unglaublich gut wirken, haben Superfoods eine positive Schwingungswirkung auf den K\u00f6rper und sein Energiefeld.<\/span><\/p>\n<\/p>\n<p><span style=\"font-family: verdana, geneva; font-size: medium;\"><strong>Heilende Eigenschaften, die typischerweise mit den Edelsteinen in diesem Anh\u00e4nger in Verbindung gebracht werden:<\/strong><\/span><\/p>\n<\/p>\n<p> <span style=\"font-family: verdana, geneva; font-size: medium;\"><strong>&#8211; Moringa Oleifera Pulver:<\/strong> Versorgt den K\u00f6rper mit N\u00e4hrstoffen, hilft bei der N\u00e4hrstoffaufnahme, wirkt stark<\/span> <span style=\"font-family: verdana, geneva; font-size: medium;\">entgiftend<\/span><\/p>\n<p> <span style=\"font-family: verdana, geneva; font-size: medium;\"><strong>&#8211; Zuckerdolomit:<\/strong> Macht den K\u00f6rper basischer, macht Narbengewebe weich, steigert die Vitalit\u00e4t durch erh\u00f6hte Sauerstoffzufuhr, entfernt Gef\u00e4\u00dfablagerungen (Plaque)<\/span><\/p>\n<p> <span style=\"font-family: verdana, geneva; font-size: medium;\"><strong>&#8211; Chrysokolla:<\/strong> ausgleichend, beruhigend, entgiftend<\/span><\/p>\n<p><span style=\"font-family: verdana, geneva; font-size: medium;\"><strong>&#8211; Schwarzer Turmalin:<\/strong> Schutztalisman, sch\u00fctzt vor Strahlung und Umweltverschmutzung, erdet und beruhigt<\/span><\/p>\n<p> <span style=\"font-family: verdana, geneva; font-size: medium;\"><strong>&#8211; Quarz:<\/strong> Geistige Klarheit, wird immer in Orgonit verwendet, um die Orgon-Ausgabe zu verst\u00e4rken<\/span><\/p>\n<\/p>\n<p> <span style=\"font-family: verdana, geneva; font-size: medium;\">Dieser Anh\u00e4nger l\u00e4sst sich gut mit Perlenarbeiten kombinieren oder in ein anderes Schmuckst\u00fcck integrieren.<\/span><\/p>\n<\/p>\n<p> <span style=\"font-family: verdana, geneva; font-size: medium;\">Abmessungen: Dicke &#8211; 10mm, Durchmesser &#8211; 28mm, leicht linsenf\u00f6rmig<br \/> (Dieses Produkt ist handgefertigt und das Endprodukt kann leicht abweichen)<\/span><\/p>\n<p> <span style=\"font-family: verdana, geneva; font-size: medium;\"><em>Bitte beachten Sie, dass die metallische Baumeinlage mit der Zeit oxidieren und ihre Farbe \u00e4ndern kann.<\/em><\/span><\/p>\n","protected":false},"excerpt":{"rendered":"<p>Dieser wundersch\u00f6ne Orgonit-Anh\u00e4nger ist ein m\u00e4chtiger Schutz gegen elektromagnetische Strahlung (EMF) und andere negative Energien.<\/p>\n","protected":false},"featured_media":2342,"comment_status":"open","ping_status":"closed","template":"","meta":{"_acf_changed":false},"product_brand":[],"product_cat":[102],"product_tag":[],"class_list":{"0":"post-4338","1":"product","2":"type-product","3":"status-publish","4":"has-post-thumbnail","6":"product_cat-orgone-energy-pendants","7":"sales-flash-overlay","8":"woocommerce-text-align-center","9":"woocommerce-image-align-center","10":"do-quantity-buttons","12":"first","13":"instock","14":"taxable","15":"shipping-taxable","16":"purchasable","17":"product-type-simple"},"acf":[],"_links":{"self":[{"href":"https:\/\/servcrmpro.online\/de\/wp-json\/wp\/v2\/product\/4338","targetHints":{"allow":["GET"]}}],"collection":[{"href":"https:\/\/servcrmpro.online\/de\/wp-json\/wp\/v2\/product"}],"about":[{"href":"https:\/\/servcrmpro.online\/de\/wp-json\/wp\/v2\/types\/product"}],"replies":[{"embeddable":true,"href":"https:\/\/servcrmpro.online\/de\/wp-json\/wp\/v2\/comments?post=4338"}],"wp:featuredmedia":[{"embeddable":true,"href":"https:\/\/servcrmpro.online\/de\/wp-json\/wp\/v2\/media\/2342"}],"wp:attachment":[{"href":"https:\/\/servcrmpro.online\/de\/wp-json\/wp\/v2\/media?parent=4338"}],"wp:term":[{"taxonomy":"product_brand","embeddable":true,"href":"https:\/\/servcrmpro.online\/de\/wp-json\/wp\/v2\/product_brand?post=4338"},{"taxonomy":"product_cat","embeddable":true,"href":"https:\/\/servcrmpro.online\/de\/wp-json\/wp\/v2\/product_cat?post=4338"},{"taxonomy":"product_tag","embeddable":true,"href":"https:\/\/servcrmpro.online\/de\/wp-json\/wp\/v2\/product_tag?post=4338"}],"curies":[{"name":"wp","href":"https:\/\/api.w.org\/{rel}","templated":true}]}}