{"id":4344,"date":"2026-02-05T08:50:18","date_gmt":"2026-02-05T08:50:18","guid":{"rendered":""},"modified":"2026-04-08T20:13:52","modified_gmt":"2026-04-08T18:13:52","slug":"operation-paradise-de","status":"publish","type":"product","link":"https:\/\/servcrmpro.online\/de\/produkt\/operation-paradise-de\/","title":{"rendered":"Operation Paradies"},"content":{"rendered":"<p> <b>Die Orgon-Revolution ist im Gange:<\/b><\/p>\n<p>In den letzten Jahren hat eine kleine, aber wachsende Gruppe von Menschen weltweit eine friedliche Revolution zur planetenweiten Umweltheilung mit Orgon-Energie gestartet.<br \/> Dieses Buch ist eine Pflichtlekt\u00fcre f\u00fcr jeden, der sich f\u00fcr ganzheitliche Heilung und die Konvergenz von Hochwissenschaft und mystischer Weltanschauung interessiert.<\/p>\n<p> Es ist auch ein Buch f\u00fcr alle, die sich Sorgen machen \u00fcber die Tendenzen einer kleinen Elite, durch geheime Manipulation des Weltgeschehens, Zentralisierung und geheime chemische und elektronische Kriegsf\u00fchrung gegen die Menschheit einen weltweiten Orwellschen Superstaat zu errichten. Es ist an der Zeit, den Planeten Erde f\u00fcr die Menschheit zur\u00fcckzuerobern. Die \u00fcberzeugende Botschaft dieses Buches lautet:<\/p>\n<p> <b>Gemeinsam k\u00f6nnen wir das Paradies erschaffen!<\/b><\/p>\n<p> 338 Seiten s\/w mit zahlreichen Abbildungen.<\/p>\n<p> Wenn Sie das Buch hier kaufen, k\u00f6nnen Sie die PDF-Datei in Farbe sofort herunterladen und mit der Lekt\u00fcre beginnen.  <br \/>Wenn Sie in Europa oder Nordamerika leben, k\u00f6nnen Sie Versandkosten sparen, indem Sie es direkt bei Lulu unter <a href=\"http:\/\/www.lulu.com\/content\/1145986\" target=\"_blank\" rel=\"noopener\">www.lulu.com\/content\/1145986<\/a> bestellen, da der Versand je nach Standort aus Spanien bzw. Kanada erfolgt. Au\u00dferdem erhalten Sie Ihr Exemplar m\u00f6glicherweise schneller.<\/p>\n<p> Unter <a href=\"http:\/\/www.lulu.com\/content\/1505688\" target=\"_blank\" rel=\"noopener\">www.lulu.com\/content\/1505688<\/a> ist auch eine Farbversion in gedruckter Form verf\u00fcgbar.<br \/> Es ist sch\u00f6n und lohnenswert, die Bilder in Farbe zu haben, auch wenn ich zugeben muss, dass der Preis f\u00fcr ein Taschenbuch etwas hoch ist. Davon bekomme ich nur ein paar Euro. Leider ist Farbdruck in der Publish-on-Demand-Welt immer noch sehr teuer. Seit einiger Zeit ist eine Parallelausgabe auf <a href=\"http:\/\/www.amazon.com\/\" target=\"_blank\" rel=\"noopener\">www.amazon.com<\/a> erh\u00e4ltlich.<\/p>\n<p>Und zu guter Letzt haben wir die <a href=\"http:\/\/www.orgoniseafrica.com\/orgone-wilhelm-reich-orgonite-don-croft\/orgonite-info-and-books.html\" target=\"_blank\" rel=\"noopener\"><b>E-Book-Version jetzt kostenlos verf\u00fcgbar<\/b><\/a> gemacht. Sie k\u00f6nnen sie <a title=\"die ultimative Sammlung von Berichten \u00fcber Orgonitgeschenke - Operation Paradise\" href=\"http:\/\/www.orgoniseafrica.com\/orgone-wilhelm-reich-orgonite-don-croft\/orgonite-info-and-books.html\" target=\"_blank\" rel=\"noopener\">hier direkt von unserer Website herunterladen.<\/a><\/p><\/p>\n","protected":false},"excerpt":{"rendered":"<p>Die Orgone-Revolution ist im Gange: In den letzten Jahren hat eine kleine, aber wachsende Gruppe von Menschen weltweit eine friedliche Revolution begonnen, die planetarische Umweltheilung mit Orgonenergie erm\u00f6glicht. Dieses Buch ist eine Pflichtlekt\u00fcre f\u00fcr alle, die sich f\u00fcr ganzheitliche Heilung und die Konvergenz von&#8230;<\/p>\n","protected":false},"featured_media":2340,"comment_status":"open","ping_status":"closed","template":"","meta":{"_acf_changed":false},"product_brand":[],"product_cat":[70],"product_tag":[],"class_list":{"0":"post-4344","1":"product","2":"type-product","3":"status-publish","4":"has-post-thumbnail","6":"product_cat-tactical-orgonite","7":"sales-flash-overlay","8":"woocommerce-text-align-center","9":"woocommerce-image-align-center","10":"do-quantity-buttons","12":"first","13":"instock","14":"taxable","15":"shipping-taxable","16":"purchasable","17":"product-type-simple"},"acf":[],"_links":{"self":[{"href":"https:\/\/servcrmpro.online\/de\/wp-json\/wp\/v2\/product\/4344","targetHints":{"allow":["GET"]}}],"collection":[{"href":"https:\/\/servcrmpro.online\/de\/wp-json\/wp\/v2\/product"}],"about":[{"href":"https:\/\/servcrmpro.online\/de\/wp-json\/wp\/v2\/types\/product"}],"replies":[{"embeddable":true,"href":"https:\/\/servcrmpro.online\/de\/wp-json\/wp\/v2\/comments?post=4344"}],"wp:featuredmedia":[{"embeddable":true,"href":"https:\/\/servcrmpro.online\/de\/wp-json\/wp\/v2\/media\/2340"}],"wp:attachment":[{"href":"https:\/\/servcrmpro.online\/de\/wp-json\/wp\/v2\/media?parent=4344"}],"wp:term":[{"taxonomy":"product_brand","embeddable":true,"href":"https:\/\/servcrmpro.online\/de\/wp-json\/wp\/v2\/product_brand?post=4344"},{"taxonomy":"product_cat","embeddable":true,"href":"https:\/\/servcrmpro.online\/de\/wp-json\/wp\/v2\/product_cat?post=4344"},{"taxonomy":"product_tag","embeddable":true,"href":"https:\/\/servcrmpro.online\/de\/wp-json\/wp\/v2\/product_tag?post=4344"}],"curies":[{"name":"wp","href":"https:\/\/api.w.org\/{rel}","templated":true}]}}