{"id":4353,"date":"2026-02-05T08:50:39","date_gmt":"2026-02-05T08:50:39","guid":{"rendered":""},"modified":"2026-04-18T14:52:34","modified_gmt":"2026-04-18T12:52:34","slug":"small-turquoise-pendant-de","status":"publish","type":"product","link":"https:\/\/servcrmpro.online\/de\/produkt\/small-turquoise-pendant-de\/","title":{"rendered":"T\u00fcrkis Anh\u00e4nger S"},"content":{"rendered":"<ul>\n<li> Kleiner t\u00fcrkisfarbener Orgonit-Anh\u00e4nger<\/li>\n<\/ul>\n<p> Dieser sch\u00f6ne kleine Orgonit-Anh\u00e4nger ist der ideale Reisebesch\u00fctzer<\/p>\n<p> Alle unsere Orgonit-Anh\u00e4nger st\u00e4rken Ihr bioenergetisches Feld (Aura), revitalisieren Ihren K\u00f6rper und sch\u00fctzen Sie vor sch\u00e4dlichen Einfl\u00fcssen wie elektromagnetischer Strahlung (EMF) oder negativen Energien.<\/p>\n<p> Dieser Anh\u00e4nger enth\u00e4lt neben dem dekorativen Delphinmotiv, der kupfernen SBB-Spule und dem Orgonit mehrere Kristalle und Edelsteine. Er ist mit dekorativen Perlen auf gewachster Baumwolle aufgef\u00e4delt.<\/p>\n<h3> Anwendungen:<\/h3>\n<ul>\n<li> Allgemeine Stimulation des Herzchakras zur Steigerung der Energie<\/li>\n<li> Schutz vor EMF<\/li>\n<li> Schutz vor psychischen Angriffen (\u201eEnergievampiren\u201c)<\/li>\n<li> T\u00fcrkis gilt traditionell als Stein, der uns auf Reisen vor Ungl\u00fccksf\u00e4llen sch\u00fctzt.<\/li>\n<li> T\u00fcrkis f\u00f6rdert St\u00e4rkung, Klarheit und klare Kommunikation.<\/li>\n<\/ul>\n<h3>Heilende Eigenschaften, die typischerweise mit den anderen Edelsteinen in diesem Anh\u00e4nger in Verbindung gebracht werden:<\/h3>\n<ul>\n<li>\n<p> <strong>Quarz:<\/strong> Geistige Klarheit, wird immer in Orgonit verwendet, um die Orgonleistung zu verst\u00e4rken<\/li>\n<li>\n<p> <strong>Schungit:<\/strong> EMF-Schutz, psychischer Schutz, Erdung, Reinigung und Kl\u00e4rung, Beruhigung und Entspannung<\/li>\n<li>\n<p> <strong>Schwarzer Turmalin:<\/strong> Schutztalisman, sch\u00fctzt vor Strahlung und Umweltverschmutzung, erdet und beruhigt<\/li>\n<li>\n<p> <strong>Labradorit:<\/strong> Stein der Kraft und Magie, beseitigt Unsicherheiten und richtet den physischen K\u00f6rper auf das h\u00f6here Selbst aus.<\/li>\n<li>\n<p> <strong>Chrysokoll:<\/strong> ausgleichend, beruhigend, entgiftend<\/li>\n<li>\n<p> <strong>Glimmer:<\/strong> schirmt ab und sch\u00fctzt, Klarheit und Flexibilit\u00e4t<\/li>\n<\/ul>\n<p> Dieser Anh\u00e4nger l\u00e4sst sich gut mit Perlenarbeiten kombinieren oder in ein anderes Schmuckst\u00fcck integrieren.<\/p>\n<p> Abmessungen: H\u00f6he \u2013 10 mm, Durchmesser \u2013 28 mm<br \/> (Dieses Produkt ist handgefertigt und das Endprodukt kann leicht abweichen)<\/p>\n","protected":false},"excerpt":{"rendered":"<p>Dieser wundersch\u00f6ne kleine Orgonit-Anh\u00e4nger ist der ideale Reiseschutz<\/p>\n","protected":false},"featured_media":210,"comment_status":"open","ping_status":"closed","template":"","meta":{"_acf_changed":false},"product_brand":[],"product_cat":[102],"product_tag":[],"class_list":{"0":"post-4353","1":"product","2":"type-product","3":"status-publish","4":"has-post-thumbnail","6":"product_cat-orgone-energy-pendants","7":"sales-flash-overlay","8":"woocommerce-text-align-center","9":"woocommerce-image-align-center","10":"do-quantity-buttons","12":"first","13":"instock","14":"taxable","15":"shipping-taxable","16":"purchasable","17":"product-type-simple"},"acf":[],"_links":{"self":[{"href":"https:\/\/servcrmpro.online\/de\/wp-json\/wp\/v2\/product\/4353","targetHints":{"allow":["GET"]}}],"collection":[{"href":"https:\/\/servcrmpro.online\/de\/wp-json\/wp\/v2\/product"}],"about":[{"href":"https:\/\/servcrmpro.online\/de\/wp-json\/wp\/v2\/types\/product"}],"replies":[{"embeddable":true,"href":"https:\/\/servcrmpro.online\/de\/wp-json\/wp\/v2\/comments?post=4353"}],"wp:featuredmedia":[{"embeddable":true,"href":"https:\/\/servcrmpro.online\/de\/wp-json\/wp\/v2\/media\/210"}],"wp:attachment":[{"href":"https:\/\/servcrmpro.online\/de\/wp-json\/wp\/v2\/media?parent=4353"}],"wp:term":[{"taxonomy":"product_brand","embeddable":true,"href":"https:\/\/servcrmpro.online\/de\/wp-json\/wp\/v2\/product_brand?post=4353"},{"taxonomy":"product_cat","embeddable":true,"href":"https:\/\/servcrmpro.online\/de\/wp-json\/wp\/v2\/product_cat?post=4353"},{"taxonomy":"product_tag","embeddable":true,"href":"https:\/\/servcrmpro.online\/de\/wp-json\/wp\/v2\/product_tag?post=4353"}],"curies":[{"name":"wp","href":"https:\/\/api.w.org\/{rel}","templated":true}]}}