{"id":4359,"date":"2026-02-05T08:50:57","date_gmt":"2026-02-05T08:50:57","guid":{"rendered":""},"modified":"2026-04-13T10:56:07","modified_gmt":"2026-04-13T08:56:07","slug":"orgonite-pyramid-l-de","status":"publish","type":"product","link":"https:\/\/servcrmpro.online\/de\/produkt\/orgonite-pyramid-l-de\/","title":{"rendered":"Orgonit Pyramide L"},"content":{"rendered":"<p><span style=\"font-family: verdana, geneva; font-size: medium;\"><strong>Gro\u00dfe Orgonitpyramide zur Energieverbesserung Ihres Zuhauses und Ihres pers\u00f6nlichen Bereichs.<\/strong><\/span><\/p>\n<p> <span style=\"font-family: verdana, geneva; font-size: medium;\">Dies ist ein Riesen-Orgon-Energie-Kracher und au\u00dferdem ein gro\u00dfartiges dekoratives Schmuckst\u00fcck f\u00fcr Ihr Zuhause.<\/span><\/p>\n<p><span style=\"font-family: verdana, geneva; font-size: medium;\">Alle unsere Orgonitpyramiden enthalten 5 Quarzkristallspitzen. Diese befinden sich in der Spitze der Pyramide und in ihrer Basis und zeigen in die 4 Himmelsrichtungen. Die nat\u00fcrlichen Spitzen der Kristalle helfen dabei, ein viel st\u00e4rkeres Orgonenergiefeld zu erzeugen, verglichen mit den Quarzsplittern, die wir in unseren Towerbusters oder Anh\u00e4ngern verwenden (die ein diffuseres Energiefeld erzeugen).<\/span><\/p>\n<p><span style=\"font-family: verdana, geneva; font-size: medium;\">Die Pyramiden und HHGs haben daher einen viel st\u00e4rkeren und gezielteren Energiefluss und einen gr\u00f6\u00dferen Wirkungsradius. Hellseher und energieempfindliche Personen beobachten oft einen Energiestrahl, der aus der Spitze der Pyramide oder des HHG austritt \u2013 die meisten Menschen k\u00f6nnen dies sp\u00fcren, indem sie ihre Hand durch die Luft \u00fcber die Pyramide bewegen, und beschreiben es als warmes oder prickelndes Gef\u00fchl oder einen Druck auf der Handfl\u00e4che.<\/span><\/p>\n<p>Abmessungen: L\u00e4nge \u2013 115 mm, Breite \u2013 115 mm, H\u00f6he \u2013 115 mm<br \/> (Dieses Produkt ist handgefertigt und das Endprodukt kann leicht abweichen)<\/p>\n<p><em><span style=\"font-family: verdana, geneva; font-size: medium;\">In verschiedenen wundersch\u00f6nen, durchscheinenden Farbt\u00f6nen gef\u00e4rbt \u2013 alle Produkte sind handgefertigt und k\u00f6nnen leicht vom Bild abweichen.<\/span><\/em><\/p>\n<p> <em><span style=\"font-family: verdana, geneva; font-size: medium;\">Ma\u00dfe: Sockel ca. 115 mm,<\/span> <span style=\"font-family: verdana, geneva; font-size: medium;\">H\u00f6he ca. 85 mm<\/span><\/em><\/p>\n","protected":false},"excerpt":{"rendered":"<p>Gro\u00dfe Orgonit-Pyramide, um Ihr Zuhause und Ihren pers\u00f6nlichen Raum zu beleben.<\/p>\n","protected":false},"featured_media":2336,"comment_status":"open","ping_status":"closed","template":"","meta":{"_acf_changed":false},"product_brand":[],"product_cat":[20],"product_tag":[],"class_list":{"0":"post-4359","1":"product","2":"type-product","3":"status-publish","4":"has-post-thumbnail","6":"product_cat-orgonite-pyramids","7":"sales-flash-overlay","8":"woocommerce-text-align-center","9":"woocommerce-image-align-center","10":"do-quantity-buttons","12":"first","13":"outofstock","14":"taxable","15":"shipping-taxable","16":"purchasable","17":"product-type-simple"},"acf":[],"_links":{"self":[{"href":"https:\/\/servcrmpro.online\/de\/wp-json\/wp\/v2\/product\/4359","targetHints":{"allow":["GET"]}}],"collection":[{"href":"https:\/\/servcrmpro.online\/de\/wp-json\/wp\/v2\/product"}],"about":[{"href":"https:\/\/servcrmpro.online\/de\/wp-json\/wp\/v2\/types\/product"}],"replies":[{"embeddable":true,"href":"https:\/\/servcrmpro.online\/de\/wp-json\/wp\/v2\/comments?post=4359"}],"wp:featuredmedia":[{"embeddable":true,"href":"https:\/\/servcrmpro.online\/de\/wp-json\/wp\/v2\/media\/2336"}],"wp:attachment":[{"href":"https:\/\/servcrmpro.online\/de\/wp-json\/wp\/v2\/media?parent=4359"}],"wp:term":[{"taxonomy":"product_brand","embeddable":true,"href":"https:\/\/servcrmpro.online\/de\/wp-json\/wp\/v2\/product_brand?post=4359"},{"taxonomy":"product_cat","embeddable":true,"href":"https:\/\/servcrmpro.online\/de\/wp-json\/wp\/v2\/product_cat?post=4359"},{"taxonomy":"product_tag","embeddable":true,"href":"https:\/\/servcrmpro.online\/de\/wp-json\/wp\/v2\/product_tag?post=4359"}],"curies":[{"name":"wp","href":"https:\/\/api.w.org\/{rel}","templated":true}]}}