{"id":4365,"date":"2026-02-05T08:51:16","date_gmt":"2026-02-05T08:51:16","guid":{"rendered":""},"modified":"2026-04-12T11:44:33","modified_gmt":"2026-04-12T09:44:33","slug":"orgonite-pyramid-xl-de","status":"publish","type":"product","link":"https:\/\/servcrmpro.online\/de\/produkt\/orgonite-pyramid-xl-de\/","title":{"rendered":"Orgonit Pyramide XL"},"content":{"rendered":"<h2> Extra gro\u00dfe Orgonitpyramide zur massiven Energieversorgung Ihres Zuhauses und Ihres pers\u00f6nlichen Bereichs<\/h2>\n<p><span style=\"font-family: verdana, geneva; font-size: medium;\">Dies ist der wahre Gigant aller Orgonitpyramiden. Er wiegt ungef\u00e4hr 4,5 kg oder 9 Pfund! Er misst 230 mm x 230 mm an der Basis und besteht aus ungef\u00e4hr 1 Gallone oder 4 Litern Harz. Ich bin sicher, dass er allein ein Atomkraftwerk zerst\u00f6ren kann. Die Kristalle am Boden sind jeweils ungef\u00e4hr 100 mm (4 Zoll) lang.<\/span><\/p>\n<p> <em><span style=\"font-family: verdana, geneva; font-size: medium;\">Wir haben diese nicht auf Lager, sondern fertigen sie auf Bestellung. Bitte rechnen Sie mit ein paar zus\u00e4tzlichen Tagen f\u00fcr die Produktion.<\/span><\/em><\/p>\n<p> <span style=\"font-family: verdana, geneva; font-size: medium;\">Unsere Orgonitpyramiden kombinieren die Hauptzusammensetzung des HHG mit den besonderen Eigenschaften der Pyramide. Die besondere Kraft der Pyramide kann am wohltuendsten erfahren werden, wenn die Pyramide auf den magnetischen Nordpol ausgerichtet ist. Unz\u00e4hlige Forscher auf der ganzen Welt haben herausgefunden, dass die Pyramidenform an sich bestimmte bemerkenswerte energetische Eigenschaften hat.<\/span><\/p>\n<p><span style=\"font-family: verdana, geneva; font-size: medium;\">Alle unsere Orgonitpyramiden enthalten 5 Quarzkristallspitzen. Diese befinden sich in der Spitze der Pyramide und in ihrer Basis und zeigen in die 4 Himmelsrichtungen. Die nat\u00fcrlichen Spitzen der Kristalle helfen dabei, ein viel st\u00e4rkeres Orgonenergiefeld zu erzeugen, verglichen mit den Quarzsplittern, die wir in unseren Towerbusters oder Anh\u00e4ngern verwenden (die ein diffuseres Energiefeld erzeugen).<\/span><\/p>\n<p> <span style=\"font-family: verdana, geneva; font-size: medium;\">Die Pyramiden und HHGs haben daher einen viel st\u00e4rkeren und gezielteren Energiefluss und einen gr\u00f6\u00dferen Wirkungsradius. Hellseher und energieempfindliche Personen beobachten oft einen Energiestrahl, der aus der Spitze der Pyramide oder des HHG austritt \u2013 die meisten Menschen k\u00f6nnen dies sp\u00fcren, indem sie ihre Hand durch die Luft \u00fcber die Pyramide bewegen, und beschreiben es als warmes oder prickelndes Gef\u00fchl oder einen Druck auf der Handfl\u00e4che.<\/span><\/p>\n<\/p>\n<p> <span style=\"font-family: verdana, geneva; font-size: medium;\"><em>In verschiedenen sch\u00f6nen, durchscheinenden Farbt\u00f6nen gef\u00e4rbt<\/em><\/span><\/p>\n<p>Abmessungen: L\u00e4nge \u2013 220 mm, Breite \u2013 220 mm, H\u00f6he \u2013 245 mm<br \/> (Dieses Produkt ist handgefertigt und das Endprodukt kann leicht abweichen)<\/p>\n","protected":false},"excerpt":{"rendered":"<p>Extra gro\u00dfe Orgonit-Pyramide, um dein Zuhause und deinen pers\u00f6nlichen Raum massiv zu beleben<\/p>\n","protected":false},"featured_media":215,"comment_status":"open","ping_status":"closed","template":"","meta":{"_acf_changed":false},"product_brand":[],"product_cat":[20],"product_tag":[],"class_list":{"0":"post-4365","1":"product","2":"type-product","3":"status-publish","4":"has-post-thumbnail","6":"product_cat-orgonite-pyramids","7":"sales-flash-overlay","8":"woocommerce-text-align-center","9":"woocommerce-image-align-center","10":"do-quantity-buttons","12":"first","13":"instock","14":"taxable","15":"shipping-taxable","16":"purchasable","17":"product-type-simple"},"acf":[],"_links":{"self":[{"href":"https:\/\/servcrmpro.online\/de\/wp-json\/wp\/v2\/product\/4365","targetHints":{"allow":["GET"]}}],"collection":[{"href":"https:\/\/servcrmpro.online\/de\/wp-json\/wp\/v2\/product"}],"about":[{"href":"https:\/\/servcrmpro.online\/de\/wp-json\/wp\/v2\/types\/product"}],"replies":[{"embeddable":true,"href":"https:\/\/servcrmpro.online\/de\/wp-json\/wp\/v2\/comments?post=4365"}],"wp:featuredmedia":[{"embeddable":true,"href":"https:\/\/servcrmpro.online\/de\/wp-json\/wp\/v2\/media\/215"}],"wp:attachment":[{"href":"https:\/\/servcrmpro.online\/de\/wp-json\/wp\/v2\/media?parent=4365"}],"wp:term":[{"taxonomy":"product_brand","embeddable":true,"href":"https:\/\/servcrmpro.online\/de\/wp-json\/wp\/v2\/product_brand?post=4365"},{"taxonomy":"product_cat","embeddable":true,"href":"https:\/\/servcrmpro.online\/de\/wp-json\/wp\/v2\/product_cat?post=4365"},{"taxonomy":"product_tag","embeddable":true,"href":"https:\/\/servcrmpro.online\/de\/wp-json\/wp\/v2\/product_tag?post=4365"}],"curies":[{"name":"wp","href":"https:\/\/api.w.org\/{rel}","templated":true}]}}