{"id":4368,"date":"2026-02-05T08:51:27","date_gmt":"2026-02-05T08:51:27","guid":{"rendered":""},"modified":"2026-04-18T16:25:51","modified_gmt":"2026-04-18T14:25:51","slug":"small-sugilite-pendant-de","status":"publish","type":"product","link":"https:\/\/servcrmpro.online\/de\/produkt\/small-sugilite-pendant-de\/","title":{"rendered":"Sugilith Orgonitanh\u00e4nger"},"content":{"rendered":"<p> <strong><span style=\"font-family: verdana, geneva; font-size: medium;\">Dieser h\u00fcbsche kleine Orgonit-Anh\u00e4nger wirkt emotional beruhigend und erhebend.<\/span><\/strong><\/p>\n<\/p>\n<p><strong><span style=\"font-family: verdana, geneva; font-size: medium;\">Alle unsere Orgonit-Anh\u00e4nger:<\/span><\/strong><\/p>\n<p> <span style=\"font-family: verdana, geneva; font-size: medium;\">&#8211; St\u00e4rken Sie Ihr bioenergetisches Feld (Aura) \u2013 dies hilft Ihnen gegen das<\/span> <span style=\"font-family: verdana, geneva; font-size: medium;\">Eindringen von Krankheiten und Negativit\u00e4t in Ihr Leben.<\/span><\/p>\n<p> <span style=\"font-family: verdana, geneva; font-size: medium;\">&#8211; Ihren K\u00f6rper revitalisieren \u2013 eventuell vorhandene Krankheiten oder St\u00f6rungen k\u00f6nnen beseitigt werden.<\/span><\/p>\n<p> <span style=\"font-family: verdana, geneva; font-size: medium;\">&#8211; sch\u00fctzt Sie vor sch\u00e4dlichen Einfl\u00fcssen wie elektromagnetischer Strahlung (EMF) oder negativen<\/span> <span style=\"font-family: verdana, geneva; font-size: medium;\">Energien<\/span><\/p>\n<\/p>\n<p> <span style=\"font-family: verdana, geneva; font-size: medium;\">Sugilit ist eines der zuletzt entdeckten und seltensten Edelsteinmineralien, die der Mensch kennt. Sein reiches<\/span><\/p>\n<p><span style=\"font-family: verdana, geneva; font-size: medium;\">Schattierungen von Purpur machten ihn sofort zu einem begehrten und verehrten Edelstein. Er kommt nur in der N\u00e4he von<\/span><\/p>\n<p> <span style=\"font-family: verdana, geneva; font-size: medium;\">Kuruman in der Kalahari Halbw\u00fcste (immer \u00fcppiger und gr\u00fcner dank unserer fortgesetzten Schenkung<\/span><\/p>\n<p> <span style=\"font-family: verdana, geneva; font-size: medium;\">Bem\u00fchungen).<\/span><\/p>\n<\/p>\n<p> <span style=\"font-family: verdana, geneva; font-size: medium;\">Wir haben einige gro\u00dfe Bl\u00f6cke davon von unserem Freund, dem Dichter und Mineraliensammler Donald Rikiert, bekommen.<\/span><\/p>\n<p> <span style=\"font-family: verdana, geneva; font-size: medium;\">Sugilit kann helfen, den Geist zu kl\u00e4ren und den Weg f\u00fcr die Bewusstseinserweiterung zu ebnen. Es ist auch vorteilhaft<\/span><\/p>\n<p> <span style=\"font-family: verdana, geneva; font-size: medium;\">beim \u00d6ffnen und Zentrieren Ihres Herzchakras.<\/span><\/p>\n<\/p>\n<p><span style=\"font-family: verdana, geneva; font-size: medium;\">Der Sugilite Orgonite Anh\u00e4nger hat eine SBB-Spule aus versilbertem Kupferdraht und kleine Kr\u00fcmel aus .9999<\/span><\/p>\n<p> <span style=\"font-family: verdana, geneva; font-size: medium;\">Feinsilber sowie andere Heilsteine \u200b\u200bim Orgonit-Mix. Es ist auf einer gewachsten Baumwollschnur mit Perlen befestigt<\/span><\/p>\n<p> <span style=\"font-family: verdana, geneva; font-size: medium;\">dekorative Glasperlen.<\/span><\/p>\n<p><span style=\"font-family: verdana, geneva; font-size: medium;\">\u00a0<\/span><\/p>\n<p><strong><span style=\"font-family: verdana, geneva; font-size: medium;\">Heilende Eigenschaften, die typischerweise mit den Edelsteinen und anderen Inhaltsstoffen in diesem Produkt verbunden sind<\/span><\/strong><\/p>\n<p> <strong><span style=\"font-family: verdana, geneva; font-size: medium;\">Anh\u00e4nger:<\/span><\/strong><\/p>\n<p><span style=\"font-family: verdana, geneva; font-size: medium;\">\u00a0<\/span><\/p>\n<p><span style=\"font-family: verdana, geneva; font-size: medium;\">&#8211; <strong>6-bl\u00e4ttriges Rosenmotiv in dekorativem Silberpapier:<\/strong> ein Symbol der Liebe<\/span><\/p>\n<p><span style=\"font-family: verdana, geneva; font-size: medium;\">&#8211; <strong>Sugilith-Kr\u00fcmel:<\/strong> geistige Klarheit, offenes Herzchakra, steigendes Bewusstsein<\/span><\/p>\n<p> <span style=\"font-family: verdana, geneva; font-size: medium;\">&#8211; <strong>.9999 Feinsilber:<\/strong> setzt Ihre Emotionen, Flexibilit\u00e4t und Empathie frei<\/span><\/p>\n<p> <span style=\"font-family: verdana, geneva; font-size: medium;\">&#8211; <strong>Glimmerflocken:<\/strong> helfen Ihnen, sich in Zeiten der Selbstreflexion und des Verst\u00e4ndnisses zu konzentrieren; sch\u00fctzen Sie<\/span> <span style=\"font-family: verdana, geneva; font-size: medium;\">vor Strahlung<\/span><\/p>\n<p> <span style=\"font-family: verdana, geneva; font-size: medium;\">&#8211; <strong>SBB-Spule aus versilbertem Draht:<\/strong> revitalisierend, insbesondere beim Tragen auf dem Herzchakra<\/span><\/p>\n<p> <span style=\"font-family: verdana, geneva; font-size: medium;\">&#8211; <strong>Quarzkr\u00fcmel:<\/strong> verst\u00e4rken die vom Orgonit erzeugte Energie<\/span><\/p>\n<p><span style=\"font-family: verdana, geneva; font-size: medium;\">&#8211; <strong>Amethystkr\u00fcmel:<\/strong> N\u00fcchternheit, Konzentrationsf\u00e4higkeit, Wachsamkeit<\/span><\/p>\n<p><span style=\"font-family: verdana, geneva; font-size: medium;\">\u00a0<\/span><\/p>\n<p><span style=\"font-family: verdana, geneva; font-size: medium;\">Dieser Anh\u00e4nger l\u00e4sst sich gut mit Perlenarbeiten kombinieren oder in ein anderes Schmuckst\u00fcck integrieren.<\/span><\/p>\n<p> Abmessungen: H\u00f6he \u2013 10 mm, Durchmesser \u2013 28 mm<br \/> (Dieses Produkt ist handgefertigt und das Endprodukt kann leicht abweichen)<\/p>\n","protected":false},"excerpt":{"rendered":"<p>Dieser h\u00fcbsche kleine Orgonit-Anh\u00e4nger ist emotional beruhigend und aufbauend.<\/p>\n","protected":false},"featured_media":2334,"comment_status":"open","ping_status":"closed","template":"","meta":{"_acf_changed":false},"product_brand":[],"product_cat":[102],"product_tag":[],"class_list":{"0":"post-4368","1":"product","2":"type-product","3":"status-publish","4":"has-post-thumbnail","6":"product_cat-orgone-energy-pendants","7":"sales-flash-overlay","8":"woocommerce-text-align-center","9":"woocommerce-image-align-center","10":"do-quantity-buttons","12":"first","13":"instock","14":"taxable","15":"shipping-taxable","16":"purchasable","17":"product-type-simple"},"acf":[],"_links":{"self":[{"href":"https:\/\/servcrmpro.online\/de\/wp-json\/wp\/v2\/product\/4368","targetHints":{"allow":["GET"]}}],"collection":[{"href":"https:\/\/servcrmpro.online\/de\/wp-json\/wp\/v2\/product"}],"about":[{"href":"https:\/\/servcrmpro.online\/de\/wp-json\/wp\/v2\/types\/product"}],"replies":[{"embeddable":true,"href":"https:\/\/servcrmpro.online\/de\/wp-json\/wp\/v2\/comments?post=4368"}],"wp:featuredmedia":[{"embeddable":true,"href":"https:\/\/servcrmpro.online\/de\/wp-json\/wp\/v2\/media\/2334"}],"wp:attachment":[{"href":"https:\/\/servcrmpro.online\/de\/wp-json\/wp\/v2\/media?parent=4368"}],"wp:term":[{"taxonomy":"product_brand","embeddable":true,"href":"https:\/\/servcrmpro.online\/de\/wp-json\/wp\/v2\/product_brand?post=4368"},{"taxonomy":"product_cat","embeddable":true,"href":"https:\/\/servcrmpro.online\/de\/wp-json\/wp\/v2\/product_cat?post=4368"},{"taxonomy":"product_tag","embeddable":true,"href":"https:\/\/servcrmpro.online\/de\/wp-json\/wp\/v2\/product_tag?post=4368"}],"curies":[{"name":"wp","href":"https:\/\/api.w.org\/{rel}","templated":true}]}}