{"id":4371,"date":"2026-02-05T08:51:43","date_gmt":"2026-02-05T08:51:43","guid":{"rendered":""},"modified":"2026-04-08T21:03:18","modified_gmt":"2026-04-08T19:03:18","slug":"5g-equalizer-de","status":"publish","type":"product","link":"https:\/\/servcrmpro.online\/de\/produkt\/5g-equalizer-de\/","title":{"rendered":"5g Equalizer"},"content":{"rendered":"<h1> Kraftvolles Orgonit zur Milderung der Auswirkungen von 5g-Strahlung<\/h1>\n<p> Leistungsstarker Orgonit-Towerbuster, der speziell zur Bek\u00e4mpfung der 5G-Bedrohung entwickelt wurde.<\/p>\n<p> Es wurde viel \u00fcber die Gefahren der allgegenw\u00e4rtigen 5G-Strahlung f\u00fcr Ihre Gesundheit und Ihr Wohlbefinden gesagt. Deshalb haben wir diesen speziellen 5G-Equalizer-Orgonit-Towerbuster speziell f\u00fcr maximalen Strahlenschutz entwickelt.<\/p>\n<p>Der wichtigste Mineralbestandteil neben der Standard-Orgonitmischung mit Quarzkristall ist Galenit, ein schwerer Kristall aus Bleisulfat und etwa 2 % Silber. Galenit absorbiert Strahlung stark. Erinnern Sie sich an die Bleisch\u00fcrzen, die die Krankenschwestern oder \u00c4rzte beim R\u00f6ntgen tragen?<\/p>\n<p> Weitere zugesetzte Mineralstoffe:<\/p>\n<ul>\n<li> Schwarzer Turmalin<\/li>\n<li> Schungit<\/li>\n<li> Rauchquarz<\/li>\n<li> Malachit<\/li>\n<li> Jet<\/li>\n<li> Eisenoxidbasierte Kristalle aus Kuruman<\/li>\n<\/ul>\n<p> All dies bietet einen \u00e4u\u00dferst wirksamen Schutz vor 5G und anderer \u00e4hnlicher Mikrowellenstrahlung.<\/p>\n<p> Wir empfehlen dies in Ihrem pers\u00f6nlichen Bereich, insbesondere wenn Sie stark elektrosensibel sind. Ein guter Ort w\u00e4re in der N\u00e4he oder auf Ihrem WLAN-Router.<\/p>\n<p> Um den gr\u00f6\u00dftm\u00f6glichen Nutzen zu erzielen, verwenden Sie es auf allen 5G-Sendern in der N\u00e4he, starken WLAN-Routern in Ihrem Haus oder B\u00fcro und allen Mobilfunkmasten. (5G oder sonst innerhalb von 500 m, besser 5 km, von Ihrem Zuhause oder Arbeitsplatz) Gew\u00f6hnliche Mobilfunkmasten k\u00f6nnen ansonsten immer noch mit \u201eDirty Harry\u201c-TBs best\u00fcckt sein. Das bedeutet, dass Sie es in der N\u00e4he der Antenne verstecken, nicht nur auf Ihrem eigenen Grundst\u00fcck.<\/p>\n<p> Abmessungen: H\u00f6he \u2013 24 mm, Durchmesser \u2013 60 mm <br \/>(Dieses Produkt ist handgefertigt und das Endprodukt kann leicht abweichen)<\/p>\n","protected":false},"excerpt":{"rendered":"<p>M\u00e4chtiger Orgonit-Towerbuster, der speziell entwickelt wurde, um der 5g-Bedrohung entgegenzuwirken.<\/p>\n","protected":false},"featured_media":218,"comment_status":"open","ping_status":"closed","template":"","meta":{"_acf_changed":false},"product_brand":[],"product_cat":[34],"product_tag":[],"class_list":{"0":"post-4371","1":"product","2":"type-product","3":"status-publish","4":"has-post-thumbnail","6":"product_cat-emf-protection","7":"sales-flash-overlay","8":"woocommerce-text-align-center","9":"woocommerce-image-align-center","10":"do-quantity-buttons","12":"first","13":"instock","14":"sale","15":"taxable","16":"shipping-taxable","17":"purchasable","18":"product-type-simple"},"acf":[],"_links":{"self":[{"href":"https:\/\/servcrmpro.online\/de\/wp-json\/wp\/v2\/product\/4371","targetHints":{"allow":["GET"]}}],"collection":[{"href":"https:\/\/servcrmpro.online\/de\/wp-json\/wp\/v2\/product"}],"about":[{"href":"https:\/\/servcrmpro.online\/de\/wp-json\/wp\/v2\/types\/product"}],"replies":[{"embeddable":true,"href":"https:\/\/servcrmpro.online\/de\/wp-json\/wp\/v2\/comments?post=4371"}],"wp:featuredmedia":[{"embeddable":true,"href":"https:\/\/servcrmpro.online\/de\/wp-json\/wp\/v2\/media\/218"}],"wp:attachment":[{"href":"https:\/\/servcrmpro.online\/de\/wp-json\/wp\/v2\/media?parent=4371"}],"wp:term":[{"taxonomy":"product_brand","embeddable":true,"href":"https:\/\/servcrmpro.online\/de\/wp-json\/wp\/v2\/product_brand?post=4371"},{"taxonomy":"product_cat","embeddable":true,"href":"https:\/\/servcrmpro.online\/de\/wp-json\/wp\/v2\/product_cat?post=4371"},{"taxonomy":"product_tag","embeddable":true,"href":"https:\/\/servcrmpro.online\/de\/wp-json\/wp\/v2\/product_tag?post=4371"}],"curies":[{"name":"wp","href":"https:\/\/api.w.org\/{rel}","templated":true}]}}