{"id":4377,"date":"2026-02-05T08:52:33","date_gmt":"2026-02-05T08:52:33","guid":{"rendered":""},"modified":"2026-04-06T07:31:50","modified_gmt":"2026-04-06T05:31:50","slug":"the-mockingjay-large-pendant-de","status":"publish","type":"product","link":"https:\/\/servcrmpro.online\/de\/produkt\/the-mockingjay-large-pendant-de\/","title":{"rendered":"Mockingjay-Orgonanh\u00e4nger"},"content":{"rendered":"<h2> Zutaten:<\/h2>\n<p> Orgonit-Mix mit feinen Kupfersp\u00e4nen (R\u00fcckseite Aluminium)<\/p>\n<div> Mischung aus folgenden Edelsteinen in kleinen Kr\u00fcmeln, die Mut, innere St\u00e4rke, Entschlossenheit und Schutz vor \u00e4u\u00dferen Einfl\u00fcssen f\u00f6rdern:<\/div>\n<div><\/div>\n<div>\n<ul class=\"MailOutline\">\n<li> Roter Aventurin<\/li>\n<li> Bustamid<\/li>\n<li>Hematit<\/li>\n<li> Amethyst<\/li>\n<li> Chrysopas<\/li>\n<li> Kyanit<\/li>\n<li> Sugilit<\/li>\n<\/ul>\n<\/div>\n<p> Abmessungen: Dicke \u2013 10 mm, Durchmesser \u2013 50 mm<br \/> (Dieses Produkt ist handgefertigt und das Endprodukt kann leicht abweichen)<\/p>\n","protected":false},"excerpt":{"rendered":"<p>Orgonitmischung mit feinen Kupfersp\u00e4nen (Aluminium auf der R\u00fcckseite)<\/p>\n","protected":false},"featured_media":223,"comment_status":"open","ping_status":"closed","template":"","meta":{"_acf_changed":false},"product_brand":[],"product_cat":[102],"product_tag":[],"class_list":{"0":"post-4377","1":"product","2":"type-product","3":"status-publish","4":"has-post-thumbnail","6":"product_cat-orgone-energy-pendants","7":"sales-flash-overlay","8":"woocommerce-text-align-center","9":"woocommerce-image-align-center","10":"do-quantity-buttons","12":"first","13":"instock","14":"taxable","15":"shipping-taxable","16":"purchasable","17":"product-type-simple"},"acf":[],"_links":{"self":[{"href":"https:\/\/servcrmpro.online\/de\/wp-json\/wp\/v2\/product\/4377","targetHints":{"allow":["GET"]}}],"collection":[{"href":"https:\/\/servcrmpro.online\/de\/wp-json\/wp\/v2\/product"}],"about":[{"href":"https:\/\/servcrmpro.online\/de\/wp-json\/wp\/v2\/types\/product"}],"replies":[{"embeddable":true,"href":"https:\/\/servcrmpro.online\/de\/wp-json\/wp\/v2\/comments?post=4377"}],"wp:featuredmedia":[{"embeddable":true,"href":"https:\/\/servcrmpro.online\/de\/wp-json\/wp\/v2\/media\/223"}],"wp:attachment":[{"href":"https:\/\/servcrmpro.online\/de\/wp-json\/wp\/v2\/media?parent=4377"}],"wp:term":[{"taxonomy":"product_brand","embeddable":true,"href":"https:\/\/servcrmpro.online\/de\/wp-json\/wp\/v2\/product_brand?post=4377"},{"taxonomy":"product_cat","embeddable":true,"href":"https:\/\/servcrmpro.online\/de\/wp-json\/wp\/v2\/product_cat?post=4377"},{"taxonomy":"product_tag","embeddable":true,"href":"https:\/\/servcrmpro.online\/de\/wp-json\/wp\/v2\/product_tag?post=4377"}],"curies":[{"name":"wp","href":"https:\/\/api.w.org\/{rel}","templated":true}]}}