{"id":4380,"date":"2026-02-05T08:53:05","date_gmt":"2026-02-05T08:53:05","guid":{"rendered":""},"modified":"2026-04-06T07:31:50","modified_gmt":"2026-04-06T05:31:50","slug":"orgonite-pendant-silver-heart-selenite-de","status":"publish","type":"product","link":"https:\/\/servcrmpro.online\/de\/produkt\/orgonite-pendant-silver-heart-selenite-de\/","title":{"rendered":"Selenit Silber Herz"},"content":{"rendered":"<h2> <strong>Orgonitkunst Silbernes Herz<\/strong><br \/>\n<\/h2>\n<p> Dieser schlichte, elegante Anh\u00e4nger ist genau das Richtige f\u00fcr diese turbulenten und anstrengenden Zeiten. Selenit f\u00f6rdert die geistige Klarheit. Bleiben Sie ruhig und gelassen und bewahren Sie einen k\u00fchlen Kopf.<\/p>\n<p> Eine reichhaltige Mischung anderer heilender Mineralien verleiht ihm vitale Schwingung. Die Zugabe der biblischen \u00d6le Weihrauch und Myrrhe verleiht ihm eine sehr hohe spirituelle Schwingung.<\/p>\n<h3> Zutaten:<\/h3>\n<p> <strong>Vorderseite<\/strong><\/p>\n<ul>\n<li> <strong>Selenit<\/strong>\n<\/li>\n<li> <strong>Kyanit<\/strong>\n<\/li>\n<\/ul>\n<p> <strong>Zur\u00fcck<\/strong><\/p>\n<ul>\n<li> <strong>Orgonitmischung mit Bronzesp\u00e4nen<\/strong>\n<\/li>\n<li> <strong>Labradorit<\/strong>\n<\/li>\n<li> <strong>Kyanit<\/strong>\n<\/li>\n<li> <strong>Weihrauch<\/strong>\n<\/li>\n<li> <strong>Myrrhe<\/strong>\n<\/li>\n<li> <strong>Rosenquarz<\/strong>\n<\/li>\n<li> <strong>Amethyst<\/strong>\n<\/li>\n<li> <strong>Spuren von Schungit und Selenit<\/strong>\n<\/li>\n<\/ul>\n<p> Abmessungen: Dicke \u2013 10 mm, Durchmesser \u2013 50 mm <br \/>Dieses Produkt ist handgefertigt und jedes sieht etwas anders aus<\/p>\n","protected":false},"excerpt":{"rendered":"<p>Dieses zur\u00fcckhaltende, elegante Anh\u00e4nger ist genau richtig in diesen turbulenten und anstrengenden Zeiten. Selenit f\u00f6rdert geistige Klarheit. Ruhig und gefasst bleiben und einen k\u00fchlen Kopf bewahren.<\/p>\n","protected":false},"featured_media":2333,"comment_status":"open","ping_status":"closed","template":"","meta":{"_acf_changed":false},"product_brand":[],"product_cat":[102],"product_tag":[],"class_list":{"0":"post-4380","1":"product","2":"type-product","3":"status-publish","4":"has-post-thumbnail","6":"product_cat-orgone-energy-pendants","7":"sales-flash-overlay","8":"woocommerce-text-align-center","9":"woocommerce-image-align-center","10":"do-quantity-buttons","12":"first","13":"instock","14":"taxable","15":"shipping-taxable","16":"purchasable","17":"product-type-simple"},"acf":[],"_links":{"self":[{"href":"https:\/\/servcrmpro.online\/de\/wp-json\/wp\/v2\/product\/4380","targetHints":{"allow":["GET"]}}],"collection":[{"href":"https:\/\/servcrmpro.online\/de\/wp-json\/wp\/v2\/product"}],"about":[{"href":"https:\/\/servcrmpro.online\/de\/wp-json\/wp\/v2\/types\/product"}],"replies":[{"embeddable":true,"href":"https:\/\/servcrmpro.online\/de\/wp-json\/wp\/v2\/comments?post=4380"}],"wp:featuredmedia":[{"embeddable":true,"href":"https:\/\/servcrmpro.online\/de\/wp-json\/wp\/v2\/media\/2333"}],"wp:attachment":[{"href":"https:\/\/servcrmpro.online\/de\/wp-json\/wp\/v2\/media?parent=4380"}],"wp:term":[{"taxonomy":"product_brand","embeddable":true,"href":"https:\/\/servcrmpro.online\/de\/wp-json\/wp\/v2\/product_brand?post=4380"},{"taxonomy":"product_cat","embeddable":true,"href":"https:\/\/servcrmpro.online\/de\/wp-json\/wp\/v2\/product_cat?post=4380"},{"taxonomy":"product_tag","embeddable":true,"href":"https:\/\/servcrmpro.online\/de\/wp-json\/wp\/v2\/product_tag?post=4380"}],"curies":[{"name":"wp","href":"https:\/\/api.w.org\/{rel}","templated":true}]}}