{"id":4383,"date":"2026-02-05T08:53:21","date_gmt":"2026-02-05T08:53:21","guid":{"rendered":""},"modified":"2026-04-12T11:44:34","modified_gmt":"2026-04-12T09:44:34","slug":"muti-hhg-de","status":"publish","type":"product","link":"https:\/\/servcrmpro.online\/de\/produkt\/muti-hhg-de\/","title":{"rendered":"Muti-HHG"},"content":{"rendered":"<p><span style=\"font-family: verdana, geneva; font-size: medium;\"><strong>EIN ST\u00dcCK AFRIKA F\u00dcR IHR ZUHAUSE \u2013 Schutz vor EMF, psychischen Angriffen und anderen negativen Energien.<\/strong><\/span><\/p>\n<p> <span style=\"font-family: verdana, geneva; font-size: medium;\">Das African Muti HHG hat folgende Zutaten:<\/span><\/p>\n<p><span style=\"font-family: verdana, geneva; font-size: medium;\"><strong>&#8211; 5 Quarzkristalle<\/strong> , oft doppelendig, in der<\/span> <span style=\"font-family: verdana, geneva; font-size: medium;\">\u00fcblichen Anordnung: Verst\u00e4rkt die vitalisierende Wirkung des Orgonits<\/span><\/p>\n<p><strong><span style=\"font-family: verdana, geneva; font-size: medium;\">&#8211; African Herbal Muti von NaDlonge:<\/span><\/strong> <span style=\"font-family: verdana, geneva; font-size: medium;\">Schutz vor schwarzer Magie \/ Hexerei<\/span><\/p>\n<p><strong><span style=\"font-family: verdana, geneva; font-size: medium;\">&#8211; Blattgold:<\/span><\/strong> <span style=\"font-family: verdana, geneva; font-size: medium;\">Sch\u00fctzend, beruhigend und w\u00e4rmend, symbolisiert Vertrauen und Reichtum<\/span><\/p>\n<p><strong><span style=\"font-family: verdana, geneva; font-size: medium;\">&#8211; Schwarzer Turmalin:<\/span><\/strong> <span style=\"font-family: verdana, geneva; font-size: medium;\">Stimuliert den Energiefluss, nat\u00fcrliches Schmerzmittel und Entspannungsmittel, neutralisiert negative Auswirkungen von Strahlung<\/span><\/p>\n<p><span style=\"font-family: verdana, geneva; font-size: medium;\"><strong>&#8211; Zerkleinerter H\u00e4matit:<\/strong> Vitalit\u00e4t, Lebensfreude, Produktion roter Blutk\u00f6rperchen<\/span><\/p>\n<p><span style=\"font-family: verdana, geneva; font-size: medium;\"><strong>&#8211; Kaurimuscheln<\/strong> <strong>:<\/strong> Fr\u00fcher als Zahlungsmittel in Nordwestafrika verwendet, steigern sie Wohlstand und Reichtum auf allen Ebenen<\/span><\/p>\n<p><span style=\"font-family: verdana, geneva; font-size: medium;\">Die Kraft des Muti wird durch die Orgonitmischung verst\u00e4rkt. Das Kr\u00e4uter-Muti soll das allgemeine Wohlbefinden des Tr\u00e4gers f\u00f6rdern und ihn vor psychischen und anderen Angriffen sch\u00fctzen, indem es alle b\u00f6sen Absichten, die sich gegen den Tr\u00e4ger oder Besitzer des Muti richten, mit vervielfachter Kraft an die Quelle zur\u00fcckschickt.<\/span><\/p>\n<p><span style=\"font-family: verdana, geneva; font-size: medium;\">Das Muti ist in ein kleineres, mit Blattgold \u00fcberzogenes Orgonitkreuz eingebettet, um das \u201eAusbluten\u201c \u00e4therischer \u00d6le oder anderer in den Kr\u00e4utersubstanzen des Muti enthaltener Substanzen zu verhindern.<\/span><\/p>\n<p><span style=\"font-family: verdana, geneva; font-size: medium;\">Alle unsere Orgonitpyramiden und HHGs enthalten 5 Quarzkristallspitzen. Diese befinden sich in der Spitze des HHG und in seiner Basis und zeigen in die 4 Himmelsrichtungen. Die nat\u00fcrlichen Spitzen der Kristalle helfen dabei, ein viel st\u00e4rkeres Orgonenergiefeld zu erzeugen, verglichen mit den Quarzsplittern, die wir in unseren Towerbusters oder Anh\u00e4ngern verwenden (die ein diffuseres Energiefeld erzeugen).<\/span><\/p>\n<p><span style=\"font-family: verdana, geneva; font-size: medium;\">Die Pyramiden und HHGs haben daher einen viel st\u00e4rkeren und gezielteren Energiefluss und einen gr\u00f6\u00dferen Wirkungsradius. Hellseher und energieempfindliche Personen beobachten oft einen Energiestrahl, der aus der Spitze der Pyramide oder des HHG austritt \u2013 die meisten Menschen k\u00f6nnen dies sp\u00fcren, indem sie ihre Hand durch die Luft \u00fcber das HHG bewegen, und beschreiben es als warmes oder prickelndes Gef\u00fchl oder einen Druck auf der Handfl\u00e4che.<\/span><\/p>\n<p><span style=\"font-family: verdana, geneva; font-size: medium;\"><a title=\"Orgonit und traditionelles Muti\" href=\"https:\/\/www.orgoniseafrica.com\/orgonite-african-traditional-medicine\" target=\"_blank\" rel=\"noopener\">Lesen Sie <\/a><a href=\"https:\/\/www.orgoniseafrica.com\/orgonite-african-traditional-medicine\" target=\"_blank\" title=\"Orgonit und traditionelles Muti\" rel=\"noopener noreferrer\">hier<\/a><a title=\"Orgonit und traditionelles Muti\" href=\"https:\/\/www.orgoniseafrica.com\/orgonite-african-traditional-medicine\" target=\"_blank\" rel=\"noopener\"> mehr \u00fcber unser Muti und andere Orgonite Muti-Produkte.<\/a><\/span><\/p>\n<p>Abmessungen: H\u00f6he \u2013 110 mm, Durchmesser \u2013 100 mm<br \/> (Dieses Produkt ist handgefertigt und das Endprodukt kann leicht abweichen)<\/p>\n","protected":false},"excerpt":{"rendered":"<p>EIN ST\u00dcCK AFRIKA F\u00dcR DEIN ZUHAUSE \u2013 Schutz vor EMF, psychischen Angriffen und anderen negativen Energien. Der afrikanische Muti HHG enth\u00e4lt folgende Zutaten:<\/p>\n","protected":false},"featured_media":226,"comment_status":"open","ping_status":"closed","template":"","meta":{"_acf_changed":false},"product_brand":[],"product_cat":[37,34,102,20,70],"product_tag":[],"class_list":{"0":"post-4383","1":"product","2":"type-product","3":"status-publish","4":"has-post-thumbnail","6":"product_cat-crystals-materials","7":"product_cat-emf-protection","8":"product_cat-orgone-energy-pendants","9":"product_cat-orgonite-pyramids","10":"product_cat-tactical-orgonite","11":"sales-flash-overlay","12":"woocommerce-text-align-center","13":"woocommerce-image-align-center","14":"do-quantity-buttons","16":"first","17":"instock","18":"taxable","19":"shipping-taxable","20":"purchasable","21":"product-type-simple"},"acf":[],"_links":{"self":[{"href":"https:\/\/servcrmpro.online\/de\/wp-json\/wp\/v2\/product\/4383","targetHints":{"allow":["GET"]}}],"collection":[{"href":"https:\/\/servcrmpro.online\/de\/wp-json\/wp\/v2\/product"}],"about":[{"href":"https:\/\/servcrmpro.online\/de\/wp-json\/wp\/v2\/types\/product"}],"replies":[{"embeddable":true,"href":"https:\/\/servcrmpro.online\/de\/wp-json\/wp\/v2\/comments?post=4383"}],"wp:featuredmedia":[{"embeddable":true,"href":"https:\/\/servcrmpro.online\/de\/wp-json\/wp\/v2\/media\/226"}],"wp:attachment":[{"href":"https:\/\/servcrmpro.online\/de\/wp-json\/wp\/v2\/media?parent=4383"}],"wp:term":[{"taxonomy":"product_brand","embeddable":true,"href":"https:\/\/servcrmpro.online\/de\/wp-json\/wp\/v2\/product_brand?post=4383"},{"taxonomy":"product_cat","embeddable":true,"href":"https:\/\/servcrmpro.online\/de\/wp-json\/wp\/v2\/product_cat?post=4383"},{"taxonomy":"product_tag","embeddable":true,"href":"https:\/\/servcrmpro.online\/de\/wp-json\/wp\/v2\/product_tag?post=4383"}],"curies":[{"name":"wp","href":"https:\/\/api.w.org\/{rel}","templated":true}]}}