{"id":4389,"date":"2026-02-05T08:54:12","date_gmt":"2026-02-05T08:54:12","guid":{"rendered":""},"modified":"2026-04-16T20:22:05","modified_gmt":"2026-04-16T18:22:05","slug":"massive-orgone-starter-de","status":"publish","type":"product","link":"https:\/\/servcrmpro.online\/de\/produkt\/massive-orgone-starter-de\/","title":{"rendered":"Massiver Orgon-Starter"},"content":{"rendered":"<h3>Beginnen Sie Ihr Leben als Orgon-Krieger mit einem Wumms!<\/h3>\n<p>Wenn Sie wirklich mit einem Urknall auf der Ebene der Orgon-Gabe ankommen m\u00f6chten, ist dies das Richtige f\u00fcr Sie!<\/p>\n<p>Ein Standard-Orgonite-Cloud-Buster in voller Gr\u00f6\u00dfe, 100 Towerbuster \u201eDirty Harry\u201c , 10 Orgonite-Erdrohre und 5 Standard-Orgonite-HHG sollten eine mittelgro\u00dfe Stadt definitiv energetisch in Ordnung bringen.<\/p>\n<p>Wie Sie vielleicht wissen, ist f\u00fcr die volle Wirksamkeit eines Cloudbusters&nbsp;die fl\u00e4chenm\u00e4\u00dfige Verteilung von Towerbustern&nbsp;zur wirksamen Neutralisierung von Mobilfunkmasten und anderen wetterver\u00e4ndernden DOR-Strahlern in seiner Umgebung erforderlich.<\/p>\n<p> Orgon-Erdrohre sind speziell daf\u00fcr konzipiert, die Erde mit positiver Energie zu versorgen. Wo immer Sie negative Energielinien sp\u00fcren, unterirdisches Zeug, sei es \u00e4therisch oder Teil der geheimen NWO-Infrastruktur: Dort h\u00e4mmern Sie sie ein.<\/p>\n<p>HHGs sind leistungsstarke Orgongeneratoren und k\u00f6nnen zur Orgonisierung Ihres Hauses und Gartens oder zur Neutralisierung wirklich starker Quellen negativer Energien wie besonders massiver Antennenanlagen verwendet werden.<\/p>\n<p> Folgen Sie den Geschenkberichten zu Etheric Warriors oder lesen Sie Dons <a http:=\"\">Geschenkkompendium<\/a> hier auf dieser Site, um weitere Hinweise zu erhalten, wie Sie diese positive \u201eFeuerkraft\u201c in Ihrem Teil der Welt einsetzen k\u00f6nnen.<\/p>\n<h4>Ihr Leben wird nie wieder dasselbe sein!<\/h4>\n<h3>Was es noch hei\u00dfer macht:<\/h3>\n<p>In diesem Orgonitpaket sparen Sie 15% gegen\u00fcber dem Einzelkauf der Artikel, wobei die Artikel ggf. bereits zu Staffelpreisen kalkuliert sind.<\/p>\n<p><span style=\"font-size: 12px;\"><br \/><\/span><\/p>\n","protected":false},"excerpt":{"rendered":"<p>Wenn du wirklich mit einem gro\u00dfen Knall auf die Ebene des Orgone-Geschenks einsteigen m\u00f6chtest, bist du hier genau richtig! Ein vollwertiger Standard Orgonite Cloud Buster, 100 Towerbuster &#8222;Dirty Harry&#8220;, 10 Orgonite Earth Pipes und 5 Standard Orgonite HHG sollten eine mittelgro\u00dfe Stadt auf jeden Fall energetisch versorgen. Wie du vielleicht wei\u00dft, ein&#8230;<\/p>\n","protected":false},"featured_media":2331,"comment_status":"open","ping_status":"closed","template":"","meta":{"_acf_changed":false},"product_brand":[],"product_cat":[48],"product_tag":[],"class_list":{"0":"post-4389","1":"product","2":"type-product","3":"status-publish","4":"has-post-thumbnail","6":"product_cat-bundles-kits","7":"sales-flash-overlay","8":"woocommerce-text-align-center","9":"woocommerce-image-align-center","10":"do-quantity-buttons","12":"first","13":"outofstock","14":"taxable","15":"shipping-taxable","16":"purchasable","17":"product-type-simple"},"acf":[],"_links":{"self":[{"href":"https:\/\/servcrmpro.online\/de\/wp-json\/wp\/v2\/product\/4389","targetHints":{"allow":["GET"]}}],"collection":[{"href":"https:\/\/servcrmpro.online\/de\/wp-json\/wp\/v2\/product"}],"about":[{"href":"https:\/\/servcrmpro.online\/de\/wp-json\/wp\/v2\/types\/product"}],"replies":[{"embeddable":true,"href":"https:\/\/servcrmpro.online\/de\/wp-json\/wp\/v2\/comments?post=4389"}],"wp:featuredmedia":[{"embeddable":true,"href":"https:\/\/servcrmpro.online\/de\/wp-json\/wp\/v2\/media\/2331"}],"wp:attachment":[{"href":"https:\/\/servcrmpro.online\/de\/wp-json\/wp\/v2\/media?parent=4389"}],"wp:term":[{"taxonomy":"product_brand","embeddable":true,"href":"https:\/\/servcrmpro.online\/de\/wp-json\/wp\/v2\/product_brand?post=4389"},{"taxonomy":"product_cat","embeddable":true,"href":"https:\/\/servcrmpro.online\/de\/wp-json\/wp\/v2\/product_cat?post=4389"},{"taxonomy":"product_tag","embeddable":true,"href":"https:\/\/servcrmpro.online\/de\/wp-json\/wp\/v2\/product_tag?post=4389"}],"curies":[{"name":"wp","href":"https:\/\/api.w.org\/{rel}","templated":true}]}}