{"id":4392,"date":"2026-02-05T08:54:30","date_gmt":"2026-02-05T08:54:30","guid":{"rendered":""},"modified":"2026-04-13T23:50:55","modified_gmt":"2026-04-13T21:50:55","slug":"coeur-d-or-orgonite-pendant-de","status":"publish","type":"product","link":"https:\/\/servcrmpro.online\/de\/produkt\/coeur-d-or-orgonite-pendant-de\/","title":{"rendered":"Coeur d&#8217;Or Orgonit"},"content":{"rendered":"<h1> Mitgef\u00fchl, Liebe und Selbstakzeptanz<\/h1>\n<p>Dies ist der Orgonit-Anh\u00e4nger der Liebe in einer einfachen und modischen Art und Weise. \u201eLiebe dich selbst wie deinen N\u00e4chsten\u201c ist die Botschaft dieses wundersch\u00f6nen Orgonit-Anh\u00e4ngers. Wie alle Orgonite sch\u00fctzt er Sie nat\u00fcrlich vor den negativen Auswirkungen der allgegenw\u00e4rtigen EMF-Strahlung, der elektromagnetischen Suppe, die stagnierende Lebensenergie oder DOR verursacht.<\/p>\n<p> <strong>Zutaten:<\/strong><\/p>\n<ul>\n<li> Orgonit-Matrix<\/li>\n<li> Quarz<\/li>\n<li> Roter Aventurin<\/li>\n<li> Rhodonit<\/li>\n<li> Rhodochrosit<\/li>\n<li> Gold Blatt<\/li>\n<\/ul>\n<p> Abmessungen: Dicke \u2013 6 mm, Durchmesser \u2013 35 mm<br \/> (Dieses Produkt ist handgefertigt und das Endprodukt kann leicht abweichen)<\/p>\n","protected":false},"excerpt":{"rendered":"<p>Dies ist der Orgonit-Anh\u00e4nger der Liebe auf einfache und modische Weise. &#8222;Liebe dich selbst, wie du deinen N\u00e4chsten liebst&#8220; ist die Botschaft dieses wundersch\u00f6nen Orgonitanh\u00e4ngers. Wie bei allen Orgonit sch\u00fctzt es dich nat\u00fcrlich vor den negativen Auswirkungen der allgegenw\u00e4rtigen EMF-Strahlung, der elektromagnetischen Suppe&#8230;<\/p>\n","protected":false},"featured_media":231,"comment_status":"open","ping_status":"closed","template":"","meta":{"_acf_changed":false},"product_brand":[],"product_cat":[102,20],"product_tag":[],"class_list":{"0":"post-4392","1":"product","2":"type-product","3":"status-publish","4":"has-post-thumbnail","6":"product_cat-orgone-energy-pendants","7":"product_cat-orgonite-pyramids","8":"sales-flash-overlay","9":"woocommerce-text-align-center","10":"woocommerce-image-align-center","11":"do-quantity-buttons","13":"first","14":"instock","15":"taxable","16":"shipping-taxable","17":"purchasable","18":"product-type-simple"},"acf":[],"_links":{"self":[{"href":"https:\/\/servcrmpro.online\/de\/wp-json\/wp\/v2\/product\/4392","targetHints":{"allow":["GET"]}}],"collection":[{"href":"https:\/\/servcrmpro.online\/de\/wp-json\/wp\/v2\/product"}],"about":[{"href":"https:\/\/servcrmpro.online\/de\/wp-json\/wp\/v2\/types\/product"}],"replies":[{"embeddable":true,"href":"https:\/\/servcrmpro.online\/de\/wp-json\/wp\/v2\/comments?post=4392"}],"wp:featuredmedia":[{"embeddable":true,"href":"https:\/\/servcrmpro.online\/de\/wp-json\/wp\/v2\/media\/231"}],"wp:attachment":[{"href":"https:\/\/servcrmpro.online\/de\/wp-json\/wp\/v2\/media?parent=4392"}],"wp:term":[{"taxonomy":"product_brand","embeddable":true,"href":"https:\/\/servcrmpro.online\/de\/wp-json\/wp\/v2\/product_brand?post=4392"},{"taxonomy":"product_cat","embeddable":true,"href":"https:\/\/servcrmpro.online\/de\/wp-json\/wp\/v2\/product_cat?post=4392"},{"taxonomy":"product_tag","embeddable":true,"href":"https:\/\/servcrmpro.online\/de\/wp-json\/wp\/v2\/product_tag?post=4392"}],"curies":[{"name":"wp","href":"https:\/\/api.w.org\/{rel}","templated":true}]}}