{"id":4398,"date":"2026-02-05T08:55:36","date_gmt":"2026-02-05T08:55:36","guid":{"rendered":""},"modified":"2026-04-06T07:31:51","modified_gmt":"2026-04-06T05:31:51","slug":"angelino-orgonite-de","status":"publish","type":"product","link":"https:\/\/servcrmpro.online\/de\/produkt\/angelino-orgonite-de\/","title":{"rendered":"Angelino Orgonite"},"content":{"rendered":"<h1> Ihr Schutzengel auf dem Weg zum spirituellen Erwachen.<\/h1>\n<p> <strong>Zutaten:<\/strong><\/p>\n<ul>\n<li> Amethyst<\/li>\n<li> Lepidolith<\/li>\n<li> Labradorit<\/li>\n<li> Sugilit<\/li>\n<li> Orgonit<\/li>\n<\/ul>\n<p> Angelino \u00f6ffnet Ihr drittes Auge, st\u00e4rkt Ihre intuitiven Kr\u00e4fte und bietet Ihrer Aura psychischen, mentalen und emotionalen Schutz.<\/p>\n<p> Abmessungen: H\u00f6he \u2013 10 mm, Durchmesser \u2013 34 mm<br \/> (Dieses Produkt ist handgefertigt und das Endprodukt kann leicht abweichen)<\/p><\/p>\n","protected":false},"excerpt":{"rendered":"<p>Angelino wird dein drittes Auge \u00f6ffnen, deine intuitiven Kr\u00e4fte verst\u00e4rken und dir psychischen, mentalen und emotionalen Schutz f\u00fcr deine Aura geben.<\/p>\n","protected":false},"featured_media":234,"comment_status":"open","ping_status":"closed","template":"","meta":{"_acf_changed":false},"product_brand":[],"product_cat":[70],"product_tag":[],"class_list":{"0":"post-4398","1":"product","2":"type-product","3":"status-publish","4":"has-post-thumbnail","6":"product_cat-tactical-orgonite","7":"sales-flash-overlay","8":"woocommerce-text-align-center","9":"woocommerce-image-align-center","10":"do-quantity-buttons","12":"first","13":"instock","14":"taxable","15":"shipping-taxable","16":"purchasable","17":"product-type-simple"},"acf":[],"_links":{"self":[{"href":"https:\/\/servcrmpro.online\/de\/wp-json\/wp\/v2\/product\/4398","targetHints":{"allow":["GET"]}}],"collection":[{"href":"https:\/\/servcrmpro.online\/de\/wp-json\/wp\/v2\/product"}],"about":[{"href":"https:\/\/servcrmpro.online\/de\/wp-json\/wp\/v2\/types\/product"}],"replies":[{"embeddable":true,"href":"https:\/\/servcrmpro.online\/de\/wp-json\/wp\/v2\/comments?post=4398"}],"wp:featuredmedia":[{"embeddable":true,"href":"https:\/\/servcrmpro.online\/de\/wp-json\/wp\/v2\/media\/234"}],"wp:attachment":[{"href":"https:\/\/servcrmpro.online\/de\/wp-json\/wp\/v2\/media?parent=4398"}],"wp:term":[{"taxonomy":"product_brand","embeddable":true,"href":"https:\/\/servcrmpro.online\/de\/wp-json\/wp\/v2\/product_brand?post=4398"},{"taxonomy":"product_cat","embeddable":true,"href":"https:\/\/servcrmpro.online\/de\/wp-json\/wp\/v2\/product_cat?post=4398"},{"taxonomy":"product_tag","embeddable":true,"href":"https:\/\/servcrmpro.online\/de\/wp-json\/wp\/v2\/product_tag?post=4398"}],"curies":[{"name":"wp","href":"https:\/\/api.w.org\/{rel}","templated":true}]}}